{"id":6729,"date":"2026-01-28T12:54:54","date_gmt":"2026-01-28T12:54:54","guid":{"rendered":"https:\/\/pulaboattours-adventures.com\/bewertungen\/"},"modified":"2026-03-06T09:04:48","modified_gmt":"2026-03-06T09:04:48","slug":"bewertungen","status":"publish","type":"page","link":"https:\/\/pulaboattours-adventures.com\/de\/bewertungen\/","title":{"rendered":"Bewertungen"},"content":{"rendered":"<div class=\"wpb-content-wrapper\"><p>[vc_row full_height=&#8220;yes&#8220; columns_placement=&#8220;top&#8220; css=&#8220;.vc_custom_1772439290768{background-position: center !important;background-repeat: no-repeat !important;background-size: cover !important;}&#8220; el_class=&#8220;reviews-hero-img&#8220;][vc_column][vc_raw_html css=&#8220;&#8220;]PCEtLSA9PT09PT09PT09PT09PT09PT09PT09PT09PT09PT09PT09PT09PT09PT09PT09PT09PT09PT09PT08YnI+UEJUIOKAlCBSRVZJRVdTIElOVFJPIChHTE9CQUwtQ09OU0lTVEVOVCBUT1AgU1BBQ0lORyDigJQgRklOQUwpPGJyPkdvYWw6IHNhbWUg4oCcc3RhcnQgaGVpZ2h04oCdIGFjcm9zcyBwYWdlcyAobm8gbW9yZSBvbmUgcGFnZSBoaWdoZXIvbG93ZXIpPGJyPi0gVGlnaHQsIGNvbnNpc3RlbnQgdG9wIHBhZGRpbmcgKG5vdCBoZWF2eSBjbGFtcCk8YnI+LSBLZWVwcyB5b3VyIHR5cG9ncmFwaHkgKyBjYXJkIHN0eWxlPGJyPlBhc3RlIGFzIE9ORSBSYXcgSFRNTCBibG9jayBBQk9WRSBUcnVzdGluZGV4IHdpZGdldDxicj49PT09PT09PT09PT09PT09PT09PT09PT09PT09PT09PT09PT09PT09PT09PT09PT09PT09PT09PT0gLS0+PGJyPjxicj48c2VjdGlvbiBjbGFzcz0icGJ0LXJldmlld3Mtc2VvIiBhcmlhLWxhYmVsPSJQdWxhIEJvYXQgVG91cnMgQmV3ZXJ0dW5nZW4gdm9uIEfDpHN0ZW4iPg0KDQo8c3R5bGU+DQoucGJ0LXJldmlld3Mtc2VvLCAucGJ0LXJldmlld3Mtc2VvICp7Ym94LXNpemluZzpib3JkZXItYm94O30NCi5wYnQtcmV2aWV3cy1zZW97DQogIG1heC13aWR0aDoxMTIwcHg7DQogIG1hcmdpbjowIGF1dG87DQogIHBhZGRpbmc6MjRweCAyMHB4IDEycHg7DQogIGZvbnQtZmFtaWx5OidPcGVuIFNhbnMnLHN5c3RlbS11aSwtYXBwbGUtc3lzdGVtLCJTZWdvZSBVSSIsUm9ib3RvLEFyaWFsLHNhbnMtc2VyaWYhaW1wb3J0YW50Ow0KICBjb2xvcjojMTExOw0KfQ0KDQovKiBUSVRMRSAqLw0KLnBidC1yZXZpZXdzLXNlbyAucGJ0LXRvcHsNCiAgdGV4dC1hbGlnbjpjZW50ZXI7DQogIG1hcmdpbi1ib3R0b206MTZweDsNCn0NCi5wYnQtcmV2aWV3cy1zZW8gLnBidC10b3AgLnBidC1raWNrZXJ7DQogIG1hcmdpbjowIDAgNnB4Ow0KICBmb250LXNpemU6MTJweDsNCiAgbGV0dGVyLXNwYWNpbmc6LjE0ZW07DQogIHRleHQtdHJhbnNmb3JtOnVwcGVyY2FzZTsNCiAgY29sb3I6IzQ0NDQ0NDsNCn0NCi5wYnQtcmV2aWV3cy1zZW8gLnBidC10b3AgaDF7DQogIGZvbnQtZmFtaWx5OidNb250c2VycmF0JyxzYW5zLXNlcmlmIWltcG9ydGFudDsNCiAgZm9udC13ZWlnaHQ6OTAwOw0KICBmb250LXNpemU6Y2xhbXAoMzBweCwzLjJ2dyw0NHB4KTsNCiAgbGluZS1oZWlnaHQ6MS4wODsNCiAgbWFyZ2luOjAgMCA4cHg7DQp9DQoucGJ0LXJldmlld3Mtc2VvIC5wYnQtdG9wIHB7DQogIG1heC13aWR0aDo5MDBweDsNCiAgbWFyZ2luOjAgYXV0bzsNCiAgZm9udC1zaXplOjE2cHg7DQogIGxpbmUtaGVpZ2h0OjEuNjsNCiAgY29sb3I6cmdiYSgxNywxNywxNywuNzIpOw0KfQ0KLnBidC1yZXZpZXdzLXNlbyAucGJ0LXBsYXRmb3Jtc3sNCiAgbWFyZ2luOjZweCBhdXRvIDA7DQogIGZvbnQtc2l6ZToxNHB4Ow0KICBsaW5lLWhlaWdodDoxLjY7DQogIGNvbG9yOnJnYmEoMTcsMTcsMTcsLjYyKTsNCn0NCi5wYnQtcmV2aWV3cy1zZW8gLnBidC1qdW1wew0KICBkaXNwbGF5OmlubGluZS1ibG9jazsNCiAgbWFyZ2luLXRvcDo4cHg7DQogIGZvbnQtc2l6ZToxM3B4Ow0KICBjb2xvcjojMmY1NWZmOw0KICBmb250LXdlaWdodDo2MDA7DQogIHRleHQtZGVjb3JhdGlvbjpub25lOw0KfQ0KLnBidC1yZXZpZXdzLXNlbyAucGJ0LWp1bXA6aG92ZXJ7dGV4dC1kZWNvcmF0aW9uOnVuZGVybGluZTt9DQoNCi8qIENBUkQgQkFTRSAqLw0KLnBidC1yZXZpZXdzLXNlbyAucGJ0LWNhcmR7DQogIG1hcmdpbi10b3A6MTZweDsNCiAgYmFja2dyb3VuZDojZmZmOw0KICBib3JkZXItcmFkaXVzOjYwcHggMCA2MHB4IDA7DQogIGJvcmRlcjoxcHggc29saWQgcmdiYSgxNywxNywxNywuMDgpOw0KICBib3gtc2hhZG93OjAgMThweCA0NHB4IHJnYmEoMTcsMTcsMTcsLjA4KTsNCiAgb3ZlcmZsb3c6aGlkZGVuOw0KfQ0KDQovKiBURVhUIENBUkQgKi8NCi5wYnQtcmV2aWV3cy1zZW8gLnBidC10ZXh0LWNhcmR7cGFkZGluZzoyNnB4O30NCi5wYnQtcmV2aWV3cy1zZW8gLnBidC10ZXh0LWNhcmQgaDJ7DQogIGZvbnQtZmFtaWx5OidNb250c2VycmF0JyxzYW5zLXNlcmlmIWltcG9ydGFudDsNCiAgZm9udC13ZWlnaHQ6OTAwOw0KICBtYXJnaW46MCAwIDEycHg7DQogIGZvbnQtc2l6ZTpjbGFtcCgyMnB4LDIuNHZ3LDMwcHgpOw0KfQ0KLnBidC1yZXZpZXdzLXNlbyAucGJ0LXRleHQtY2FyZCBwew0KICBtYXJnaW46MCAwIDEwcHg7DQogIGZvbnQtc2l6ZToxNXB4Ow0KICBsaW5lLWhlaWdodDoxLjY7DQogIGNvbG9yOnJnYmEoMTcsMTcsMTcsLjc1KTsNCn0NCi5wYnQtcmV2aWV3cy1zZW8gLnBidC10ZXh0LWNhcmQgcDpsYXN0LWNoaWxke21hcmdpbi1ib3R0b206MDt9DQoNCi8qIE1vYmlsZSAqLw0KQG1lZGlhKG1heC13aWR0aDo5MDBweCl7DQogIC5wYnQtcmV2aWV3cy1zZW97IHBhZGRpbmc6MThweCAxNnB4IDhweDsgfQ0KICAucGJ0LXJldmlld3Mtc2VvIC5wYnQtdGV4dC1jYXJkeyBwYWRkaW5nOjIwcHg7IH0NCn0NCjwvc3R5bGU+DQoNCjwhLS0gVElUTEUgLS0+DQo8ZGl2IGNsYXNzPSJwYnQtdG9wIj4NCiAgPHAgY2xhc3M9InBidC1raWNrZXIiPkZhbWlsaWVuYmV0cmllYiBzZWl0IDE5Njcg4oCiIEJvYXQgRXVyb3BhIOKAoiBQdWxhLCBLcm9hdGllbjwvcD4NCg0KICA8aDE+UHVsYSBCb2F0IFRvdXJzIOKAkyBBZHZlbnR1cmVzIEJld2VydHVuZ2VuIOKAlCA0LjUwMCsgR8Okc3RlYmV3ZXJ0dW5nZW48L2gxPg0KDQogIDxwPg0KICAgIFBsYW5lbiBTaWUgZWluZSA8c3Ryb25nPkRlbGZpbiBCb290c3RvdXIgYWIgUHVsYTwvc3Ryb25nPiBvZGVyIGVpbmVuIGVudHNwYW5udGVuIA0KICAgIDxzdHJvbmc+Qm9vdHNhdXNmbHVnIHp1IGRlbiBCcmlqdW5pIEluc2Vsbjwvc3Ryb25nPj8gIA0KICAgIFVudGVuIGZpbmRlbiBTaWUgdmVyaWZpemllcnRlIEfDpHN0ZWJld2VydHVuZ2VuIHZvbiBSZWlzZW5kZW4sIGRpZSB1bnNlcmUNCiAgICBTb25uZW51bnRlcmdhbmdzZmFocnRlbiB1bmQgVGFnZXMtQm9vdHN0b3VyZW4gYW4gQm9yZCBkZXIgQm9hdCBFdXJvcGEgZXJsZWJ0IGhhYmVuLg0KICA8L3A+DQoNCiAgPGRpdiBjbGFzcz0icGJ0LXBsYXRmb3JtcyI+R29vZ2xlIOKAoiBUcmlwQWR2aXNvciDigKIgVmlhdG9yIOKAoiBHZXRZb3VyR3VpZGUg4oCiIEZhY2Vib29rPC9kaXY+DQoNCiAgPGEgY2xhc3M9InBidC1qdW1wIiBocmVmPSIjcmV2aWV3cyI+WnUgZGVuIEJld2VydHVuZ2VuIHNwcmluZ2VuIOKGkzwvYT4NCjwvZGl2Pg0KDQo8IS0tIE9ORSBTRU8gQ0FSRCAtLT4NCjxkaXYgY2xhc3M9InBidC1jYXJkIHBidC10ZXh0LWNhcmQiPg0KICA8aDI+RWNodGUgR8Okc3RlZXJmYWhydW5nZW4g4oCUIHdhcyBTaWUgYXVmIHVuc2VyZW4gQm9vdHN0b3VyZW4gZXJ3YXJ0ZXQ8L2gyPg0KDQogIDxwPg0KICAgIFdlbm4gU2llIHZlcnNjaGllZGVuZSA8c3Ryb25nPkJvb3RzdG91cmVuIGluIFB1bGE8L3N0cm9uZz4gdmVyZ2xlaWNoZW4sIHNpbmQgQmV3ZXJ0dW5nZW4NCiAgICBkZXIgc2NobmVsbHN0ZSBXZWcsIHVtIHp1IHNlaGVuLCB3aWUgc2ljaCBlaW4gQXVzZmx1ZyB3aXJrbGljaCBhbmbDvGhsdC4NCiAgICBHw6RzdGUgZXJ3w6RobmVuIGJlc29uZGVycyBvZnQgZGllIGVudHNwYW5udGUgQXRtb3NwaMOkcmUgYW4gQm9yZCwNCiAgICBkaWUga2xhcmUgS29tbXVuaWthdGlvbiB1bmQgZGllIGJlZWluZHJ1Y2tlbmRlIExhbmRzY2hhZnQgcnVuZCB1bSBkaWUNCiAgICA8c3Ryb25nPkJyaWp1bmkgSW5zZWxuPC9zdHJvbmc+Lg0KICA8L3A+DQoNCiAgPHA+DQogICAgVW5zZXJlIHp3ZWkgYmVsaWVidGVzdGVuIEVybGVibmlzc2Ugc2luZCBlaW5lIA0KICAgIDxzdHJvbmc+My1zdMO8bmRpZ2UgRGVsZmluIEJvb3RzdG91ciBtaXQgU29ubmVudW50ZXJnYW5nPC9zdHJvbmc+DQogICAgc293aWUgZWluZSA8c3Ryb25nPjUtc3TDvG5kaWdlIEJyaWp1bmkgUGFub3JhbWEgQm9vdHN0b3VyPC9zdHJvbmc+DQogICAgbWl0IHd1bmRlcnNjaMO2bmVuIEF1c2JsaWNrZW4gdW5kIHNhaXNvbmFsZXIgQmFkZXBhdXNlLg0KICAgIEJlaWRlIFRvdXJlbiBzaW5kIGF1ZiBLb21mb3J0IGF1c2dlbGVndCDigJQgb2huZSDDvGJlcmbDvGxsdGUgQm9vdGUgdW5kIG9obmUgaGVrdGlzY2hlIFplaXRwbMOkbmUuDQogIDwvcD4NCg0KICA8cD4NCiAgICBMZXNlbiBTaWUgdW50ZW4gZGllIEJld2VydHVuZ2VuIChnZXNhbW1lbHQgYXVzIHVuc2VyZW4gw7ZmZmVudGxpY2hlbiBQcm9maWxlbiBhdWYgZGVuIHdpY2h0aWdzdGVuIFJlaXNlcGxhdHRmb3JtZW4pDQogICAgdW5kIGJ1Y2hlbiBTaWUgSWhyZSA8c3Ryb25nPkJvb3RzdG91ciBhYiBQdWxhPC9zdHJvbmc+IG1pdCBndXRlbSBHZWbDvGhsLg0KICA8L3A+DQo8L2Rpdj4NCg0KPC9zZWN0aW9uPjxicj48YnI+PCEtLSBBbmNob3IgdGFyZ2V0IGZvciBUcnVzdGluZGV4IGJlbG93IC0tPjxicj48ZGl2IGlkPSJyZXZpZXdzIiBzdHlsZT0icG9zaXRpb246cmVsYXRpdmU7IHRvcDotMTBweDsiPjwvZGl2Pg==[\/vc_raw_html][\/vc_column][\/vc_row][vc_row full_height=&#8220;yes&#8220; columns_placement=&#8220;top&#8220;][vc_column][vc_raw_html css=&#8220;&#8220;]PHNjcmlwdCBkZWZlciBhc3luYyBzcmM9J2h0dHBzOi8vY2RuLnRydXN0aW5kZXguaW8vbG9hZGVyLmpzPzJkZTMyZGQ2M2M0ZDM2MGU0NDA2NGJiMjhmZCc+PC9zY3JpcHQ+[\/vc_raw_html][vc_row_inner][vc_column_inner][vc_empty_space][vc_empty_space][vc_media_grid element_width=&#8220;2&#8243; gap=&#8220;0&#8243; css=&#8220;&#8220; grid_id=&#8220;vc_gid:1772439054679-d9dcaee450bd80e77e2583c0f50a4b60-8&#8243; include=&#8220;4751,4748,4745,4703,4688,4706&#8243;][\/vc_column_inner][\/vc_row_inner][\/vc_column][\/vc_row][vc_row][vc_column][vc_raw_html css=&#8220;&#8220;]PHNjcmlwdCB0eXBlPSJhcHBsaWNhdGlvbi9sZCtqc29uIj4NCnsNCiAgIkBjb250ZXh0IjoiaHR0cHM6Ly9zY2hlbWEub3JnIiwNCiAgIkB0eXBlIjoiV2ViUGFnZSIsDQogICJAaWQiOiJodHRwczovL3B1bGFib2F0dG91cnMtYWR2ZW50dXJlcy5jb20vZGUvYmV3ZXJ0dW5nZW4vI3dlYnBhZ2UiLA0KICAidXJsIjoiaHR0cHM6Ly9wdWxhYm9hdHRvdXJzLWFkdmVudHVyZXMuY29tL2RlL2Jld2VydHVuZ2VuLyIsDQogICJuYW1lIjoiR8Okc3RlYmV3ZXJ0dW5nZW4g4oCUIFB1bGEgQm9hdCBUb3VycyDigJMgQWR2ZW50dXJlcyIsDQogICJkZXNjcmlwdGlvbiI6IkVjaHRlIEfDpHN0ZWJld2VydHVuZ2VuIHVuZCBFcmZhaHJ1bmdlbiBmw7xyIEJvb3RzdG91cmVuIGFiIFB1bGEgbWl0IFB1bGEgQm9hdCBUb3VycyDigJMgQWR2ZW50dXJlcyAoQm9hdCBFdXJvcGEpLiIsDQogICJpbkxhbmd1YWdlIjoiZGUiLA0KICAiaXNQYXJ0T2YiOnsiQGlkIjoiaHR0cHM6Ly9wdWxhYm9hdHRvdXJzLWFkdmVudHVyZXMuY29tLyN3ZWJzaXRlIn0sDQogICJhYm91dCI6eyJAaWQiOiJodHRwczovL3B1bGFib2F0dG91cnMtYWR2ZW50dXJlcy5jb20vI2J1c2luZXNzIn0NCn0NCjwvc2NyaXB0Pg==[\/vc_raw_html][\/vc_column][\/vc_row]<\/p>\n<\/div>","protected":false},"excerpt":{"rendered":"<p>[vc_row full_height=&#8220;yes&#8220; columns_placement=&#8220;top&#8220; css=&#8220;.vc_custom_1772439290768{background-position: center !important;background-repeat: no-repeat !important;background-size: cover !important;}&#8220; el_class=&#8220;reviews-hero-img&#8220;][vc_column][vc_raw_html css=&#8220;&#8220;]PCEtLSA9PT09PT09PT09PT09PT09PT09PT09PT09PT09PT09PT09PT09PT09PT09PT09PT09PT09PT09PT08YnI+UEJUIOKAlCBSRVZJRVdTIElOVFJPIChHTE9CQUwtQ09OU0lTVEVOVCBUT1AgU1BBQ0lORyDigJQgRklOQUwpPGJyPkdvYWw6IHNhbWUg4oCcc3RhcnQgaGVpZ2h04oCdIGFjcm9zcyBwYWdlcyAobm8gbW9yZSBvbmUgcGFnZSBoaWdoZXIvbG93ZXIpPGJyPi0gVGlnaHQsIGNvbnNpc3RlbnQgdG9wIHBhZGRpbmcgKG5vdCBoZWF2eSBjbGFtcCk8YnI+LSBLZWVwcyB5b3VyIHR5cG9ncmFwaHkgKyBjYXJkIHN0eWxlPGJyPlBhc3RlIGFzIE9ORSBSYXcgSFRNTCBibG9jayBBQk9WRSBUcnVzdGluZGV4IHdpZGdldDxicj49PT09PT09PT09PT09PT09PT09PT09PT09PT09PT09PT09PT09PT09PT09PT09PT09PT09PT09PT0gLS0+PGJyPjxicj48c2VjdGlvbiBjbGFzcz0icGJ0LXJldmlld3Mtc2VvIiBhcmlhLWxhYmVsPSJQdWxhIEJvYXQgVG91cnMgQmV3ZXJ0dW5nZW4gdm9uIEfDpHN0ZW4iPg0KDQo8c3R5bGU+DQoucGJ0LXJldmlld3Mtc2VvLCAucGJ0LXJldmlld3Mtc2VvICp7Ym94LXNpemluZzpib3JkZXItYm94O30NCi5wYnQtcmV2aWV3cy1zZW97DQogIG1heC13aWR0aDoxMTIwcHg7DQogIG1hcmdpbjowIGF1dG87DQogIHBhZGRpbmc6MjRweCAyMHB4IDEycHg7DQogIGZvbnQtZmFtaWx5OidPcGVuIFNhbnMnLHN5c3RlbS11aSwtYXBwbGUtc3lzdGVtLCJTZWdvZSBVSSIsUm9ib3RvLEFyaWFsLHNhbnMtc2VyaWYhaW1wb3J0YW50Ow0KICBjb2xvcjojMTExOw0KfQ0KDQovKiBUSVRMRSAqLw0KLnBidC1yZXZpZXdzLXNlbyAucGJ0LXRvcHsNCiAgdGV4dC1hbGlnbjpjZW50ZXI7DQogIG1hcmdpbi1ib3R0b206MTZweDsNCn0NCi5wYnQtcmV2aWV3cy1zZW8gLnBidC10b3AgLnBidC1raWNrZXJ7DQogIG1hcmdpbjowIDAgNnB4Ow0KICBmb250LXNpemU6MTJweDsNCiAgbGV0dGVyLXNwYWNpbmc6LjE0ZW07DQogIHRleHQtdHJhbnNmb3JtOnVwcGVyY2FzZTsNCiAgY29sb3I6IzQ0NDQ0NDsNCn0NCi5wYnQtcmV2aWV3cy1zZW8gLnBidC10b3AgaDF7DQogIGZvbnQtZmFtaWx5OidNb250c2VycmF0JyxzYW5zLXNlcmlmIWltcG9ydGFudDsNCiAgZm9udC13ZWlnaHQ6OTAwOw0KICBmb250LXNpemU6Y2xhbXAoMzBweCwzLjJ2dyw0NHB4KTsNCiAgbGluZS1oZWlnaHQ6MS4wODsNCiAgbWFyZ2luOjAgMCA4cHg7DQp9DQoucGJ0LXJldmlld3Mtc2VvIC5wYnQtdG9wIHB7DQogIG1heC13aWR0aDo5MDBweDsNCiAgbWFyZ2luOjAgYXV0bzsNCiAgZm9udC1zaXplOjE2cHg7DQogIGxpbmUtaGVpZ2h0OjEuNjsNCiAgY29sb3I6cmdiYSgxNywxNywxNywuNzIpOw0KfQ0KLnBidC1yZXZpZXdzLXNlbyAucGJ0LXBsYXRmb3Jtc3sNCiAgbWFyZ2luOjZweCBhdXRvIDA7DQogIGZvbnQtc2l6ZToxNHB4Ow0KICBsaW5lLWhlaWdodDoxLjY7DQogIGNvbG9yOnJnYmEoMTcsMTcsMTcsLjYyKTsNCn0NCi5wYnQtcmV2aWV3cy1zZW8gLnBidC1qdW1wew0KICBkaXNwbGF5OmlubGluZS1ibG9jazsNCiAgbWFyZ2luLXRvcDo4cHg7DQogIGZvbnQtc2l6ZToxM3B4Ow0KICBjb2xvcjojMmY1NWZmOw0KICBmb250LXdlaWdodDo2MDA7DQogIHRleHQtZGVjb3JhdGlvbjpub25lOw0KfQ0KLnBidC1yZXZpZXdzLXNlbyAucGJ0LWp1bXA6aG92ZXJ7dGV4dC1kZWNvcmF0aW9uOnVuZGVybGluZTt9DQoNCi8qIENBUkQgQkFTRSAqLw0KLnBidC1yZXZpZXdzLXNlbyAucGJ0LWNhcmR7DQogIG1hcmdpbi10b3A6MTZweDsNCiAgYmFja2dyb3VuZDojZmZmOw0KICBib3JkZXItcmFkaXVzOjYwcHggMCA2MHB4IDA7DQogIGJvcmRlcjoxcHggc29saWQgcmdiYSgxNywxNywxNywuMDgpOw0KICBib3gtc2hhZG93OjAgMThweCA0NHB4IHJnYmEoMTcsMTcsMTcsLjA4KTsNCiAgb3ZlcmZsb3c6aGlkZGVuOw0KfQ0KDQovKiBURVhUIENBUkQgKi8NCi5wYnQtcmV2aWV3cy1zZW8gLnBidC10ZXh0LWNhcmR7cGFkZGluZzoyNnB4O30NCi5wYnQtcmV2aWV3cy1zZW8gLnBidC10ZXh0LWNhcmQgaDJ7DQogIGZvbnQtZmFtaWx5OidNb250c2VycmF0JyxzYW5zLXNlcmlmIWltcG9ydGFudDsNCiAgZm9udC13ZWlnaHQ6OTAwOw0KICBtYXJnaW46MCAwIDEycHg7DQogIGZvbnQtc2l6ZTpjbGFtcCgyMnB4LDIuNHZ3LDMwcHgpOw0KfQ0KLnBidC1yZXZpZXdzLXNlbyAucGJ0LXRleHQtY2FyZCBwew0KICBtYXJnaW46MCAwIDEwcHg7DQogIGZvbnQtc2l6ZToxNXB4Ow0KICBsaW5lLWhlaWdodDoxLjY7DQogIGNvbG9yOnJnYmEoMTcsMTcsMTcsLjc1KTsNCn0NCi5wYnQtcmV2aWV3cy1zZW8gLnBidC10ZXh0LWNhcmQgcDpsYXN0LWNoaWxke21hcmdpbi1ib3R0b206MDt9DQoNCi8qIE1vYmlsZSAqLw0KQG1lZGlhKG1heC13aWR0aDo5MDBweCl7DQogIC5wYnQtcmV2aWV3cy1zZW97IHBhZGRpbmc6MThweCAxNnB4IDhweDsgfQ0KICAucGJ0LXJldmlld3Mtc2VvIC5wYnQtdGV4dC1jYXJkeyBwYWRkaW5nOjIwcHg7IH0NCn0NCjwvc3R5bGU+DQoNCjwhLS0gVElUTEUgLS0+DQo8ZGl2IGNsYXNzPSJwYnQtdG9wIj4NCiAgPHAgY2xhc3M9InBidC1raWNrZXIiPkZhbWlsaWVuYmV0cmllYiBzZWl0IDE5Njcg4oCiIEJvYXQgRXVyb3BhIOKAoiBQdWxhLCBLcm9hdGllbjwvcD4NCg0KICA8aDE+UHVsYSBCb2F0IFRvdXJzIOKAkyBBZHZlbnR1cmVzIEJld2VydHVuZ2VuIOKAlCA0LjUwMCsgR8Okc3RlYmV3ZXJ0dW5nZW48L2gxPg0KDQogIDxwPg0KICAgIFBsYW5lbiBTaWUgZWluZSA8c3Ryb25nPkRlbGZpbiBCb290c3RvdXIgYWIgUHVsYTwvc3Ryb25nPiBvZGVyIGVpbmVuIGVudHNwYW5udGVuIA0KICAgIDxzdHJvbmc+Qm9vdHNhdXNmbHVnIHp1IGRlbiBCcmlqdW5pIEluc2Vsbjwvc3Ryb25nPj8gIA0KICAgIFVudGVuIGZpbmRlbiBTaWUgdmVyaWZpemllcnRlIEfDpHN0ZWJld2VydHVuZ2VuIHZvbiBSZWlzZW5kZW4sIGRpZSB1bnNlcmUNCiAgICBTb25uZW51bnRlcmdhbmdzZmFocnRlbiB1bmQgVGFnZXMtQm9vdHN0b3VyZW4gYW4gQm9yZCBkZXIgQm9hdCBFdXJvcGEgZXJsZWJ0IGhhYmVuLg0KICA8L3A+DQoNCiAgPGRpdiBjbGFzcz0icGJ0LXBsYXRmb3JtcyI+R29vZ2xlIOKAoiBUcmlwQWR2aXNvciDigKIgVmlhdG9yIOKAoiBHZXRZb3VyR3VpZGUg4oCiIEZhY2Vib29rPC9kaXY+DQoNCiAgPGEgY2xhc3M9InBidC1qdW1wIiBocmVmPSIjcmV2aWV3cyI+WnUgZGVuIEJld2VydHVuZ2VuIHNwcmluZ2VuIOKGkzwvYT4NCjwvZGl2Pg0KDQo8IS0tIE9ORSBTRU8gQ0FSRCAtLT4NCjxkaXYgY2xhc3M9InBidC1jYXJkIHBidC10ZXh0LWNhcmQiPg0KICA8aDI+RWNodGUgR8Okc3RlZXJmYWhydW5nZW4g4oCUIHdhcyBTaWUgYXVmIHVuc2VyZW4gQm9vdHN0b3VyZW4gZXJ3YXJ0ZXQ8L2gyPg0KDQogIDxwPg0KICAgIFdlbm4gU2llIHZlcnNjaGllZGVuZSA8c3Ryb25nPkJvb3RzdG91cmVuIGluIFB1bGE8L3N0cm9uZz4gdmVyZ2xlaWNoZW4sIHNpbmQgQmV3ZXJ0dW5nZW4NCiAgICBkZXIgc2NobmVsbHN0ZSBXZWcsIHVtIHp1IHNlaGVuLCB3aWUgc2ljaCBlaW4gQXVzZmx1ZyB3aXJrbGljaCBhbmbDvGhsdC4NCiAgICBHw6RzdGUgZXJ3w6RobmVuIGJlc29uZGVycyBvZnQgZGllIGVudHNwYW5udGUgQXRtb3NwaMOkcmUgYW4gQm9yZCwNCiAgICBkaWUga2xhcmUgS29tbXVuaWthdGlvbiB1bmQgZGllIGJlZWluZHJ1Y2tlbmRlIExhbmRzY2hhZnQgcnVuZCB1bSBkaWUNCiAgICA8c3Ryb25nPkJyaWp1bmkgSW5zZWxuPC9zdHJvbmc+Lg0KICA8L3A+DQoNCiAgPHA+DQogICAgVW5zZXJlIHp3ZWkgYmVsaWVidGVzdGVuIEVybGVibmlzc2Ugc2luZCBlaW5lIA0KICAgIDxzdHJvbmc+My1zdMO8bmRpZ2UgRGVsZmluIEJvb3RzdG91ciBtaXQgU29ubmVudW50ZXJnYW5nPC9zdHJvbmc+DQogICAgc293aWUgZWluZSA8c3Ryb25nPjUtc3TDvG5kaWdlIEJyaWp1bmkgUGFub3JhbWEgQm9vdHN0b3VyPC9zdHJvbmc+DQogICAgbWl0IHd1bmRlcnNjaMO2bmVuIEF1c2JsaWNrZW4gdW5kIHNhaXNvbmFsZXIgQmFkZXBhdXNlLg0KICAgIEJlaWRlIFRvdXJlbiBzaW5kIGF1ZiBLb21mb3J0IGF1c2dlbGVndCDigJQgb2huZSDDvGJlcmbDvGxsdGUgQm9vdGUgdW5kIG9obmUgaGVrdGlzY2hlIFplaXRwbMOkbmUuDQogIDwvcD4NCg0KICA8cD4NCiAgICBMZXNlbiBTaWUgdW50ZW4gZGllIEJld2VydHVuZ2VuIChnZXNhbW1lbHQgYXVzIHVuc2VyZW4gw7ZmZmVudGxpY2hlbiBQcm9maWxlbiBhdWYgZGVuIHdpY2h0aWdzdGVuIFJlaXNlcGxhdHRmb3JtZW4pDQogICAgdW5kIGJ1Y2hlbiBTaWUgSWhyZSA8c3Ryb25nPkJvb3RzdG91ciBhYiBQdWxhPC9zdHJvbmc+IG1pdCBndXRlbSBHZWbDvGhsLg0KICA8L3A+DQo8L2Rpdj4NCg0KPC9zZWN0aW9uPjxicj48YnI+PCEtLSBBbmNob3IgdGFyZ2V0IGZvciBUcnVzdGluZGV4IGJlbG93IC0tPjxicj48ZGl2IGlkPSJyZXZpZXdzIiBzdHlsZT0icG9zaXRpb246cmVsYXRpdmU7IHRvcDotMTBweDsiPjwvZGl2Pg==[\/vc_raw_html][\/vc_column][\/vc_row][vc_row full_height=&#8220;yes&#8220; columns_placement=&#8220;top&#8220;][vc_column][vc_raw_html css=&#8220;&#8220;]PHNjcmlwdCBkZWZlciBhc3luYyBzcmM9J2h0dHBzOi8vY2RuLnRydXN0aW5kZXguaW8vbG9hZGVyLmpzPzJkZTMyZGQ2M2M0ZDM2MGU0NDA2NGJiMjhmZCc+PC9zY3JpcHQ+[\/vc_raw_html][vc_row_inner][vc_column_inner][vc_empty_space][vc_empty_space][vc_media_grid element_width=&#8220;2&#8243; gap=&#8220;0&#8243; css=&#8220;&#8220; grid_id=&#8220;vc_gid:1772439054679-d9dcaee450bd80e77e2583c0f50a4b60-8&#8243; include=&#8220;4751,4748,4745,4703,4688,4706&#8243;][\/vc_column_inner][\/vc_row_inner][\/vc_column][\/vc_row][vc_row][vc_column][vc_raw_html [&hellip;]<\/p>\n","protected":false},"author":2,"featured_media":0,"parent":0,"menu_order":0,"comment_status":"closed","ping_status":"closed","template":"","meta":{"site-sidebar-layout":"default","site-content-layout":"plain-container","ast-site-content-layout":"default","site-content-style":"default","site-sidebar-style":"default","ast-global-header-display":"","ast-banner-title-visibility":"","ast-main-header-display":"","ast-hfb-above-header-display":"","ast-hfb-below-header-display":"","ast-hfb-mobile-header-display":"","site-post-title":"disabled","ast-breadcrumbs-content":"","ast-featured-img":"","footer-sml-layout":"","ast-disable-related-posts":"","theme-transparent-header-meta":"default","adv-header-id-meta":"","stick-header-meta":"","header-above-stick-meta":"","header-main-stick-meta":"","header-below-stick-meta":"","astra-migrate-meta-layouts":"set","ast-page-background-enabled":"default","ast-page-background-meta":{"desktop":{"background-color":"var(--ast-global-color-5)","background-image":"","background-repeat":"repeat","background-position":"center center","background-size":"auto","background-attachment":"scroll","background-type":"","background-media":"","overlay-type":"","overlay-color":"","overlay-opacity":"","overlay-gradient":""},"tablet":{"background-color":"","background-image":"","background-repeat":"repeat","background-position":"center center","background-size":"auto","background-attachment":"scroll","background-type":"","background-media":"","overlay-type":"","overlay-color":"","overlay-opacity":"","overlay-gradient":""},"mobile":{"background-color":"","background-image":"","background-repeat":"repeat","background-position":"center center","background-size":"auto","background-attachment":"scroll","background-type":"","background-media":"","overlay-type":"","overlay-color":"","overlay-opacity":"","overlay-gradient":""}},"ast-content-background-meta":{"desktop":{"background-color":"var(--ast-global-color-4)","background-image":"","background-repeat":"repeat","background-position":"center center","background-size":"auto","background-attachment":"scroll","background-type":"","background-media":"","overlay-type":"","overlay-color":"","overlay-opacity":"","overlay-gradient":""},"tablet":{"background-color":"var(--ast-global-color-4)","background-image":"","background-repeat":"repeat","background-position":"center center","background-size":"auto","background-attachment":"scroll","background-type":"","background-media":"","overlay-type":"","overlay-color":"","overlay-opacity":"","overlay-gradient":""},"mobile":{"background-color":"var(--ast-global-color-4)","background-image":"","background-repeat":"repeat","background-position":"center center","background-size":"auto","background-attachment":"scroll","background-type":"","background-media":"","overlay-type":"","overlay-color":"","overlay-opacity":"","overlay-gradient":""}},"footnotes":""},"class_list":["post-6729","page","type-page","status-publish","hentry"],"yoast_head":"<!-- This site is optimized with the Yoast SEO plugin v26.8 - https:\/\/yoast.com\/product\/yoast-seo-wordpress\/ -->\n<title>4.500+ Bewertungen \u2605 4,8 | Pula Boat Tours \u2013 Adventures<\/title>\n<meta name=\"description\" content=\"Lesen Sie \u00fcber 4.500 verifizierte G\u00e4stebewertungen \u00fcber unsere Bootstouren ab Pula mit Pula Boat Tours \u2013 Adventures (Boot Europa).\" \/>\n<meta name=\"robots\" content=\"index, follow, max-snippet:-1, max-image-preview:large, max-video-preview:-1\" \/>\n<link rel=\"canonical\" href=\"https:\/\/pulaboattours-adventures.com\/de\/bewertungen\/\" \/>\n<meta property=\"og:locale\" content=\"de_DE\" \/>\n<meta property=\"og:type\" content=\"article\" \/>\n<meta property=\"og:title\" content=\"4.500+ Bewertungen \u2605 4,8 | Pula Boat Tours \u2013 Adventures\" \/>\n<meta property=\"og:description\" content=\"Lesen Sie \u00fcber 4.500 verifizierte G\u00e4stebewertungen \u00fcber unsere Bootstouren ab Pula mit Pula Boat Tours \u2013 Adventures (Boot Europa).\" \/>\n<meta property=\"og:url\" content=\"https:\/\/pulaboattours-adventures.com\/de\/bewertungen\/\" \/>\n<meta property=\"og:site_name\" content=\"Pula Boat Tours - Adventures , Boat Europa\" \/>\n<meta property=\"article:publisher\" content=\"https:\/\/www.facebook.com\/pulaboattour\" \/>\n<meta property=\"article:modified_time\" content=\"2026-03-06T09:04:48+00:00\" \/>\n<meta name=\"twitter:card\" content=\"summary_large_image\" \/>\n<meta name=\"twitter:label1\" content=\"Gesch\u00e4tzte Lesezeit\" \/>\n\t<meta name=\"twitter:data1\" content=\"2\u00a0Minuten\" \/>\n<script type=\"application\/ld+json\" class=\"yoast-schema-graph\">{\"@context\":\"https:\/\/schema.org\",\"@graph\":[{\"@type\":\"WebPage\",\"@id\":\"https:\/\/pulaboattours-adventures.com\/de\/bewertungen\/\",\"url\":\"https:\/\/pulaboattours-adventures.com\/de\/bewertungen\/\",\"name\":\"4.500+ Bewertungen \u2605 4,8 | Pula Boat Tours \u2013 Adventures\",\"isPartOf\":{\"@id\":\"https:\/\/pulaboattours-adventures.com\/de\/#website\"},\"datePublished\":\"2026-01-28T12:54:54+00:00\",\"dateModified\":\"2026-03-06T09:04:48+00:00\",\"description\":\"Lesen Sie \u00fcber 4.500 verifizierte G\u00e4stebewertungen \u00fcber unsere Bootstouren ab Pula mit Pula Boat Tours \u2013 Adventures (Boot Europa).\",\"breadcrumb\":{\"@id\":\"https:\/\/pulaboattours-adventures.com\/de\/bewertungen\/#breadcrumb\"},\"inLanguage\":\"de\",\"potentialAction\":[{\"@type\":\"ReadAction\",\"target\":[\"https:\/\/pulaboattours-adventures.com\/de\/bewertungen\/\"]}]},{\"@type\":\"BreadcrumbList\",\"@id\":\"https:\/\/pulaboattours-adventures.com\/de\/bewertungen\/#breadcrumb\",\"itemListElement\":[{\"@type\":\"ListItem\",\"position\":1,\"name\":\"Home\",\"item\":\"https:\/\/pulaboattours-adventures.com\/de\/\"},{\"@type\":\"ListItem\",\"position\":2,\"name\":\"Bewertungen\"}]},{\"@type\":\"WebSite\",\"@id\":\"https:\/\/pulaboattours-adventures.com\/de\/#website\",\"url\":\"https:\/\/pulaboattours-adventures.com\/de\/\",\"name\":\"Pula Boat Tours Adventures\",\"description\":\"One of the best Boat Tours in Istria\",\"publisher\":{\"@id\":\"https:\/\/pulaboattours-adventures.com\/de\/#organization\"},\"potentialAction\":[{\"@type\":\"SearchAction\",\"target\":{\"@type\":\"EntryPoint\",\"urlTemplate\":\"https:\/\/pulaboattours-adventures.com\/de\/?s={search_term_string}\"},\"query-input\":{\"@type\":\"PropertyValueSpecification\",\"valueRequired\":true,\"valueName\":\"search_term_string\"}}],\"inLanguage\":\"de\"},{\"@type\":\"Organization\",\"@id\":\"https:\/\/pulaboattours-adventures.com\/de\/#organization\",\"name\":\"Pula Boat Tours Adventures\",\"url\":\"https:\/\/pulaboattours-adventures.com\/de\/\",\"logo\":{\"@type\":\"ImageObject\",\"inLanguage\":\"de\",\"@id\":\"https:\/\/pulaboattours-adventures.com\/de\/#\/schema\/logo\/image\/\",\"url\":\"https:\/\/pulaboattours-adventures.com\/wp-content\/uploads\/2026\/02\/cropped-cropped-logo-slika-1.webp\",\"contentUrl\":\"https:\/\/pulaboattours-adventures.com\/wp-content\/uploads\/2026\/02\/cropped-cropped-logo-slika-1.webp\",\"width\":341,\"height\":286,\"caption\":\"Pula Boat Tours Adventures\"},\"image\":{\"@id\":\"https:\/\/pulaboattours-adventures.com\/de\/#\/schema\/logo\/image\/\"},\"sameAs\":[\"https:\/\/www.facebook.com\/pulaboattour\",\"https:\/\/www.instagram.com\/pula_boat_tours_adventures\/\",\"https:\/\/www.tiktok.com\/@pulaboattoursadventures\"]}]}<\/script>\n<!-- \/ Yoast SEO plugin. -->","yoast_head_json":{"title":"4.500+ Bewertungen \u2605 4,8 | Pula Boat Tours \u2013 Adventures","description":"Lesen Sie \u00fcber 4.500 verifizierte G\u00e4stebewertungen \u00fcber unsere Bootstouren ab Pula mit Pula Boat Tours \u2013 Adventures (Boot Europa).","robots":{"index":"index","follow":"follow","max-snippet":"max-snippet:-1","max-image-preview":"max-image-preview:large","max-video-preview":"max-video-preview:-1"},"canonical":"https:\/\/pulaboattours-adventures.com\/de\/bewertungen\/","og_locale":"de_DE","og_type":"article","og_title":"4.500+ Bewertungen \u2605 4,8 | Pula Boat Tours \u2013 Adventures","og_description":"Lesen Sie \u00fcber 4.500 verifizierte G\u00e4stebewertungen \u00fcber unsere Bootstouren ab Pula mit Pula Boat Tours \u2013 Adventures (Boot Europa).","og_url":"https:\/\/pulaboattours-adventures.com\/de\/bewertungen\/","og_site_name":"Pula Boat Tours - Adventures , Boat Europa","article_publisher":"https:\/\/www.facebook.com\/pulaboattour","article_modified_time":"2026-03-06T09:04:48+00:00","twitter_card":"summary_large_image","twitter_misc":{"Gesch\u00e4tzte Lesezeit":"2\u00a0Minuten"},"schema":{"@context":"https:\/\/schema.org","@graph":[{"@type":"WebPage","@id":"https:\/\/pulaboattours-adventures.com\/de\/bewertungen\/","url":"https:\/\/pulaboattours-adventures.com\/de\/bewertungen\/","name":"4.500+ Bewertungen \u2605 4,8 | Pula Boat Tours \u2013 Adventures","isPartOf":{"@id":"https:\/\/pulaboattours-adventures.com\/de\/#website"},"datePublished":"2026-01-28T12:54:54+00:00","dateModified":"2026-03-06T09:04:48+00:00","description":"Lesen Sie \u00fcber 4.500 verifizierte G\u00e4stebewertungen \u00fcber unsere Bootstouren ab Pula mit Pula Boat Tours \u2013 Adventures (Boot Europa).","breadcrumb":{"@id":"https:\/\/pulaboattours-adventures.com\/de\/bewertungen\/#breadcrumb"},"inLanguage":"de","potentialAction":[{"@type":"ReadAction","target":["https:\/\/pulaboattours-adventures.com\/de\/bewertungen\/"]}]},{"@type":"BreadcrumbList","@id":"https:\/\/pulaboattours-adventures.com\/de\/bewertungen\/#breadcrumb","itemListElement":[{"@type":"ListItem","position":1,"name":"Home","item":"https:\/\/pulaboattours-adventures.com\/de\/"},{"@type":"ListItem","position":2,"name":"Bewertungen"}]},{"@type":"WebSite","@id":"https:\/\/pulaboattours-adventures.com\/de\/#website","url":"https:\/\/pulaboattours-adventures.com\/de\/","name":"Pula Boat Tours Adventures","description":"One of the best Boat Tours in Istria","publisher":{"@id":"https:\/\/pulaboattours-adventures.com\/de\/#organization"},"potentialAction":[{"@type":"SearchAction","target":{"@type":"EntryPoint","urlTemplate":"https:\/\/pulaboattours-adventures.com\/de\/?s={search_term_string}"},"query-input":{"@type":"PropertyValueSpecification","valueRequired":true,"valueName":"search_term_string"}}],"inLanguage":"de"},{"@type":"Organization","@id":"https:\/\/pulaboattours-adventures.com\/de\/#organization","name":"Pula Boat Tours Adventures","url":"https:\/\/pulaboattours-adventures.com\/de\/","logo":{"@type":"ImageObject","inLanguage":"de","@id":"https:\/\/pulaboattours-adventures.com\/de\/#\/schema\/logo\/image\/","url":"https:\/\/pulaboattours-adventures.com\/wp-content\/uploads\/2026\/02\/cropped-cropped-logo-slika-1.webp","contentUrl":"https:\/\/pulaboattours-adventures.com\/wp-content\/uploads\/2026\/02\/cropped-cropped-logo-slika-1.webp","width":341,"height":286,"caption":"Pula Boat Tours Adventures"},"image":{"@id":"https:\/\/pulaboattours-adventures.com\/de\/#\/schema\/logo\/image\/"},"sameAs":["https:\/\/www.facebook.com\/pulaboattour","https:\/\/www.instagram.com\/pula_boat_tours_adventures\/","https:\/\/www.tiktok.com\/@pulaboattoursadventures"]}]}},"_links":{"self":[{"href":"https:\/\/pulaboattours-adventures.com\/de\/wp-json\/wp\/v2\/pages\/6729","targetHints":{"allow":["GET"]}}],"collection":[{"href":"https:\/\/pulaboattours-adventures.com\/de\/wp-json\/wp\/v2\/pages"}],"about":[{"href":"https:\/\/pulaboattours-adventures.com\/de\/wp-json\/wp\/v2\/types\/page"}],"author":[{"embeddable":true,"href":"https:\/\/pulaboattours-adventures.com\/de\/wp-json\/wp\/v2\/users\/2"}],"replies":[{"embeddable":true,"href":"https:\/\/pulaboattours-adventures.com\/de\/wp-json\/wp\/v2\/comments?post=6729"}],"version-history":[{"count":6,"href":"https:\/\/pulaboattours-adventures.com\/de\/wp-json\/wp\/v2\/pages\/6729\/revisions"}],"predecessor-version":[{"id":6735,"href":"https:\/\/pulaboattours-adventures.com\/de\/wp-json\/wp\/v2\/pages\/6729\/revisions\/6735"}],"wp:attachment":[{"href":"https:\/\/pulaboattours-adventures.com\/de\/wp-json\/wp\/v2\/media?parent=6729"}],"curies":[{"name":"wp","href":"https:\/\/api.w.org\/{rel}","templated":true}]}}