{"id":6859,"date":"2026-01-28T12:54:54","date_gmt":"2026-01-28T12:54:54","guid":{"rendered":"https:\/\/pulaboattours-adventures.com\/avis\/"},"modified":"2026-03-06T16:05:19","modified_gmt":"2026-03-06T16:05:19","slug":"avis","status":"publish","type":"page","link":"https:\/\/pulaboattours-adventures.com\/fr\/avis\/","title":{"rendered":"Avis"},"content":{"rendered":"<div class=\"wpb-content-wrapper\"><p>[vc_row full_height=\u00a0\u00bbyes\u00a0\u00bb columns_placement=\u00a0\u00bbtop\u00a0\u00bb css=\u00a0\u00bb.vc_custom_1772439290768{background-position: center !important;background-repeat: no-repeat !important;background-size: cover !important;}\u00a0\u00bb el_class=\u00a0\u00bbreviews-hero-img\u00a0\u00bb][vc_column][vc_raw_html css=\u00a0\u00bb\u00a0\u00bb]PCEtLSA9PT09PT09PT09PT09PT09PT09PT09PT09PT09PT09PT09PT09PT09PT09PT09PT09PT09PT09PT08YnI+UEJUIOKAlCBSRVZJRVdTIElOVFJPIChHTE9CQUwtQ09OU0lTVEVOVCBUT1AgU1BBQ0lORyDigJQgRklOQUwpPGJyPkdvYWw6IHNhbWUg4oCcc3RhcnQgaGVpZ2h04oCdIGFjcm9zcyBwYWdlcyAobm8gbW9yZSBvbmUgcGFnZSBoaWdoZXIvbG93ZXIpPGJyPi0gVGlnaHQsIGNvbnNpc3RlbnQgdG9wIHBhZGRpbmcgKG5vdCBoZWF2eSBjbGFtcCk8YnI+LSBLZWVwcyB5b3VyIHR5cG9ncmFwaHkgKyBjYXJkIHN0eWxlPGJyPlBhc3RlIGFzIE9ORSBSYXcgSFRNTCBibG9jayBBQk9WRSBUcnVzdGluZGV4IHdpZGdldDxicj49PT09PT09PT09PT09PT09PT09PT09PT09PT09PT09PT09PT09PT09PT09PT09PT09PT09PT09PT0gLS0+PGJyPjxicj48c2VjdGlvbiBjbGFzcz0icGJ0LXJldmlld3Mtc2VvIiBhcmlhLWxhYmVsPSJBdmlzIGNsaWVudHMgUHVsYSBCb2F0IFRvdXJzIj4NCg0KPHN0eWxlPg0KLnBidC1yZXZpZXdzLXNlbywgLnBidC1yZXZpZXdzLXNlbyAqe2JveC1zaXppbmc6Ym9yZGVyLWJveDt9DQoucGJ0LXJldmlld3Mtc2Vvew0KICBtYXgtd2lkdGg6MTEyMHB4Ow0KICBtYXJnaW46MCBhdXRvOw0KICBwYWRkaW5nOjI0cHggMjBweCAxMnB4Ow0KICBmb250LWZhbWlseTonT3BlbiBTYW5zJyxzeXN0ZW0tdWksLWFwcGxlLXN5c3RlbSwiU2Vnb2UgVUkiLFJvYm90byxBcmlhbCxzYW5zLXNlcmlmIWltcG9ydGFudDsNCiAgY29sb3I6IzExMTsNCn0NCg0KLyogVElUTEUgKi8NCi5wYnQtcmV2aWV3cy1zZW8gLnBidC10b3B7DQogIHRleHQtYWxpZ246Y2VudGVyOw0KICBtYXJnaW4tYm90dG9tOjE2cHg7DQp9DQoucGJ0LXJldmlld3Mtc2VvIC5wYnQtdG9wIC5wYnQta2lja2Vyew0KICBtYXJnaW46MCAwIDZweDsNCiAgZm9udC1zaXplOjEycHg7DQogIGxldHRlci1zcGFjaW5nOi4xNGVtOw0KICB0ZXh0LXRyYW5zZm9ybTp1cHBlcmNhc2U7DQogIGNvbG9yOiM0NDQ0NDQ7DQp9DQoucGJ0LXJldmlld3Mtc2VvIC5wYnQtdG9wIGgxew0KICBmb250LWZhbWlseTonTW9udHNlcnJhdCcsc2Fucy1zZXJpZiFpbXBvcnRhbnQ7DQogIGZvbnQtd2VpZ2h0OjkwMDsNCiAgZm9udC1zaXplOmNsYW1wKDMwcHgsMy4ydncsNDRweCk7DQogIGxpbmUtaGVpZ2h0OjEuMDg7DQogIG1hcmdpbjowIDAgOHB4Ow0KfQ0KLnBidC1yZXZpZXdzLXNlbyAucGJ0LXRvcCBwew0KICBtYXgtd2lkdGg6OTAwcHg7DQogIG1hcmdpbjowIGF1dG87DQogIGZvbnQtc2l6ZToxNnB4Ow0KICBsaW5lLWhlaWdodDoxLjY7DQogIGNvbG9yOnJnYmEoMTcsMTcsMTcsLjcyKTsNCn0NCi5wYnQtcmV2aWV3cy1zZW8gLnBidC1wbGF0Zm9ybXN7DQogIG1hcmdpbjo2cHggYXV0byAwOw0KICBmb250LXNpemU6MTRweDsNCiAgbGluZS1oZWlnaHQ6MS42Ow0KICBjb2xvcjpyZ2JhKDE3LDE3LDE3LC42Mik7DQp9DQoucGJ0LXJldmlld3Mtc2VvIC5wYnQtanVtcHsNCiAgZGlzcGxheTppbmxpbmUtYmxvY2s7DQogIG1hcmdpbi10b3A6OHB4Ow0KICBmb250LXNpemU6MTNweDsNCiAgY29sb3I6IzJmNTVmZjsNCiAgZm9udC13ZWlnaHQ6NjAwOw0KICB0ZXh0LWRlY29yYXRpb246bm9uZTsNCn0NCi5wYnQtcmV2aWV3cy1zZW8gLnBidC1qdW1wOmhvdmVye3RleHQtZGVjb3JhdGlvbjp1bmRlcmxpbmU7fQ0KDQovKiBDQVJEIEJBU0UgKi8NCi5wYnQtcmV2aWV3cy1zZW8gLnBidC1jYXJkew0KICBtYXJnaW4tdG9wOjE2cHg7DQogIGJhY2tncm91bmQ6I2ZmZjsNCiAgYm9yZGVyLXJhZGl1czo2MHB4IDAgNjBweCAwOw0KICBib3JkZXI6MXB4IHNvbGlkIHJnYmEoMTcsMTcsMTcsLjA4KTsNCiAgYm94LXNoYWRvdzowIDE4cHggNDRweCByZ2JhKDE3LDE3LDE3LC4wOCk7DQogIG92ZXJmbG93OmhpZGRlbjsNCn0NCg0KLyogVEVYVCBDQVJEICovDQoucGJ0LXJldmlld3Mtc2VvIC5wYnQtdGV4dC1jYXJke3BhZGRpbmc6MjZweDt9DQoucGJ0LXJldmlld3Mtc2VvIC5wYnQtdGV4dC1jYXJkIGgyew0KICBmb250LWZhbWlseTonTW9udHNlcnJhdCcsc2Fucy1zZXJpZiFpbXBvcnRhbnQ7DQogIGZvbnQtd2VpZ2h0OjkwMDsNCiAgbWFyZ2luOjAgMCAxMnB4Ow0KICBmb250LXNpemU6Y2xhbXAoMjJweCwyLjR2dywzMHB4KTsNCn0NCi5wYnQtcmV2aWV3cy1zZW8gLnBidC10ZXh0LWNhcmQgcHsNCiAgbWFyZ2luOjAgMCAxMHB4Ow0KICBmb250LXNpemU6MTVweDsNCiAgbGluZS1oZWlnaHQ6MS42Ow0KICBjb2xvcjpyZ2JhKDE3LDE3LDE3LC43NSk7DQp9DQoucGJ0LXJldmlld3Mtc2VvIC5wYnQtdGV4dC1jYXJkIHA6bGFzdC1jaGlsZHttYXJnaW4tYm90dG9tOjA7fQ0KDQpAbWVkaWEobWF4LXdpZHRoOjkwMHB4KXsNCiAgLnBidC1yZXZpZXdzLXNlb3sgcGFkZGluZzoxOHB4IDE2cHggOHB4OyB9DQogIC5wYnQtcmV2aWV3cy1zZW8gLnBidC10ZXh0LWNhcmR7IHBhZGRpbmc6MjBweDsgfQ0KfQ0KPC9zdHlsZT4NCg0KPCEtLSBUSVRMRSAtLT4NCjxkaXYgY2xhc3M9InBidC10b3AiPg0KICA8cCBjbGFzcz0icGJ0LWtpY2tlciI+RW50cmVwcmlzZSBmYW1pbGlhbGUgZGVwdWlzIDE5Njcg4oCiIEJvYXQgRXVyb3BhIOKAoiBQdWxhLCBDcm9hdGllPC9wPg0KDQogIDxoMT5BdmlzIFB1bGEgQm9hdCBUb3VycyDigJMgQWR2ZW50dXJlcyDigJQgNCA1MDArIGF2aXMgdm95YWdldXJzPC9oMT4NCg0KICA8cD4NCiAgICBWb3VzIHByw6lwYXJleiB1bmUgPHN0cm9uZz5leGN1cnNpb24gZOKAmW9ic2VydmF0aW9uIGRlcyBkYXVwaGlucyBkZXB1aXMgUHVsYTwvc3Ryb25nPg0KICAgIG91IHVuZSA8c3Ryb25nPmV4Y3Vyc2lvbiBlbiBiYXRlYXUgYXV0b3VyIGRlcyDDrmxlcyBCcmlqdW5pPC9zdHJvbmc+ID8NCiAgICBEw6ljb3V2cmV6IGNpLWRlc3NvdXMgbGVzIGF2aXMgdsOpcmlmacOpcyBkZSB2b3lhZ2V1cnMgYXlhbnQgcGFydGljaXDDqSDDoCBub3MgY3JvaXNpw6hyZXMNCiAgICBhdSBjb3VjaGVyIGR1IHNvbGVpbCBldCDDoCBub3MgZXhjdXJzaW9ucyDDoCBib3JkIGR1IEJvYXQgRXVyb3BhLg0KICA8L3A+DQoNCiAgPGRpdiBjbGFzcz0icGJ0LXBsYXRmb3JtcyI+R29vZ2xlIOKAoiBUcmlwQWR2aXNvciDigKIgVmlhdG9yIOKAoiBHZXRZb3VyR3VpZGUg4oCiIEZhY2Vib29rPC9kaXY+DQoNCiAgPGEgY2xhc3M9InBidC1qdW1wIiBocmVmPSIjcmV2aWV3cyI+Vm9pciBsZXMgYXZpcyDihpM8L2E+DQo8L2Rpdj4NCg0KPCEtLSBPTkUgU0VPIENBUkQgLS0+DQo8ZGl2IGNsYXNzPSJwYnQtY2FyZCBwYnQtdGV4dC1jYXJkIj4NCiAgPGgyPkV4cMOpcmllbmNlcyByw6llbGxlcyBkZSB2b3lhZ2V1cnMg4oCUIMOgIHF1b2kgc+KAmWF0dGVuZHJlIHBlbmRhbnQgbm9zIGV4Y3Vyc2lvbnM8L2gyPg0KDQogIDxwPg0KICAgIFNpIHZvdXMgY29tcGFyZXogbGVzIDxzdHJvbmc+ZXhjdXJzaW9ucyBlbiBiYXRlYXUgw6AgUHVsYTwvc3Ryb25nPiwgbGVzIGF2aXMgc29udCBsZSBtb3llbiBsZSBwbHVzIHJhcGlkZQ0KICAgIGRlIGNvbXByZW5kcmUgbOKAmWV4cMOpcmllbmNlIHLDqWVsbGUuIExlcyB2b3lhZ2V1cnMgbWVudGlvbm5lbnQgc291dmVudCBs4oCZYW1iaWFuY2UgZMOpdGVuZHVlIMOgIGJvcmQsDQogICAgbOKAmW9yZ2FuaXNhdGlvbiBjbGFpcmUgZXQgbGVzIHBheXNhZ2VzIHNwZWN0YWN1bGFpcmVzIGF1dG91ciBkZXMgPHN0cm9uZz7DrmxlcyBCcmlqdW5pPC9zdHJvbmc+Lg0KICA8L3A+DQoNCiAgPHA+DQogICAgTm9zIGRldXggcHJpbmNpcGFsZXMgZXhww6lyaWVuY2VzIHNvbnQgdW5lIDxzdHJvbmc+Y3JvaXNpw6hyZSBkZSAzIGhldXJlcyBhdmVjIG9ic2VydmF0aW9uIGRlcyBkYXVwaGlucyBhdSBjb3VjaGVyIGR1IHNvbGVpbDwvc3Ryb25nPg0KICAgIGV0IHVuZSA8c3Ryb25nPmV4Y3Vyc2lvbiBkZSA1IGhldXJlcyBhdXRvdXIgZGVzIMOubGVzIEJyaWp1bmk8L3N0cm9uZz4gYXZlYyB2dWVzIHBhbm9yYW1pcXVlcyBldCB0ZW1wcyBkZSBiYWlnbmFkZSBzZWxvbiBsYSBzYWlzb24uDQogICAgTGVzIGRldXggZXhjdXJzaW9ucyBzb250IGNvbsOndWVzIGF2ZWMgdW5lIGNhcGFjaXTDqSBjb25mb3J0YWJsZSDigJQgc2FucyBmb3VsZSBldCBzYW5zIHByb2dyYW1tZSBwcmVzc8OpLg0KICA8L3A+DQoNCiAgPHA+DQogICAgUGFyY291cmV6IGxlcyBhdmlzIGNpLWRlc3NvdXMgKHByb3ZlbmFudCBkZSBub3MgcHJvZmlscyBwdWJsaWNzIHN1ciBsZXMgcHJpbmNpcGFsZXMgcGxhdGVmb3JtZXMgZGUgdm95YWdlKSwNCiAgICBwdWlzIHLDqXNlcnZleiBlbiB0b3V0ZSBjb25maWFuY2UgbG9yc3F1ZSB2b3VzIMOqdGVzIHByw6p0Lg0KICA8L3A+DQo8L2Rpdj4NCg0KPC9zZWN0aW9uPjxicj48YnI+PGRpdiBpZD0icmV2aWV3cyIgc3R5bGU9InBvc2l0aW9uOnJlbGF0aXZlOyB0b3A6LTEwcHg7Ij48L2Rpdj4=[\/vc_raw_html][\/vc_column][\/vc_row][vc_row full_height=\u00a0\u00bbyes\u00a0\u00bb columns_placement=\u00a0\u00bbtop\u00a0\u00bb][vc_column][vc_raw_html css=\u00a0\u00bb\u00a0\u00bb]PHNjcmlwdCBkZWZlciBhc3luYyBzcmM9J2h0dHBzOi8vY2RuLnRydXN0aW5kZXguaW8vbG9hZGVyLmpzPzJkZTMyZGQ2M2M0ZDM2MGU0NDA2NGJiMjhmZCc+PC9zY3JpcHQ+[\/vc_raw_html][vc_row_inner][vc_column_inner][vc_empty_space][vc_empty_space][vc_media_grid element_width=\u00a0\u00bb2&Prime; gap=\u00a0\u00bb0&Prime; css=\u00a0\u00bb\u00a0\u00bb grid_id=\u00a0\u00bbvc_gid:1772439054679-d9dcaee450bd80e77e2583c0f50a4b60-8&Prime; include=\u00a0\u00bb6853,6854,6855,6856,6857,6858&Prime;][\/vc_column_inner][\/vc_row_inner][\/vc_column][\/vc_row][vc_row][vc_column][vc_raw_html css=\u00a0\u00bb\u00a0\u00bb]PHNjcmlwdCB0eXBlPSJhcHBsaWNhdGlvbi9sZCtqc29uIj4NCnsNCiAgIkBjb250ZXh0IjoiaHR0cHM6Ly9zY2hlbWEub3JnIiwNCiAgIkB0eXBlIjoiV2ViUGFnZSIsDQogICJAaWQiOiJodHRwczovL3B1bGFib2F0dG91cnMtYWR2ZW50dXJlcy5jb20vZnIvYXZpcy8jd2VicGFnZSIsDQogICJ1cmwiOiJodHRwczovL3B1bGFib2F0dG91cnMtYWR2ZW50dXJlcy5jb20vZnIvYXZpcy8iLA0KICAibmFtZSI6IkF2aXMgdm95YWdldXJzIOKAlCBQdWxhIEJvYXQgVG91cnMg4oCTIEFkdmVudHVyZXMiLA0KICAiZGVzY3JpcHRpb24iOiJBdmlzIGV0IG5vdGVzIGRlcyB2b3lhZ2V1cnMgcG91ciBQdWxhIEJvYXQgVG91cnMg4oCTIEFkdmVudHVyZXMgKEJvYXQgRXVyb3BhKS4iLA0KICAiaW5MYW5ndWFnZSI6ImZyIiwNCiAgImlzUGFydE9mIjp7IkBpZCI6Imh0dHBzOi8vcHVsYWJvYXR0b3Vycy1hZHZlbnR1cmVzLmNvbS8jd2Vic2l0ZSJ9LA0KICAiYWJvdXQiOnsiQGlkIjoiaHR0cHM6Ly9wdWxhYm9hdHRvdXJzLWFkdmVudHVyZXMuY29tLyNidXNpbmVzcyJ9DQp9DQo8L3NjcmlwdD4=[\/vc_raw_html][\/vc_column][\/vc_row]<\/p>\n<\/div>","protected":false},"excerpt":{"rendered":"<p>[vc_row full_height=\u00a0\u00bbyes\u00a0\u00bb columns_placement=\u00a0\u00bbtop\u00a0\u00bb css=\u00a0\u00bb.vc_custom_1772439290768{background-position: center !important;background-repeat: no-repeat !important;background-size: cover !important;}\u00a0\u00bb el_class=\u00a0\u00bbreviews-hero-img\u00a0\u00bb][vc_column][vc_raw_html css=\u00a0\u00bb\u00a0\u00bb]PCEtLSA9PT09PT09PT09PT09PT09PT09PT09PT09PT09PT09PT09PT09PT09PT09PT09PT09PT09PT09PT08YnI+UEJUIOKAlCBSRVZJRVdTIElOVFJPIChHTE9CQUwtQ09OU0lTVEVOVCBUT1AgU1BBQ0lORyDigJQgRklOQUwpPGJyPkdvYWw6IHNhbWUg4oCcc3RhcnQgaGVpZ2h04oCdIGFjcm9zcyBwYWdlcyAobm8gbW9yZSBvbmUgcGFnZSBoaWdoZXIvbG93ZXIpPGJyPi0gVGlnaHQsIGNvbnNpc3RlbnQgdG9wIHBhZGRpbmcgKG5vdCBoZWF2eSBjbGFtcCk8YnI+LSBLZWVwcyB5b3VyIHR5cG9ncmFwaHkgKyBjYXJkIHN0eWxlPGJyPlBhc3RlIGFzIE9ORSBSYXcgSFRNTCBibG9jayBBQk9WRSBUcnVzdGluZGV4IHdpZGdldDxicj49PT09PT09PT09PT09PT09PT09PT09PT09PT09PT09PT09PT09PT09PT09PT09PT09PT09PT09PT0gLS0+PGJyPjxicj48c2VjdGlvbiBjbGFzcz0icGJ0LXJldmlld3Mtc2VvIiBhcmlhLWxhYmVsPSJBdmlzIGNsaWVudHMgUHVsYSBCb2F0IFRvdXJzIj4NCg0KPHN0eWxlPg0KLnBidC1yZXZpZXdzLXNlbywgLnBidC1yZXZpZXdzLXNlbyAqe2JveC1zaXppbmc6Ym9yZGVyLWJveDt9DQoucGJ0LXJldmlld3Mtc2Vvew0KICBtYXgtd2lkdGg6MTEyMHB4Ow0KICBtYXJnaW46MCBhdXRvOw0KICBwYWRkaW5nOjI0cHggMjBweCAxMnB4Ow0KICBmb250LWZhbWlseTonT3BlbiBTYW5zJyxzeXN0ZW0tdWksLWFwcGxlLXN5c3RlbSwiU2Vnb2UgVUkiLFJvYm90byxBcmlhbCxzYW5zLXNlcmlmIWltcG9ydGFudDsNCiAgY29sb3I6IzExMTsNCn0NCg0KLyogVElUTEUgKi8NCi5wYnQtcmV2aWV3cy1zZW8gLnBidC10b3B7DQogIHRleHQtYWxpZ246Y2VudGVyOw0KICBtYXJnaW4tYm90dG9tOjE2cHg7DQp9DQoucGJ0LXJldmlld3Mtc2VvIC5wYnQtdG9wIC5wYnQta2lja2Vyew0KICBtYXJnaW46MCAwIDZweDsNCiAgZm9udC1zaXplOjEycHg7DQogIGxldHRlci1zcGFjaW5nOi4xNGVtOw0KICB0ZXh0LXRyYW5zZm9ybTp1cHBlcmNhc2U7DQogIGNvbG9yOiM0NDQ0NDQ7DQp9DQoucGJ0LXJldmlld3Mtc2VvIC5wYnQtdG9wIGgxew0KICBmb250LWZhbWlseTonTW9udHNlcnJhdCcsc2Fucy1zZXJpZiFpbXBvcnRhbnQ7DQogIGZvbnQtd2VpZ2h0OjkwMDsNCiAgZm9udC1zaXplOmNsYW1wKDMwcHgsMy4ydncsNDRweCk7DQogIGxpbmUtaGVpZ2h0OjEuMDg7DQogIG1hcmdpbjowIDAgOHB4Ow0KfQ0KLnBidC1yZXZpZXdzLXNlbyAucGJ0LXRvcCBwew0KICBtYXgtd2lkdGg6OTAwcHg7DQogIG1hcmdpbjowIGF1dG87DQogIGZvbnQtc2l6ZToxNnB4Ow0KICBsaW5lLWhlaWdodDoxLjY7DQogIGNvbG9yOnJnYmEoMTcsMTcsMTcsLjcyKTsNCn0NCi5wYnQtcmV2aWV3cy1zZW8gLnBidC1wbGF0Zm9ybXN7DQogIG1hcmdpbjo2cHggYXV0byAwOw0KICBmb250LXNpemU6MTRweDsNCiAgbGluZS1oZWlnaHQ6MS42Ow0KICBjb2xvcjpyZ2JhKDE3LDE3LDE3LC42Mik7DQp9DQoucGJ0LXJldmlld3Mtc2VvIC5wYnQtanVtcHsNCiAgZGlzcGxheTppbmxpbmUtYmxvY2s7DQogIG1hcmdpbi10b3A6OHB4Ow0KICBmb250LXNpemU6MTNweDsNCiAgY29sb3I6IzJmNTVmZjsNCiAgZm9udC13ZWlnaHQ6NjAwOw0KICB0ZXh0LWRlY29yYXRpb246bm9uZTsNCn0NCi5wYnQtcmV2aWV3cy1zZW8gLnBidC1qdW1wOmhvdmVye3RleHQtZGVjb3JhdGlvbjp1bmRlcmxpbmU7fQ0KDQovKiBDQVJEIEJBU0UgKi8NCi5wYnQtcmV2aWV3cy1zZW8gLnBidC1jYXJkew0KICBtYXJnaW4tdG9wOjE2cHg7DQogIGJhY2tncm91bmQ6I2ZmZjsNCiAgYm9yZGVyLXJhZGl1czo2MHB4IDAgNjBweCAwOw0KICBib3JkZXI6MXB4IHNvbGlkIHJnYmEoMTcsMTcsMTcsLjA4KTsNCiAgYm94LXNoYWRvdzowIDE4cHggNDRweCByZ2JhKDE3LDE3LDE3LC4wOCk7DQogIG92ZXJmbG93OmhpZGRlbjsNCn0NCg0KLyogVEVYVCBDQVJEICovDQoucGJ0LXJldmlld3Mtc2VvIC5wYnQtdGV4dC1jYXJke3BhZGRpbmc6MjZweDt9DQoucGJ0LXJldmlld3Mtc2VvIC5wYnQtdGV4dC1jYXJkIGgyew0KICBmb250LWZhbWlseTonTW9udHNlcnJhdCcsc2Fucy1zZXJpZiFpbXBvcnRhbnQ7DQogIGZvbnQtd2VpZ2h0OjkwMDsNCiAgbWFyZ2luOjAgMCAxMnB4Ow0KICBmb250LXNpemU6Y2xhbXAoMjJweCwyLjR2dywzMHB4KTsNCn0NCi5wYnQtcmV2aWV3cy1zZW8gLnBidC10ZXh0LWNhcmQgcHsNCiAgbWFyZ2luOjAgMCAxMHB4Ow0KICBmb250LXNpemU6MTVweDsNCiAgbGluZS1oZWlnaHQ6MS42Ow0KICBjb2xvcjpyZ2JhKDE3LDE3LDE3LC43NSk7DQp9DQoucGJ0LXJldmlld3Mtc2VvIC5wYnQtdGV4dC1jYXJkIHA6bGFzdC1jaGlsZHttYXJnaW4tYm90dG9tOjA7fQ0KDQpAbWVkaWEobWF4LXdpZHRoOjkwMHB4KXsNCiAgLnBidC1yZXZpZXdzLXNlb3sgcGFkZGluZzoxOHB4IDE2cHggOHB4OyB9DQogIC5wYnQtcmV2aWV3cy1zZW8gLnBidC10ZXh0LWNhcmR7IHBhZGRpbmc6MjBweDsgfQ0KfQ0KPC9zdHlsZT4NCg0KPCEtLSBUSVRMRSAtLT4NCjxkaXYgY2xhc3M9InBidC10b3AiPg0KICA8cCBjbGFzcz0icGJ0LWtpY2tlciI+RW50cmVwcmlzZSBmYW1pbGlhbGUgZGVwdWlzIDE5Njcg4oCiIEJvYXQgRXVyb3BhIOKAoiBQdWxhLCBDcm9hdGllPC9wPg0KDQogIDxoMT5BdmlzIFB1bGEgQm9hdCBUb3VycyDigJMgQWR2ZW50dXJlcyDigJQgNCA1MDArIGF2aXMgdm95YWdldXJzPC9oMT4NCg0KICA8cD4NCiAgICBWb3VzIHByw6lwYXJleiB1bmUgPHN0cm9uZz5leGN1cnNpb24gZOKAmW9ic2VydmF0aW9uIGRlcyBkYXVwaGlucyBkZXB1aXMgUHVsYTwvc3Ryb25nPg0KICAgIG91IHVuZSA8c3Ryb25nPmV4Y3Vyc2lvbiBlbiBiYXRlYXUgYXV0b3VyIGRlcyDDrmxlcyBCcmlqdW5pPC9zdHJvbmc+ID8NCiAgICBEw6ljb3V2cmV6IGNpLWRlc3NvdXMgbGVzIGF2aXMgdsOpcmlmacOpcyBkZSB2b3lhZ2V1cnMgYXlhbnQgcGFydGljaXDDqSDDoCBub3MgY3JvaXNpw6hyZXMNCiAgICBhdSBjb3VjaGVyIGR1IHNvbGVpbCBldCDDoCBub3MgZXhjdXJzaW9ucyDDoCBib3JkIGR1IEJvYXQgRXVyb3BhLg0KICA8L3A+DQoNCiAgPGRpdiBjbGFzcz0icGJ0LXBsYXRmb3JtcyI+R29vZ2xlIOKAoiBUcmlwQWR2aXNvciDigKIgVmlhdG9yIOKAoiBHZXRZb3VyR3VpZGUg4oCiIEZhY2Vib29rPC9kaXY+DQoNCiAgPGEgY2xhc3M9InBidC1qdW1wIiBocmVmPSIjcmV2aWV3cyI+Vm9pciBsZXMgYXZpcyDihpM8L2E+DQo8L2Rpdj4NCg0KPCEtLSBPTkUgU0VPIENBUkQgLS0+DQo8ZGl2IGNsYXNzPSJwYnQtY2FyZCBwYnQtdGV4dC1jYXJkIj4NCiAgPGgyPkV4cMOpcmllbmNlcyByw6llbGxlcyBkZSB2b3lhZ2V1cnMg4oCUIMOgIHF1b2kgc+KAmWF0dGVuZHJlIHBlbmRhbnQgbm9zIGV4Y3Vyc2lvbnM8L2gyPg0KDQogIDxwPg0KICAgIFNpIHZvdXMgY29tcGFyZXogbGVzIDxzdHJvbmc+ZXhjdXJzaW9ucyBlbiBiYXRlYXUgw6AgUHVsYTwvc3Ryb25nPiwgbGVzIGF2aXMgc29udCBsZSBtb3llbiBsZSBwbHVzIHJhcGlkZQ0KICAgIGRlIGNvbXByZW5kcmUgbOKAmWV4cMOpcmllbmNlIHLDqWVsbGUuIExlcyB2b3lhZ2V1cnMgbWVudGlvbm5lbnQgc291dmVudCBs4oCZYW1iaWFuY2UgZMOpdGVuZHVlIMOgIGJvcmQsDQogICAgbOKAmW9yZ2FuaXNhdGlvbiBjbGFpcmUgZXQgbGVzIHBheXNhZ2VzIHNwZWN0YWN1bGFpcmVzIGF1dG91ciBkZXMgPHN0cm9uZz7DrmxlcyBCcmlqdW5pPC9zdHJvbmc+Lg0KICA8L3A+DQoNCiAgPHA+DQogICAgTm9zIGRldXggcHJpbmNpcGFsZXMgZXhww6lyaWVuY2VzIHNvbnQgdW5lIDxzdHJvbmc+Y3JvaXNpw6hyZSBkZSAzIGhldXJlcyBhdmVjIG9ic2VydmF0aW9uIGRlcyBkYXVwaGlucyBhdSBjb3VjaGVyIGR1IHNvbGVpbDwvc3Ryb25nPg0KICAgIGV0IHVuZSA8c3Ryb25nPmV4Y3Vyc2lvbiBkZSA1IGhldXJlcyBhdXRvdXIgZGVzIMOubGVzIEJyaWp1bmk8L3N0cm9uZz4gYXZlYyB2dWVzIHBhbm9yYW1pcXVlcyBldCB0ZW1wcyBkZSBiYWlnbmFkZSBzZWxvbiBsYSBzYWlzb24uDQogICAgTGVzIGRldXggZXhjdXJzaW9ucyBzb250IGNvbsOndWVzIGF2ZWMgdW5lIGNhcGFjaXTDqSBjb25mb3J0YWJsZSDigJQgc2FucyBmb3VsZSBldCBzYW5zIHByb2dyYW1tZSBwcmVzc8OpLg0KICA8L3A+DQoNCiAgPHA+DQogICAgUGFyY291cmV6IGxlcyBhdmlzIGNpLWRlc3NvdXMgKHByb3ZlbmFudCBkZSBub3MgcHJvZmlscyBwdWJsaWNzIHN1ciBsZXMgcHJpbmNpcGFsZXMgcGxhdGVmb3JtZXMgZGUgdm95YWdlKSwNCiAgICBwdWlzIHLDqXNlcnZleiBlbiB0b3V0ZSBjb25maWFuY2UgbG9yc3F1ZSB2b3VzIMOqdGVzIHByw6p0Lg0KICA8L3A+DQo8L2Rpdj4NCg0KPC9zZWN0aW9uPjxicj48YnI+PGRpdiBpZD0icmV2aWV3cyIgc3R5bGU9InBvc2l0aW9uOnJlbGF0aXZlOyB0b3A6LTEwcHg7Ij48L2Rpdj4=[\/vc_raw_html][\/vc_column][\/vc_row][vc_row full_height=\u00a0\u00bbyes\u00a0\u00bb columns_placement=\u00a0\u00bbtop\u00a0\u00bb][vc_column][vc_raw_html css=\u00a0\u00bb\u00a0\u00bb]PHNjcmlwdCBkZWZlciBhc3luYyBzcmM9J2h0dHBzOi8vY2RuLnRydXN0aW5kZXguaW8vbG9hZGVyLmpzPzJkZTMyZGQ2M2M0ZDM2MGU0NDA2NGJiMjhmZCc+PC9zY3JpcHQ+[\/vc_raw_html][vc_row_inner][vc_column_inner][vc_empty_space][vc_empty_space][vc_media_grid element_width=\u00a0\u00bb2&Prime; gap=\u00a0\u00bb0&Prime; css=\u00a0\u00bb\u00a0\u00bb grid_id=\u00a0\u00bbvc_gid:1772439054679-d9dcaee450bd80e77e2583c0f50a4b60-8&Prime; include=\u00a0\u00bb6853,6854,6855,6856,6857,6858&Prime;][\/vc_column_inner][\/vc_row_inner][\/vc_column][\/vc_row][vc_row][vc_column][vc_raw_html [&hellip;]<\/p>\n","protected":false},"author":2,"featured_media":0,"parent":0,"menu_order":0,"comment_status":"closed","ping_status":"closed","template":"","meta":{"site-sidebar-layout":"default","site-content-layout":"plain-container","ast-site-content-layout":"default","site-content-style":"default","site-sidebar-style":"default","ast-global-header-display":"","ast-banner-title-visibility":"","ast-main-header-display":"","ast-hfb-above-header-display":"","ast-hfb-below-header-display":"","ast-hfb-mobile-header-display":"","site-post-title":"disabled","ast-breadcrumbs-content":"","ast-featured-img":"","footer-sml-layout":"","ast-disable-related-posts":"","theme-transparent-header-meta":"default","adv-header-id-meta":"","stick-header-meta":"","header-above-stick-meta":"","header-main-stick-meta":"","header-below-stick-meta":"","astra-migrate-meta-layouts":"set","ast-page-background-enabled":"default","ast-page-background-meta":{"desktop":{"background-color":"var(--ast-global-color-5)","background-image":"","background-repeat":"repeat","background-position":"center center","background-size":"auto","background-attachment":"scroll","background-type":"","background-media":"","overlay-type":"","overlay-color":"","overlay-opacity":"","overlay-gradient":""},"tablet":{"background-color":"","background-image":"","background-repeat":"repeat","background-position":"center center","background-size":"auto","background-attachment":"scroll","background-type":"","background-media":"","overlay-type":"","overlay-color":"","overlay-opacity":"","overlay-gradient":""},"mobile":{"background-color":"","background-image":"","background-repeat":"repeat","background-position":"center center","background-size":"auto","background-attachment":"scroll","background-type":"","background-media":"","overlay-type":"","overlay-color":"","overlay-opacity":"","overlay-gradient":""}},"ast-content-background-meta":{"desktop":{"background-color":"var(--ast-global-color-4)","background-image":"","background-repeat":"repeat","background-position":"center center","background-size":"auto","background-attachment":"scroll","background-type":"","background-media":"","overlay-type":"","overlay-color":"","overlay-opacity":"","overlay-gradient":""},"tablet":{"background-color":"var(--ast-global-color-4)","background-image":"","background-repeat":"repeat","background-position":"center center","background-size":"auto","background-attachment":"scroll","background-type":"","background-media":"","overlay-type":"","overlay-color":"","overlay-opacity":"","overlay-gradient":""},"mobile":{"background-color":"var(--ast-global-color-4)","background-image":"","background-repeat":"repeat","background-position":"center center","background-size":"auto","background-attachment":"scroll","background-type":"","background-media":"","overlay-type":"","overlay-color":"","overlay-opacity":"","overlay-gradient":""}},"footnotes":""},"class_list":["post-6859","page","type-page","status-publish","hentry"],"yoast_head":"<!-- This site is optimized with the Yoast SEO plugin v26.8 - https:\/\/yoast.com\/product\/yoast-seo-wordpress\/ -->\n<title>Pula Boat Tours \u2013 Adventures (Boat Europa) | 4 500+ avis \u2605 4.8<\/title>\n<meta name=\"description\" content=\"D\u00e9couvrez 4 500+ avis v\u00e9rifi\u00e9s sur Pula Boat Tours \u2013 Adventures (Boat Europa). Notes Google, TripAdvisor, Viator et GetYourGuide.\" \/>\n<meta name=\"robots\" content=\"index, follow, max-snippet:-1, max-image-preview:large, max-video-preview:-1\" \/>\n<link rel=\"canonical\" href=\"https:\/\/pulaboattours-adventures.com\/fr\/avis\/\" \/>\n<meta property=\"og:locale\" content=\"fr_FR\" \/>\n<meta property=\"og:type\" content=\"article\" \/>\n<meta property=\"og:title\" content=\"Pula Boat Tours \u2013 Adventures (Boat Europa) | 4 500+ avis \u2605 4.8\" \/>\n<meta property=\"og:description\" content=\"D\u00e9couvrez 4 500+ avis v\u00e9rifi\u00e9s sur Pula Boat Tours \u2013 Adventures (Boat Europa). Notes Google, TripAdvisor, Viator et GetYourGuide.\" \/>\n<meta property=\"og:url\" content=\"https:\/\/pulaboattours-adventures.com\/fr\/avis\/\" \/>\n<meta property=\"og:site_name\" content=\"Pula Boat Tours - Adventures , Boat Europa\" \/>\n<meta property=\"article:publisher\" content=\"https:\/\/www.facebook.com\/pulaboattour\" \/>\n<meta property=\"article:modified_time\" content=\"2026-03-06T16:05:19+00:00\" \/>\n<meta name=\"twitter:card\" content=\"summary_large_image\" \/>\n<meta name=\"twitter:label1\" content=\"Dur\u00e9e de lecture estim\u00e9e\" \/>\n\t<meta name=\"twitter:data1\" content=\"2 minutes\" \/>\n<script type=\"application\/ld+json\" class=\"yoast-schema-graph\">{\"@context\":\"https:\/\/schema.org\",\"@graph\":[{\"@type\":\"WebPage\",\"@id\":\"https:\/\/pulaboattours-adventures.com\/fr\/avis\/\",\"url\":\"https:\/\/pulaboattours-adventures.com\/fr\/avis\/\",\"name\":\"Pula Boat Tours \u2013 Adventures (Boat Europa) | 4 500+ avis \u2605 4.8\",\"isPartOf\":{\"@id\":\"https:\/\/pulaboattours-adventures.com\/fr\/#website\"},\"datePublished\":\"2026-01-28T12:54:54+00:00\",\"dateModified\":\"2026-03-06T16:05:19+00:00\",\"description\":\"D\u00e9couvrez 4 500+ avis v\u00e9rifi\u00e9s sur Pula Boat Tours \u2013 Adventures (Boat Europa). Notes Google, TripAdvisor, Viator et GetYourGuide.\",\"breadcrumb\":{\"@id\":\"https:\/\/pulaboattours-adventures.com\/fr\/avis\/#breadcrumb\"},\"inLanguage\":\"fr-FR\",\"potentialAction\":[{\"@type\":\"ReadAction\",\"target\":[\"https:\/\/pulaboattours-adventures.com\/fr\/avis\/\"]}]},{\"@type\":\"BreadcrumbList\",\"@id\":\"https:\/\/pulaboattours-adventures.com\/fr\/avis\/#breadcrumb\",\"itemListElement\":[{\"@type\":\"ListItem\",\"position\":1,\"name\":\"Home\",\"item\":\"https:\/\/pulaboattours-adventures.com\/fr\/\"},{\"@type\":\"ListItem\",\"position\":2,\"name\":\"Avis\"}]},{\"@type\":\"WebSite\",\"@id\":\"https:\/\/pulaboattours-adventures.com\/fr\/#website\",\"url\":\"https:\/\/pulaboattours-adventures.com\/fr\/\",\"name\":\"Pula Boat Tours Adventures\",\"description\":\"One of the best Boat Tours in Istria\",\"publisher\":{\"@id\":\"https:\/\/pulaboattours-adventures.com\/fr\/#organization\"},\"potentialAction\":[{\"@type\":\"SearchAction\",\"target\":{\"@type\":\"EntryPoint\",\"urlTemplate\":\"https:\/\/pulaboattours-adventures.com\/fr\/?s={search_term_string}\"},\"query-input\":{\"@type\":\"PropertyValueSpecification\",\"valueRequired\":true,\"valueName\":\"search_term_string\"}}],\"inLanguage\":\"fr-FR\"},{\"@type\":\"Organization\",\"@id\":\"https:\/\/pulaboattours-adventures.com\/fr\/#organization\",\"name\":\"Pula Boat Tours Adventures\",\"url\":\"https:\/\/pulaboattours-adventures.com\/fr\/\",\"logo\":{\"@type\":\"ImageObject\",\"inLanguage\":\"fr-FR\",\"@id\":\"https:\/\/pulaboattours-adventures.com\/fr\/#\/schema\/logo\/image\/\",\"url\":\"https:\/\/pulaboattours-adventures.com\/wp-content\/uploads\/2026\/02\/cropped-cropped-logo-slika-1.webp\",\"contentUrl\":\"https:\/\/pulaboattours-adventures.com\/wp-content\/uploads\/2026\/02\/cropped-cropped-logo-slika-1.webp\",\"width\":341,\"height\":286,\"caption\":\"Pula Boat Tours Adventures\"},\"image\":{\"@id\":\"https:\/\/pulaboattours-adventures.com\/fr\/#\/schema\/logo\/image\/\"},\"sameAs\":[\"https:\/\/www.facebook.com\/pulaboattour\",\"https:\/\/www.instagram.com\/pula_boat_tours_adventures\/\",\"https:\/\/www.tiktok.com\/@pulaboattoursadventures\"]}]}<\/script>\n<!-- \/ Yoast SEO plugin. -->","yoast_head_json":{"title":"Pula Boat Tours \u2013 Adventures (Boat Europa) | 4 500+ avis \u2605 4.8","description":"D\u00e9couvrez 4 500+ avis v\u00e9rifi\u00e9s sur Pula Boat Tours \u2013 Adventures (Boat Europa). Notes Google, TripAdvisor, Viator et GetYourGuide.","robots":{"index":"index","follow":"follow","max-snippet":"max-snippet:-1","max-image-preview":"max-image-preview:large","max-video-preview":"max-video-preview:-1"},"canonical":"https:\/\/pulaboattours-adventures.com\/fr\/avis\/","og_locale":"fr_FR","og_type":"article","og_title":"Pula Boat Tours \u2013 Adventures (Boat Europa) | 4 500+ avis \u2605 4.8","og_description":"D\u00e9couvrez 4 500+ avis v\u00e9rifi\u00e9s sur Pula Boat Tours \u2013 Adventures (Boat Europa). Notes Google, TripAdvisor, Viator et GetYourGuide.","og_url":"https:\/\/pulaboattours-adventures.com\/fr\/avis\/","og_site_name":"Pula Boat Tours - Adventures , Boat Europa","article_publisher":"https:\/\/www.facebook.com\/pulaboattour","article_modified_time":"2026-03-06T16:05:19+00:00","twitter_card":"summary_large_image","twitter_misc":{"Dur\u00e9e de lecture estim\u00e9e":"2 minutes"},"schema":{"@context":"https:\/\/schema.org","@graph":[{"@type":"WebPage","@id":"https:\/\/pulaboattours-adventures.com\/fr\/avis\/","url":"https:\/\/pulaboattours-adventures.com\/fr\/avis\/","name":"Pula Boat Tours \u2013 Adventures (Boat Europa) | 4 500+ avis \u2605 4.8","isPartOf":{"@id":"https:\/\/pulaboattours-adventures.com\/fr\/#website"},"datePublished":"2026-01-28T12:54:54+00:00","dateModified":"2026-03-06T16:05:19+00:00","description":"D\u00e9couvrez 4 500+ avis v\u00e9rifi\u00e9s sur Pula Boat Tours \u2013 Adventures (Boat Europa). Notes Google, TripAdvisor, Viator et GetYourGuide.","breadcrumb":{"@id":"https:\/\/pulaboattours-adventures.com\/fr\/avis\/#breadcrumb"},"inLanguage":"fr-FR","potentialAction":[{"@type":"ReadAction","target":["https:\/\/pulaboattours-adventures.com\/fr\/avis\/"]}]},{"@type":"BreadcrumbList","@id":"https:\/\/pulaboattours-adventures.com\/fr\/avis\/#breadcrumb","itemListElement":[{"@type":"ListItem","position":1,"name":"Home","item":"https:\/\/pulaboattours-adventures.com\/fr\/"},{"@type":"ListItem","position":2,"name":"Avis"}]},{"@type":"WebSite","@id":"https:\/\/pulaboattours-adventures.com\/fr\/#website","url":"https:\/\/pulaboattours-adventures.com\/fr\/","name":"Pula Boat Tours Adventures","description":"One of the best Boat Tours in Istria","publisher":{"@id":"https:\/\/pulaboattours-adventures.com\/fr\/#organization"},"potentialAction":[{"@type":"SearchAction","target":{"@type":"EntryPoint","urlTemplate":"https:\/\/pulaboattours-adventures.com\/fr\/?s={search_term_string}"},"query-input":{"@type":"PropertyValueSpecification","valueRequired":true,"valueName":"search_term_string"}}],"inLanguage":"fr-FR"},{"@type":"Organization","@id":"https:\/\/pulaboattours-adventures.com\/fr\/#organization","name":"Pula Boat Tours Adventures","url":"https:\/\/pulaboattours-adventures.com\/fr\/","logo":{"@type":"ImageObject","inLanguage":"fr-FR","@id":"https:\/\/pulaboattours-adventures.com\/fr\/#\/schema\/logo\/image\/","url":"https:\/\/pulaboattours-adventures.com\/wp-content\/uploads\/2026\/02\/cropped-cropped-logo-slika-1.webp","contentUrl":"https:\/\/pulaboattours-adventures.com\/wp-content\/uploads\/2026\/02\/cropped-cropped-logo-slika-1.webp","width":341,"height":286,"caption":"Pula Boat Tours Adventures"},"image":{"@id":"https:\/\/pulaboattours-adventures.com\/fr\/#\/schema\/logo\/image\/"},"sameAs":["https:\/\/www.facebook.com\/pulaboattour","https:\/\/www.instagram.com\/pula_boat_tours_adventures\/","https:\/\/www.tiktok.com\/@pulaboattoursadventures"]}]}},"_links":{"self":[{"href":"https:\/\/pulaboattours-adventures.com\/fr\/wp-json\/wp\/v2\/pages\/6859","targetHints":{"allow":["GET"]}}],"collection":[{"href":"https:\/\/pulaboattours-adventures.com\/fr\/wp-json\/wp\/v2\/pages"}],"about":[{"href":"https:\/\/pulaboattours-adventures.com\/fr\/wp-json\/wp\/v2\/types\/page"}],"author":[{"embeddable":true,"href":"https:\/\/pulaboattours-adventures.com\/fr\/wp-json\/wp\/v2\/users\/2"}],"replies":[{"embeddable":true,"href":"https:\/\/pulaboattours-adventures.com\/fr\/wp-json\/wp\/v2\/comments?post=6859"}],"version-history":[{"count":9,"href":"https:\/\/pulaboattours-adventures.com\/fr\/wp-json\/wp\/v2\/pages\/6859\/revisions"}],"predecessor-version":[{"id":6868,"href":"https:\/\/pulaboattours-adventures.com\/fr\/wp-json\/wp\/v2\/pages\/6859\/revisions\/6868"}],"wp:attachment":[{"href":"https:\/\/pulaboattours-adventures.com\/fr\/wp-json\/wp\/v2\/media?parent=6859"}],"curies":[{"name":"wp","href":"https:\/\/api.w.org\/{rel}","templated":true}]}}