{"id":6898,"date":"2025-03-31T17:06:14","date_gmt":"2025-03-31T17:06:14","guid":{"rendered":"https:\/\/pulaboattours-adventures.com\/eco-safety\/"},"modified":"2026-03-07T11:18:35","modified_gmt":"2026-03-07T11:18:35","slug":"eco-safety","status":"publish","type":"page","link":"https:\/\/pulaboattours-adventures.com\/fr\/eco-safety\/","title":{"rendered":"Eco &#038; Safety"},"content":{"rendered":"<div class=\"wpb-content-wrapper\"><p>[vc_row][vc_column][vc_raw_html css=\u00a0\u00bb\u00a0\u00bb]PGgyPkVuZ2FnZW1lbnQgw6ljb2xvZ2lxdWUgZXQgc8OpY3VyaXTDqTwvaDI+PGJyPjxwPkNoZXogUHVsYSBCb2F0IFRvdXJzIOKAkyBBZHZlbnR1cmVzLCBub3VzIG5vdXMgZW5nYWdlb25zIGVuIGZhdmV1ciBk4oCZdW4gdG91cmlzbWUgcmVzcG9uc2FibGUgZXQgZHVyYWJsZSA6PC9wPjxicj48dWw+DQogIDxsaT5Ob3VzIG5lIG5vdXJyaXNzb25zIGphbWFpcyBsZXMgZGF1cGhpbnMsIG5lIGxlcyBwb3Vyc3Vpdm9ucyBwYXMgZXQgbmUgbGVzIGTDqXJhbmdlb25zIHBhcy4gTm9zIGV4Y3Vyc2lvbnMgZOKAmW9ic2VydmF0aW9uIGRlcyBkYXVwaGlucyByZXNwZWN0ZW50IMOgIDEwMCAlIGxhIHZpZSBtYXJpbmUuPC9saT4NCiAgPGxpPk5vdXMgcmVzcGVjdG9ucyBsZXMgcsOoZ2xlcyBkZSBkaXN0YW5jZSBkdSBQYXJjIG5hdGlvbmFsIGRlIEJyaWp1bmkgYWluc2kgcXVlIGxlcyBwcmluY2lwZXMgZGUgbmF2aWdhdGlvbiDDqWNvbG9naXF1ZS48L2xpPg0KICA8bGk+VG91cyBsZXMgZMOpY2hldHMgc29udCBjb2xsZWN0w6lzIMOgIGJvcmQgZXQgw6lsaW1pbsOpcyBkZSBtYW5pw6hyZSByZXNwb25zYWJsZSBhcHLDqHMgY2hhcXVlIGV4Y3Vyc2lvbi48L2xpPg0KICA8bGk+RGVzIGdpbGV0cyBkZSBzYXV2ZXRhZ2UgZXQgbOKAmcOpcXVpcGVtZW50IGRlIHPDqWN1cml0w6kgc29udCBmb3VybmlzIMOgIHRvdXMgbGVzIHBhc3NhZ2Vycy48L2xpPg0KICA8bGk+Tm90cmUgw6lxdWlwYWdlIGVzdCBjZXJ0aWZpw6kgZXQgZm9ybcOpIGF1eCBwcmVtaWVycyBzZWNvdXJzIGV0IMOgIGxhIHPDqWN1cml0w6kgbWFyaXRpbWUuPC9saT4NCjwvdWw+PGJyPjxwPk5vdXMgcGVuc29ucyBxdWUgcHJvdMOpZ2VyIGxhIG1lciBmYWl0IHBhcnRpZSBkZSBs4oCZZXhww6lyaWVuY2UuIFByb2ZpdGV6IGRlIGxhIG1lciDigJMgcHJvdMOpZ2V6IGxhIG1lci48L3A+[\/vc_raw_html][\/vc_column][\/vc_row]<\/p>\n<\/div>","protected":false},"excerpt":{"rendered":"<p>[vc_row][vc_column][vc_raw_html css=\u00a0\u00bb\u00a0\u00bb]PGgyPkVuZ2FnZW1lbnQgw6ljb2xvZ2lxdWUgZXQgc8OpY3VyaXTDqTwvaDI+PGJyPjxwPkNoZXogUHVsYSBCb2F0IFRvdXJzIOKAkyBBZHZlbnR1cmVzLCBub3VzIG5vdXMgZW5nYWdlb25zIGVuIGZhdmV1ciBk4oCZdW4gdG91cmlzbWUgcmVzcG9uc2FibGUgZXQgZHVyYWJsZSA6PC9wPjxicj48dWw+DQogIDxsaT5Ob3VzIG5lIG5vdXJyaXNzb25zIGphbWFpcyBsZXMgZGF1cGhpbnMsIG5lIGxlcyBwb3Vyc3Vpdm9ucyBwYXMgZXQgbmUgbGVzIGTDqXJhbmdlb25zIHBhcy4gTm9zIGV4Y3Vyc2lvbnMgZOKAmW9ic2VydmF0aW9uIGRlcyBkYXVwaGlucyByZXNwZWN0ZW50IMOgIDEwMCAlIGxhIHZpZSBtYXJpbmUuPC9saT4NCiAgPGxpPk5vdXMgcmVzcGVjdG9ucyBsZXMgcsOoZ2xlcyBkZSBkaXN0YW5jZSBkdSBQYXJjIG5hdGlvbmFsIGRlIEJyaWp1bmkgYWluc2kgcXVlIGxlcyBwcmluY2lwZXMgZGUgbmF2aWdhdGlvbiDDqWNvbG9naXF1ZS48L2xpPg0KICA8bGk+VG91cyBsZXMgZMOpY2hldHMgc29udCBjb2xsZWN0w6lzIMOgIGJvcmQgZXQgw6lsaW1pbsOpcyBkZSBtYW5pw6hyZSByZXNwb25zYWJsZSBhcHLDqHMgY2hhcXVlIGV4Y3Vyc2lvbi48L2xpPg0KICA8bGk+RGVzIGdpbGV0cyBkZSBzYXV2ZXRhZ2UgZXQgbOKAmcOpcXVpcGVtZW50IGRlIHPDqWN1cml0w6kgc29udCBmb3VybmlzIMOgIHRvdXMgbGVzIHBhc3NhZ2Vycy48L2xpPg0KICA8bGk+Tm90cmUgw6lxdWlwYWdlIGVzdCBjZXJ0aWZpw6kgZXQgZm9ybcOpIGF1eCBwcmVtaWVycyBzZWNvdXJzIGV0IMOgIGxhIHPDqWN1cml0w6kgbWFyaXRpbWUuPC9saT4NCjwvdWw+PGJyPjxwPk5vdXMgcGVuc29ucyBxdWUgcHJvdMOpZ2VyIGxhIG1lciBmYWl0IHBhcnRpZSBkZSBs4oCZZXhww6lyaWVuY2UuIFByb2ZpdGV6IGRlIGxhIG1lciDigJMgcHJvdMOpZ2V6IGxhIG1lci48L3A+[\/vc_raw_html][\/vc_column][\/vc_row]<\/p>\n","protected":false},"author":2,"featured_media":0,"parent":0,"menu_order":0,"comment_status":"closed","ping_status":"closed","template":"","meta":{"site-sidebar-layout":"no-sidebar","site-content-layout":"plain-container","ast-site-content-layout":"default","site-content-style":"default","site-sidebar-style":"default","ast-global-header-display":"","ast-banner-title-visibility":"","ast-main-header-display":"","ast-hfb-above-header-display":"","ast-hfb-below-header-display":"","ast-hfb-mobile-header-display":"","site-post-title":"disabled","ast-breadcrumbs-content":"","ast-featured-img":"disabled","footer-sml-layout":"","ast-disable-related-posts":"","theme-transparent-header-meta":"default","adv-header-id-meta":"","stick-header-meta":"","header-above-stick-meta":"","header-main-stick-meta":"","header-below-stick-meta":"","astra-migrate-meta-layouts":"set","ast-page-background-enabled":"default","ast-page-background-meta":{"desktop":{"background-color":"var(--ast-global-color-5)","background-image":"","background-repeat":"repeat","background-position":"center center","background-size":"auto","background-attachment":"scroll","background-type":"","background-media":"","overlay-type":"","overlay-color":"","overlay-opacity":"","overlay-gradient":""},"tablet":{"background-color":"","background-image":"","background-repeat":"repeat","background-position":"center center","background-size":"auto","background-attachment":"scroll","background-type":"","background-media":"","overlay-type":"","overlay-color":"","overlay-opacity":"","overlay-gradient":""},"mobile":{"background-color":"","background-image":"","background-repeat":"repeat","background-position":"center center","background-size":"auto","background-attachment":"scroll","background-type":"","background-media":"","overlay-type":"","overlay-color":"","overlay-opacity":"","overlay-gradient":""}},"ast-content-background-meta":{"desktop":{"background-color":"var(--ast-global-color-4)","background-image":"","background-repeat":"repeat","background-position":"center center","background-size":"auto","background-attachment":"scroll","background-type":"","background-media":"","overlay-type":"","overlay-color":"","overlay-opacity":"","overlay-gradient":""},"tablet":{"background-color":"var(--ast-global-color-4)","background-image":"","background-repeat":"repeat","background-position":"center center","background-size":"auto","background-attachment":"scroll","background-type":"","background-media":"","overlay-type":"","overlay-color":"","overlay-opacity":"","overlay-gradient":""},"mobile":{"background-color":"var(--ast-global-color-4)","background-image":"","background-repeat":"repeat","background-position":"center center","background-size":"auto","background-attachment":"scroll","background-type":"","background-media":"","overlay-type":"","overlay-color":"","overlay-opacity":"","overlay-gradient":""}},"footnotes":""},"class_list":["post-6898","page","type-page","status-publish","hentry"],"yoast_head":"<!-- This site is optimized with the Yoast SEO plugin v26.8 - https:\/\/yoast.com\/product\/yoast-seo-wordpress\/ -->\n<title>Eco &amp; Safety - Pula Boat Tours - Adventures , Boat Europa<\/title>\n<meta name=\"description\" content=\"Notre politique environnementale et de s\u00e9curit\u00e9 garantit une observation responsable des dauphins et des excursions en bateau s\u00fbres \u00e0 Pula.\" \/>\n<meta name=\"robots\" content=\"index, follow, max-snippet:-1, max-image-preview:large, max-video-preview:-1\" \/>\n<link rel=\"canonical\" href=\"https:\/\/pulaboattours-adventures.com\/fr\/eco-safety\/\" \/>\n<meta property=\"og:locale\" content=\"fr_FR\" \/>\n<meta property=\"og:type\" content=\"article\" \/>\n<meta property=\"og:title\" content=\"Eco &amp; Safety - Pula Boat Tours - Adventures , Boat Europa\" \/>\n<meta property=\"og:description\" content=\"Notre politique environnementale et de s\u00e9curit\u00e9 garantit une observation responsable des dauphins et des excursions en bateau s\u00fbres \u00e0 Pula.\" \/>\n<meta property=\"og:url\" content=\"https:\/\/pulaboattours-adventures.com\/fr\/eco-safety\/\" \/>\n<meta property=\"og:site_name\" content=\"Pula Boat Tours - Adventures , Boat Europa\" \/>\n<meta property=\"article:publisher\" content=\"https:\/\/www.facebook.com\/pulaboattour\" \/>\n<meta property=\"article:modified_time\" content=\"2026-03-07T11:18:35+00:00\" \/>\n<meta name=\"twitter:card\" content=\"summary_large_image\" \/>\n<meta name=\"twitter:label1\" content=\"Dur\u00e9e de lecture estim\u00e9e\" \/>\n\t<meta name=\"twitter:data1\" content=\"1 minute\" \/>\n<script type=\"application\/ld+json\" class=\"yoast-schema-graph\">{\"@context\":\"https:\/\/schema.org\",\"@graph\":[{\"@type\":\"WebPage\",\"@id\":\"https:\/\/pulaboattours-adventures.com\/fr\/eco-safety\/\",\"url\":\"https:\/\/pulaboattours-adventures.com\/fr\/eco-safety\/\",\"name\":\"Eco & Safety - Pula Boat Tours - Adventures , Boat Europa\",\"isPartOf\":{\"@id\":\"https:\/\/pulaboattours-adventures.com\/fr\/#website\"},\"datePublished\":\"2025-03-31T17:06:14+00:00\",\"dateModified\":\"2026-03-07T11:18:35+00:00\",\"description\":\"Notre politique environnementale et de s\u00e9curit\u00e9 garantit une observation responsable des dauphins et des excursions en bateau s\u00fbres \u00e0 Pula.\",\"breadcrumb\":{\"@id\":\"https:\/\/pulaboattours-adventures.com\/fr\/eco-safety\/#breadcrumb\"},\"inLanguage\":\"fr-FR\",\"potentialAction\":[{\"@type\":\"ReadAction\",\"target\":[\"https:\/\/pulaboattours-adventures.com\/fr\/eco-safety\/\"]}]},{\"@type\":\"BreadcrumbList\",\"@id\":\"https:\/\/pulaboattours-adventures.com\/fr\/eco-safety\/#breadcrumb\",\"itemListElement\":[{\"@type\":\"ListItem\",\"position\":1,\"name\":\"Home\",\"item\":\"https:\/\/pulaboattours-adventures.com\/fr\/\"},{\"@type\":\"ListItem\",\"position\":2,\"name\":\"Eco &#038; Safety\"}]},{\"@type\":\"WebSite\",\"@id\":\"https:\/\/pulaboattours-adventures.com\/fr\/#website\",\"url\":\"https:\/\/pulaboattours-adventures.com\/fr\/\",\"name\":\"Pula Boat Tours Adventures\",\"description\":\"One of the best Boat Tours in Istria\",\"publisher\":{\"@id\":\"https:\/\/pulaboattours-adventures.com\/fr\/#organization\"},\"potentialAction\":[{\"@type\":\"SearchAction\",\"target\":{\"@type\":\"EntryPoint\",\"urlTemplate\":\"https:\/\/pulaboattours-adventures.com\/fr\/?s={search_term_string}\"},\"query-input\":{\"@type\":\"PropertyValueSpecification\",\"valueRequired\":true,\"valueName\":\"search_term_string\"}}],\"inLanguage\":\"fr-FR\"},{\"@type\":\"Organization\",\"@id\":\"https:\/\/pulaboattours-adventures.com\/fr\/#organization\",\"name\":\"Pula Boat Tours Adventures\",\"url\":\"https:\/\/pulaboattours-adventures.com\/fr\/\",\"logo\":{\"@type\":\"ImageObject\",\"inLanguage\":\"fr-FR\",\"@id\":\"https:\/\/pulaboattours-adventures.com\/fr\/#\/schema\/logo\/image\/\",\"url\":\"https:\/\/pulaboattours-adventures.com\/wp-content\/uploads\/2026\/02\/cropped-cropped-logo-slika-1.webp\",\"contentUrl\":\"https:\/\/pulaboattours-adventures.com\/wp-content\/uploads\/2026\/02\/cropped-cropped-logo-slika-1.webp\",\"width\":341,\"height\":286,\"caption\":\"Pula Boat Tours Adventures\"},\"image\":{\"@id\":\"https:\/\/pulaboattours-adventures.com\/fr\/#\/schema\/logo\/image\/\"},\"sameAs\":[\"https:\/\/www.facebook.com\/pulaboattour\",\"https:\/\/www.instagram.com\/pula_boat_tours_adventures\/\",\"https:\/\/www.tiktok.com\/@pulaboattoursadventures\"]}]}<\/script>\n<!-- \/ Yoast SEO plugin. -->","yoast_head_json":{"title":"Eco & Safety - Pula Boat Tours - Adventures , Boat Europa","description":"Notre politique environnementale et de s\u00e9curit\u00e9 garantit une observation responsable des dauphins et des excursions en bateau s\u00fbres \u00e0 Pula.","robots":{"index":"index","follow":"follow","max-snippet":"max-snippet:-1","max-image-preview":"max-image-preview:large","max-video-preview":"max-video-preview:-1"},"canonical":"https:\/\/pulaboattours-adventures.com\/fr\/eco-safety\/","og_locale":"fr_FR","og_type":"article","og_title":"Eco & Safety - Pula Boat Tours - Adventures , Boat Europa","og_description":"Notre politique environnementale et de s\u00e9curit\u00e9 garantit une observation responsable des dauphins et des excursions en bateau s\u00fbres \u00e0 Pula.","og_url":"https:\/\/pulaboattours-adventures.com\/fr\/eco-safety\/","og_site_name":"Pula Boat Tours - Adventures , Boat Europa","article_publisher":"https:\/\/www.facebook.com\/pulaboattour","article_modified_time":"2026-03-07T11:18:35+00:00","twitter_card":"summary_large_image","twitter_misc":{"Dur\u00e9e de lecture estim\u00e9e":"1 minute"},"schema":{"@context":"https:\/\/schema.org","@graph":[{"@type":"WebPage","@id":"https:\/\/pulaboattours-adventures.com\/fr\/eco-safety\/","url":"https:\/\/pulaboattours-adventures.com\/fr\/eco-safety\/","name":"Eco & Safety - Pula Boat Tours - Adventures , Boat Europa","isPartOf":{"@id":"https:\/\/pulaboattours-adventures.com\/fr\/#website"},"datePublished":"2025-03-31T17:06:14+00:00","dateModified":"2026-03-07T11:18:35+00:00","description":"Notre politique environnementale et de s\u00e9curit\u00e9 garantit une observation responsable des dauphins et des excursions en bateau s\u00fbres \u00e0 Pula.","breadcrumb":{"@id":"https:\/\/pulaboattours-adventures.com\/fr\/eco-safety\/#breadcrumb"},"inLanguage":"fr-FR","potentialAction":[{"@type":"ReadAction","target":["https:\/\/pulaboattours-adventures.com\/fr\/eco-safety\/"]}]},{"@type":"BreadcrumbList","@id":"https:\/\/pulaboattours-adventures.com\/fr\/eco-safety\/#breadcrumb","itemListElement":[{"@type":"ListItem","position":1,"name":"Home","item":"https:\/\/pulaboattours-adventures.com\/fr\/"},{"@type":"ListItem","position":2,"name":"Eco &#038; Safety"}]},{"@type":"WebSite","@id":"https:\/\/pulaboattours-adventures.com\/fr\/#website","url":"https:\/\/pulaboattours-adventures.com\/fr\/","name":"Pula Boat Tours Adventures","description":"One of the best Boat Tours in Istria","publisher":{"@id":"https:\/\/pulaboattours-adventures.com\/fr\/#organization"},"potentialAction":[{"@type":"SearchAction","target":{"@type":"EntryPoint","urlTemplate":"https:\/\/pulaboattours-adventures.com\/fr\/?s={search_term_string}"},"query-input":{"@type":"PropertyValueSpecification","valueRequired":true,"valueName":"search_term_string"}}],"inLanguage":"fr-FR"},{"@type":"Organization","@id":"https:\/\/pulaboattours-adventures.com\/fr\/#organization","name":"Pula Boat Tours Adventures","url":"https:\/\/pulaboattours-adventures.com\/fr\/","logo":{"@type":"ImageObject","inLanguage":"fr-FR","@id":"https:\/\/pulaboattours-adventures.com\/fr\/#\/schema\/logo\/image\/","url":"https:\/\/pulaboattours-adventures.com\/wp-content\/uploads\/2026\/02\/cropped-cropped-logo-slika-1.webp","contentUrl":"https:\/\/pulaboattours-adventures.com\/wp-content\/uploads\/2026\/02\/cropped-cropped-logo-slika-1.webp","width":341,"height":286,"caption":"Pula Boat Tours Adventures"},"image":{"@id":"https:\/\/pulaboattours-adventures.com\/fr\/#\/schema\/logo\/image\/"},"sameAs":["https:\/\/www.facebook.com\/pulaboattour","https:\/\/www.instagram.com\/pula_boat_tours_adventures\/","https:\/\/www.tiktok.com\/@pulaboattoursadventures"]}]}},"_links":{"self":[{"href":"https:\/\/pulaboattours-adventures.com\/fr\/wp-json\/wp\/v2\/pages\/6898","targetHints":{"allow":["GET"]}}],"collection":[{"href":"https:\/\/pulaboattours-adventures.com\/fr\/wp-json\/wp\/v2\/pages"}],"about":[{"href":"https:\/\/pulaboattours-adventures.com\/fr\/wp-json\/wp\/v2\/types\/page"}],"author":[{"embeddable":true,"href":"https:\/\/pulaboattours-adventures.com\/fr\/wp-json\/wp\/v2\/users\/2"}],"replies":[{"embeddable":true,"href":"https:\/\/pulaboattours-adventures.com\/fr\/wp-json\/wp\/v2\/comments?post=6898"}],"version-history":[{"count":1,"href":"https:\/\/pulaboattours-adventures.com\/fr\/wp-json\/wp\/v2\/pages\/6898\/revisions"}],"predecessor-version":[{"id":6899,"href":"https:\/\/pulaboattours-adventures.com\/fr\/wp-json\/wp\/v2\/pages\/6898\/revisions\/6899"}],"wp:attachment":[{"href":"https:\/\/pulaboattours-adventures.com\/fr\/wp-json\/wp\/v2\/media?parent=6898"}],"curies":[{"name":"wp","href":"https:\/\/api.w.org\/{rel}","templated":true}]}}