{"id":6900,"date":"2020-01-03T10:29:55","date_gmt":"2020-01-03T10:29:55","guid":{"rendered":"https:\/\/pulaboattours-adventures.com\/politique-de-confidentialite\/"},"modified":"2026-03-07T11:22:28","modified_gmt":"2026-03-07T11:22:28","slug":"politique-de-confidentialite","status":"publish","type":"page","link":"https:\/\/pulaboattours-adventures.com\/fr\/politique-de-confidentialite\/","title":{"rendered":"Politique de confidentialit\u00e9"},"content":{"rendered":"<div class=\"wpb-content-wrapper\"><p>[vc_row][vc_column][vc_raw_html css=\u00a0\u00bb\u00a0\u00bb]PGgyPlBvbGl0aXF1ZSBkZSBjb25maWRlbnRpYWxpdMOpIChSR1BEKTwvaDI+PGJyPjxwPkNldHRlIHBvbGl0aXF1ZSBkZSBjb25maWRlbnRpYWxpdMOpIGV4cGxpcXVlIGNvbW1lbnQgbm91cyBjb2xsZWN0b25zLCB1dGlsaXNvbnMgZXQgcHJvdMOpZ2VvbnMgdm9zIGluZm9ybWF0aW9ucyBwZXJzb25uZWxsZXMuPC9wPjxicj48YnI+PGgzPjEuIFF1aSBzb21tZXMtbm91czwvaDM+PGJyPjxwPg0KTmVwdHVudXMgYm9hdCB0b3VycyBqLmQuby5vLjxicj4NClBvbWVyIDE1NCwgNTIxMDAgUHVsYSwgQ3JvYXRpZTxicj4NClZBVCBJRDogSFIwMDM0NTI4MDAxMTxicj4NCkVtYWlsOiA8YSBocmVmPSJtYWlsdG86cHVsYWJvYXRhZHZlbnR1cmVzQGdtYWlsLmNvbSI+cHVsYWJvYXRhZHZlbnR1cmVzQGdtYWlsLmNvbTwvYT4NCjwvcD48YnI+PGJyPjxoMz4yLiBRdWVsbGVzIGRvbm7DqWVzIG5vdXMgY29sbGVjdG9uczwvaDM+PGJyPjxwPk5vdXMgY29sbGVjdG9ucyBsZXMgaW5mb3JtYXRpb25zIHN1aXZhbnRlcyB2aWEgbm90cmUgc2l0ZSB3ZWIgOjwvcD48YnI+PHVsPg0KICA8bGk+Tm9tIGV0IHByw6lub208L2xpPg0KICA8bGk+QWRyZXNzZSBlLW1haWwgZXQgbnVtw6lybyBkZSB0w6lsw6lwaG9uZTwvbGk+DQogIDxsaT5Ew6l0YWlscyBkZSBs4oCZZXhjdXJzaW9uIChleGN1cnNpb24gY2hvaXNpZSwgbm9tYnJlIGRlIHBlcnNvbm5lcywgZGF0ZSk8L2xpPg0KICA8bGk+TWVzc2FnZXMgZW52b3nDqXMgdmlhIGxlcyBmb3JtdWxhaXJlcyBkZSBjb250YWN0IG91IGRlIHLDqXNlcnZhdGlvbjwvbGk+DQo8L3VsPjxicj48YnI+PGgzPjMuIFBvdXJxdW9pIG5vdXMgY29sbGVjdG9ucyBjZXMgZG9ubsOpZXM8L2gzPjxicj48dWw+DQogIDxsaT5Qb3VyIHRyYWl0ZXIgbGVzIHLDqXNlcnZhdGlvbnMgZXQgZm91cm5pciBkZXMgaW5mb3JtYXRpb25zIHN1ciBsZXMgZXhjdXJzaW9uczwvbGk+DQogIDxsaT5Qb3VyIHLDqXBvbmRyZSBhdXggZGVtYW5kZXMgZXQgZm91cm5pciB1biBzdXBwb3J0IGNsaWVudDwvbGk+DQogIDxsaT5Qb3VyIHJlc3BlY3RlciBsZXMgb2JsaWdhdGlvbnMgbMOpZ2FsZXMgZXQgZmlzY2FsZXM8L2xpPg0KPC91bD48YnI+PGJyPjxoMz40LiBCYXNlIGzDqWdhbGUgZHUgdHJhaXRlbWVudDwvaDM+PGJyPjxwPk5vdXMgdHJhaXRvbnMgdm9zIGRvbm7DqWVzIHN1ciBsYSBiYXNlIGRlIHZvdHJlIGNvbnNlbnRlbWVudCBldCBkZSBub3RyZSBpbnTDqXLDqnQgbMOpZ2l0aW1lIChwYXIgZXhlbXBsZSBwb3VyIGxhIGdlc3Rpb24gZGVzIHLDqXNlcnZhdGlvbnMpLjwvcD48YnI+PGJyPjxoMz41LiBBdmVjIHF1aSBub3VzIHBhcnRhZ2VvbnMgdm9zIGRvbm7DqWVzPC9oMz48YnI+PHA+Tm91cyBuZSB2ZW5kb25zIG5pIG5lIHBhcnRhZ2VvbnMgdm9zIGRvbm7DqWVzIGF2ZWMgZGVzIHRpZXJzLCBzYXVmIDo8L3A+PGJyPjx1bD4NCiAgPGxpPlBsYXRlZm9ybWVzIGRlIHLDqXNlcnZhdGlvbiAocGFyIGV4ZW1wbGUgQm9rdW4pPC9saT4NCiAgPGxpPlByZXN0YXRhaXJlcyBkZSBwYWllbWVudCAocGFyIGV4ZW1wbGUgU3RyaXBlLCBQYXlQYWwpPC9saT4NCiAgPGxpPkF1dG9yaXTDqXMgbMOpZ2FsZXMgc2kgbGEgbG9pIGzigJlleGlnZTwvbGk+DQo8L3VsPjxicj48YnI+PGgzPjYuIFZvcyBkcm9pdHM8L2gzPjxicj48cD5Wb3VzIGF2ZXogbGUgZHJvaXQgZGUgOjwvcD48YnI+PHVsPg0KICA8bGk+QWNjw6lkZXIgw6Agdm9zIGRvbm7DqWVzIHBlcnNvbm5lbGxlczwvbGk+DQogIDxsaT5EZW1hbmRlciBsYSBjb3JyZWN0aW9uIG91IGxhIHN1cHByZXNzaW9uIGRlIHZvcyBkb25uw6llczwvbGk+DQogIDxsaT5SZXRpcmVyIHZvdHJlIGNvbnNlbnRlbWVudCDDoCB0b3V0IG1vbWVudDwvbGk+DQo8L3VsPjxicj48cD5Qb3VyIGV4ZXJjZXIgY2VzIGRyb2l0cywgY29udGFjdGV6LW5vdXMgw6AgPGEgaHJlZj0ibWFpbHRvOnB1bGFib2F0YWR2ZW50dXJlc0BnbWFpbC5jb20iPnB1bGFib2F0YWR2ZW50dXJlc0BnbWFpbC5jb208L2E+LjwvcD48YnI+PGJyPjxoMz43LiBDb25zZXJ2YXRpb24gZGVzIGRvbm7DqWVzPC9oMz48YnI+PHA+Tm91cyBjb25zZXJ2b25zIGxlcyBkb25uw6llcyBsacOpZXMgYXV4IHLDqXNlcnZhdGlvbnMgcGVuZGFudCB1bmUgZHVyw6llIG1heGltYWxlIGRlIDUgYW5zIGFmaW4gZGUgcmVzcGVjdGVyIGxlcyBvYmxpZ2F0aW9ucyBsw6lnYWxlcyBldCBmaXNjYWxlcy48L3A+PGJyPjxicj48aDM+OC4gQ29va2llczwvaDM+PGJyPjxwPk5vdHJlIHNpdGUgd2ViIHBldXQgdXRpbGlzZXIgZGVzIGNvb2tpZXMgw6AgZGVzIGZpbnMgZOKAmWFuYWx5c2UgZXQgcG91ciBhc3N1cmVyIGxlIGJvbiBmb25jdGlvbm5lbWVudCBkdSB3aWRnZXQgZGUgcsOpc2VydmF0aW9uLiBWb3VzIHBvdXZleiBkw6lzYWN0aXZlciBsZXMgY29va2llcyB2aWEgbGVzIHBhcmFtw6h0cmVzIGRlIHZvdHJlIG5hdmlnYXRldXIuPC9wPjxicj48YnI+PGgzPjkuIFPDqWN1cml0w6k8L2gzPjxicj48cD5Ob3VzIHByZW5vbnMgZGVzIG1lc3VyZXMgdGVjaG5pcXVlcyBldCBvcmdhbmlzYXRpb25uZWxsZXMgcmFpc29ubmFibGVzIGFmaW4gZGUgcHJvdMOpZ2VyIHZvcyBkb25uw6llcy48L3A+PGJyPjxicj48aDM+MTAuIENvbnRhY3Q8L2gzPjxicj48cD5TaSB2b3VzIGF2ZXogZGVzIHF1ZXN0aW9ucyBjb25jZXJuYW50IGNldHRlIHBvbGl0aXF1ZSwgdmV1aWxsZXogbm91cyBjb250YWN0ZXIgw6AgPGEgaHJlZj0ibWFpbHRvOnB1bGFib2F0YWR2ZW50dXJlc0BnbWFpbC5jb20iPnB1bGFib2F0YWR2ZW50dXJlc0BnbWFpbC5jb208L2E+LjwvcD4=[\/vc_raw_html][\/vc_column][\/vc_row]<\/p>\n<\/div>","protected":false},"excerpt":{"rendered":"<p>[vc_row][vc_column][vc_raw_html css=\u00a0\u00bb\u00a0\u00bb]PGgyPlBvbGl0aXF1ZSBkZSBjb25maWRlbnRpYWxpdMOpIChSR1BEKTwvaDI+PGJyPjxwPkNldHRlIHBvbGl0aXF1ZSBkZSBjb25maWRlbnRpYWxpdMOpIGV4cGxpcXVlIGNvbW1lbnQgbm91cyBjb2xsZWN0b25zLCB1dGlsaXNvbnMgZXQgcHJvdMOpZ2VvbnMgdm9zIGluZm9ybWF0aW9ucyBwZXJzb25uZWxsZXMuPC9wPjxicj48YnI+PGgzPjEuIFF1aSBzb21tZXMtbm91czwvaDM+PGJyPjxwPg0KTmVwdHVudXMgYm9hdCB0b3VycyBqLmQuby5vLjxicj4NClBvbWVyIDE1NCwgNTIxMDAgUHVsYSwgQ3JvYXRpZTxicj4NClZBVCBJRDogSFIwMDM0NTI4MDAxMTxicj4NCkVtYWlsOiA8YSBocmVmPSJtYWlsdG86cHVsYWJvYXRhZHZlbnR1cmVzQGdtYWlsLmNvbSI+cHVsYWJvYXRhZHZlbnR1cmVzQGdtYWlsLmNvbTwvYT4NCjwvcD48YnI+PGJyPjxoMz4yLiBRdWVsbGVzIGRvbm7DqWVzIG5vdXMgY29sbGVjdG9uczwvaDM+PGJyPjxwPk5vdXMgY29sbGVjdG9ucyBsZXMgaW5mb3JtYXRpb25zIHN1aXZhbnRlcyB2aWEgbm90cmUgc2l0ZSB3ZWIgOjwvcD48YnI+PHVsPg0KICA8bGk+Tm9tIGV0IHByw6lub208L2xpPg0KICA8bGk+QWRyZXNzZSBlLW1haWwgZXQgbnVtw6lybyBkZSB0w6lsw6lwaG9uZTwvbGk+DQogIDxsaT5Ew6l0YWlscyBkZSBs4oCZZXhjdXJzaW9uIChleGN1cnNpb24gY2hvaXNpZSwgbm9tYnJlIGRlIHBlcnNvbm5lcywgZGF0ZSk8L2xpPg0KICA8bGk+TWVzc2FnZXMgZW52b3nDqXMgdmlhIGxlcyBmb3JtdWxhaXJlcyBkZSBjb250YWN0IG91IGRlIHLDqXNlcnZhdGlvbjwvbGk+DQo8L3VsPjxicj48YnI+PGgzPjMuIFBvdXJxdW9pIG5vdXMgY29sbGVjdG9ucyBjZXMgZG9ubsOpZXM8L2gzPjxicj48dWw+DQogIDxsaT5Qb3VyIHRyYWl0ZXIgbGVzIHLDqXNlcnZhdGlvbnMgZXQgZm91cm5pciBkZXMgaW5mb3JtYXRpb25zIHN1ciBsZXMgZXhjdXJzaW9uczwvbGk+DQogIDxsaT5Qb3VyIHLDqXBvbmRyZSBhdXggZGVtYW5kZXMgZXQgZm91cm5pciB1biBzdXBwb3J0IGNsaWVudDwvbGk+DQogIDxsaT5Qb3VyIHJlc3BlY3RlciBsZXMgb2JsaWdhdGlvbnMgbMOpZ2FsZXMgZXQgZmlzY2FsZXM8L2xpPg0KPC91bD48YnI+PGJyPjxoMz40LiBCYXNlIGzDqWdhbGUgZHUgdHJhaXRlbWVudDwvaDM+PGJyPjxwPk5vdXMgdHJhaXRvbnMgdm9zIGRvbm7DqWVzIHN1ciBsYSBiYXNlIGRlIHZvdHJlIGNvbnNlbnRlbWVudCBldCBkZSBub3RyZSBpbnTDqXLDqnQgbMOpZ2l0aW1lIChwYXIgZXhlbXBsZSBwb3VyIGxhIGdlc3Rpb24gZGVzIHLDqXNlcnZhdGlvbnMpLjwvcD48YnI+PGJyPjxoMz41LiBBdmVjIHF1aSBub3VzIHBhcnRhZ2VvbnMgdm9zIGRvbm7DqWVzPC9oMz48YnI+PHA+Tm91cyBuZSB2ZW5kb25zIG5pIG5lIHBhcnRhZ2VvbnMgdm9zIGRvbm7DqWVzIGF2ZWMgZGVzIHRpZXJzLCBzYXVmIDo8L3A+PGJyPjx1bD4NCiAgPGxpPlBsYXRlZm9ybWVzIGRlIHLDqXNlcnZhdGlvbiAocGFyIGV4ZW1wbGUgQm9rdW4pPC9saT4NCiAgPGxpPlByZXN0YXRhaXJlcyBkZSBwYWllbWVudCAocGFyIGV4ZW1wbGUgU3RyaXBlLCBQYXlQYWwpPC9saT4NCiAgPGxpPkF1dG9yaXTDqXMgbMOpZ2FsZXMgc2kgbGEgbG9pIGzigJlleGlnZTwvbGk+DQo8L3VsPjxicj48YnI+PGgzPjYuIFZvcyBkcm9pdHM8L2gzPjxicj48cD5Wb3VzIGF2ZXogbGUgZHJvaXQgZGUgOjwvcD48YnI+PHVsPg0KICA8bGk+QWNjw6lkZXIgw6Agdm9zIGRvbm7DqWVzIHBlcnNvbm5lbGxlczwvbGk+DQogIDxsaT5EZW1hbmRlciBsYSBjb3JyZWN0aW9uIG91IGxhIHN1cHByZXNzaW9uIGRlIHZvcyBkb25uw6llczwvbGk+DQogIDxsaT5SZXRpcmVyIHZvdHJlIGNvbnNlbnRlbWVudCDDoCB0b3V0IG1vbWVudDwvbGk+DQo8L3VsPjxicj48cD5Qb3VyIGV4ZXJjZXIgY2VzIGRyb2l0cywgY29udGFjdGV6LW5vdXMgw6AgPGEgaHJlZj0ibWFpbHRvOnB1bGFib2F0YWR2ZW50dXJlc0BnbWFpbC5jb20iPnB1bGFib2F0YWR2ZW50dXJlc0BnbWFpbC5jb208L2E+LjwvcD48YnI+PGJyPjxoMz43LiBDb25zZXJ2YXRpb24gZGVzIGRvbm7DqWVzPC9oMz48YnI+PHA+Tm91cyBjb25zZXJ2b25zIGxlcyBkb25uw6llcyBsacOpZXMgYXV4IHLDqXNlcnZhdGlvbnMgcGVuZGFudCB1bmUgZHVyw6llIG1heGltYWxlIGRlIDUgYW5zIGFmaW4gZGUgcmVzcGVjdGVyIGxlcyBvYmxpZ2F0aW9ucyBsw6lnYWxlcyBldCBmaXNjYWxlcy48L3A+PGJyPjxicj48aDM+OC4gQ29va2llczwvaDM+PGJyPjxwPk5vdHJlIHNpdGUgd2ViIHBldXQgdXRpbGlzZXIgZGVzIGNvb2tpZXMgw6AgZGVzIGZpbnMgZOKAmWFuYWx5c2UgZXQgcG91ciBhc3N1cmVyIGxlIGJvbiBmb25jdGlvbm5lbWVudCBkdSB3aWRnZXQgZGUgcsOpc2VydmF0aW9uLiBWb3VzIHBvdXZleiBkw6lzYWN0aXZlciBsZXMgY29va2llcyB2aWEgbGVzIHBhcmFtw6h0cmVzIGRlIHZvdHJlIG5hdmlnYXRldXIuPC9wPjxicj48YnI+PGgzPjkuIFPDqWN1cml0w6k8L2gzPjxicj48cD5Ob3VzIHByZW5vbnMgZGVzIG1lc3VyZXMgdGVjaG5pcXVlcyBldCBvcmdhbmlzYXRpb25uZWxsZXMgcmFpc29ubmFibGVzIGFmaW4gZGUgcHJvdMOpZ2VyIHZvcyBkb25uw6llcy48L3A+PGJyPjxicj48aDM+MTAuIENvbnRhY3Q8L2gzPjxicj48cD5TaSB2b3VzIGF2ZXogZGVzIHF1ZXN0aW9ucyBjb25jZXJuYW50IGNldHRlIHBvbGl0aXF1ZSwgdmV1aWxsZXogbm91cyBjb250YWN0ZXIgw6AgPGEgaHJlZj0ibWFpbHRvOnB1bGFib2F0YWR2ZW50dXJlc0BnbWFpbC5jb20iPnB1bGFib2F0YWR2ZW50dXJlc0BnbWFpbC5jb208L2E+LjwvcD4=[\/vc_raw_html][\/vc_column][\/vc_row]<\/p>\n","protected":false},"author":1,"featured_media":0,"parent":0,"menu_order":0,"comment_status":"closed","ping_status":"open","template":"","meta":{"site-sidebar-layout":"no-sidebar","site-content-layout":"plain-container","ast-site-content-layout":"default","site-content-style":"default","site-sidebar-style":"default","ast-global-header-display":"","ast-banner-title-visibility":"","ast-main-header-display":"","ast-hfb-above-header-display":"","ast-hfb-below-header-display":"","ast-hfb-mobile-header-display":"","site-post-title":"disabled","ast-breadcrumbs-content":"","ast-featured-img":"disabled","footer-sml-layout":"","ast-disable-related-posts":"","theme-transparent-header-meta":"default","adv-header-id-meta":"","stick-header-meta":"","header-above-stick-meta":"","header-main-stick-meta":"","header-below-stick-meta":"","astra-migrate-meta-layouts":"set","ast-page-background-enabled":"default","ast-page-background-meta":{"desktop":{"background-color":"var(--ast-global-color-5)","background-image":"","background-repeat":"repeat","background-position":"center center","background-size":"auto","background-attachment":"scroll","background-type":"","background-media":"","overlay-type":"","overlay-color":"","overlay-opacity":"","overlay-gradient":""},"tablet":{"background-color":"","background-image":"","background-repeat":"repeat","background-position":"center center","background-size":"auto","background-attachment":"scroll","background-type":"","background-media":"","overlay-type":"","overlay-color":"","overlay-opacity":"","overlay-gradient":""},"mobile":{"background-color":"","background-image":"","background-repeat":"repeat","background-position":"center center","background-size":"auto","background-attachment":"scroll","background-type":"","background-media":"","overlay-type":"","overlay-color":"","overlay-opacity":"","overlay-gradient":""}},"ast-content-background-meta":{"desktop":{"background-color":"var(--ast-global-color-4)","background-image":"","background-repeat":"repeat","background-position":"center center","background-size":"auto","background-attachment":"scroll","background-type":"","background-media":"","overlay-type":"","overlay-color":"","overlay-opacity":"","overlay-gradient":""},"tablet":{"background-color":"var(--ast-global-color-4)","background-image":"","background-repeat":"repeat","background-position":"center center","background-size":"auto","background-attachment":"scroll","background-type":"","background-media":"","overlay-type":"","overlay-color":"","overlay-opacity":"","overlay-gradient":""},"mobile":{"background-color":"var(--ast-global-color-4)","background-image":"","background-repeat":"repeat","background-position":"center center","background-size":"auto","background-attachment":"scroll","background-type":"","background-media":"","overlay-type":"","overlay-color":"","overlay-opacity":"","overlay-gradient":""}},"footnotes":""},"class_list":["post-6900","page","type-page","status-publish","hentry"],"yoast_head":"<!-- This site is optimized with the Yoast SEO plugin v26.8 - https:\/\/yoast.com\/product\/yoast-seo-wordpress\/ -->\n<title>Politique de confidentialit\u00e9 | Pula Boat Tours \u2013 Adventures<\/title>\n<meta name=\"description\" content=\"D\u00e9couvrez comment nous collectons, utilisons et prot\u00e9geons les donn\u00e9es personnelles pour les r\u00e9servations, les paiements et l\u2019utilisation.\" \/>\n<meta name=\"robots\" content=\"index, follow, max-snippet:-1, max-image-preview:large, max-video-preview:-1\" \/>\n<link rel=\"canonical\" href=\"https:\/\/pulaboattours-adventures.com\/fr\/politique-de-confidentialite\/\" \/>\n<meta property=\"og:locale\" content=\"fr_FR\" \/>\n<meta property=\"og:type\" content=\"article\" \/>\n<meta property=\"og:title\" content=\"Politique de confidentialit\u00e9 | Pula Boat Tours \u2013 Adventures\" \/>\n<meta property=\"og:description\" content=\"D\u00e9couvrez comment nous collectons, utilisons et prot\u00e9geons les donn\u00e9es personnelles pour les r\u00e9servations, les paiements et l\u2019utilisation.\" \/>\n<meta property=\"og:url\" content=\"https:\/\/pulaboattours-adventures.com\/fr\/politique-de-confidentialite\/\" \/>\n<meta property=\"og:site_name\" content=\"Pula Boat Tours - Adventures , Boat Europa\" \/>\n<meta property=\"article:publisher\" content=\"https:\/\/www.facebook.com\/pulaboattour\" \/>\n<meta property=\"article:modified_time\" content=\"2026-03-07T11:22:28+00:00\" \/>\n<meta name=\"twitter:card\" content=\"summary_large_image\" \/>\n<meta name=\"twitter:label1\" content=\"Dur\u00e9e de lecture estim\u00e9e\" \/>\n\t<meta name=\"twitter:data1\" content=\"1 minute\" \/>\n<script type=\"application\/ld+json\" class=\"yoast-schema-graph\">{\"@context\":\"https:\/\/schema.org\",\"@graph\":[{\"@type\":\"WebPage\",\"@id\":\"https:\/\/pulaboattours-adventures.com\/fr\/politique-de-confidentialite\/\",\"url\":\"https:\/\/pulaboattours-adventures.com\/fr\/politique-de-confidentialite\/\",\"name\":\"Politique de confidentialit\u00e9 | Pula Boat Tours \u2013 Adventures\",\"isPartOf\":{\"@id\":\"https:\/\/pulaboattours-adventures.com\/fr\/#website\"},\"datePublished\":\"2020-01-03T10:29:55+00:00\",\"dateModified\":\"2026-03-07T11:22:28+00:00\",\"description\":\"D\u00e9couvrez comment nous collectons, utilisons et prot\u00e9geons les donn\u00e9es personnelles pour les r\u00e9servations, les paiements et l\u2019utilisation.\",\"breadcrumb\":{\"@id\":\"https:\/\/pulaboattours-adventures.com\/fr\/politique-de-confidentialite\/#breadcrumb\"},\"inLanguage\":\"fr-FR\",\"potentialAction\":[{\"@type\":\"ReadAction\",\"target\":[\"https:\/\/pulaboattours-adventures.com\/fr\/politique-de-confidentialite\/\"]}]},{\"@type\":\"BreadcrumbList\",\"@id\":\"https:\/\/pulaboattours-adventures.com\/fr\/politique-de-confidentialite\/#breadcrumb\",\"itemListElement\":[{\"@type\":\"ListItem\",\"position\":1,\"name\":\"Home\",\"item\":\"https:\/\/pulaboattours-adventures.com\/fr\/\"},{\"@type\":\"ListItem\",\"position\":2,\"name\":\"Politique de confidentialit\u00e9\"}]},{\"@type\":\"WebSite\",\"@id\":\"https:\/\/pulaboattours-adventures.com\/fr\/#website\",\"url\":\"https:\/\/pulaboattours-adventures.com\/fr\/\",\"name\":\"Pula Boat Tours Adventures\",\"description\":\"One of the best Boat Tours in Istria\",\"publisher\":{\"@id\":\"https:\/\/pulaboattours-adventures.com\/fr\/#organization\"},\"potentialAction\":[{\"@type\":\"SearchAction\",\"target\":{\"@type\":\"EntryPoint\",\"urlTemplate\":\"https:\/\/pulaboattours-adventures.com\/fr\/?s={search_term_string}\"},\"query-input\":{\"@type\":\"PropertyValueSpecification\",\"valueRequired\":true,\"valueName\":\"search_term_string\"}}],\"inLanguage\":\"fr-FR\"},{\"@type\":\"Organization\",\"@id\":\"https:\/\/pulaboattours-adventures.com\/fr\/#organization\",\"name\":\"Pula Boat Tours Adventures\",\"url\":\"https:\/\/pulaboattours-adventures.com\/fr\/\",\"logo\":{\"@type\":\"ImageObject\",\"inLanguage\":\"fr-FR\",\"@id\":\"https:\/\/pulaboattours-adventures.com\/fr\/#\/schema\/logo\/image\/\",\"url\":\"https:\/\/pulaboattours-adventures.com\/wp-content\/uploads\/2026\/02\/cropped-cropped-logo-slika-1.webp\",\"contentUrl\":\"https:\/\/pulaboattours-adventures.com\/wp-content\/uploads\/2026\/02\/cropped-cropped-logo-slika-1.webp\",\"width\":341,\"height\":286,\"caption\":\"Pula Boat Tours Adventures\"},\"image\":{\"@id\":\"https:\/\/pulaboattours-adventures.com\/fr\/#\/schema\/logo\/image\/\"},\"sameAs\":[\"https:\/\/www.facebook.com\/pulaboattour\",\"https:\/\/www.instagram.com\/pula_boat_tours_adventures\/\",\"https:\/\/www.tiktok.com\/@pulaboattoursadventures\"]}]}<\/script>\n<!-- \/ Yoast SEO plugin. -->","yoast_head_json":{"title":"Politique de confidentialit\u00e9 | Pula Boat Tours \u2013 Adventures","description":"D\u00e9couvrez comment nous collectons, utilisons et prot\u00e9geons les donn\u00e9es personnelles pour les r\u00e9servations, les paiements et l\u2019utilisation.","robots":{"index":"index","follow":"follow","max-snippet":"max-snippet:-1","max-image-preview":"max-image-preview:large","max-video-preview":"max-video-preview:-1"},"canonical":"https:\/\/pulaboattours-adventures.com\/fr\/politique-de-confidentialite\/","og_locale":"fr_FR","og_type":"article","og_title":"Politique de confidentialit\u00e9 | Pula Boat Tours \u2013 Adventures","og_description":"D\u00e9couvrez comment nous collectons, utilisons et prot\u00e9geons les donn\u00e9es personnelles pour les r\u00e9servations, les paiements et l\u2019utilisation.","og_url":"https:\/\/pulaboattours-adventures.com\/fr\/politique-de-confidentialite\/","og_site_name":"Pula Boat Tours - Adventures , Boat Europa","article_publisher":"https:\/\/www.facebook.com\/pulaboattour","article_modified_time":"2026-03-07T11:22:28+00:00","twitter_card":"summary_large_image","twitter_misc":{"Dur\u00e9e de lecture estim\u00e9e":"1 minute"},"schema":{"@context":"https:\/\/schema.org","@graph":[{"@type":"WebPage","@id":"https:\/\/pulaboattours-adventures.com\/fr\/politique-de-confidentialite\/","url":"https:\/\/pulaboattours-adventures.com\/fr\/politique-de-confidentialite\/","name":"Politique de confidentialit\u00e9 | Pula Boat Tours \u2013 Adventures","isPartOf":{"@id":"https:\/\/pulaboattours-adventures.com\/fr\/#website"},"datePublished":"2020-01-03T10:29:55+00:00","dateModified":"2026-03-07T11:22:28+00:00","description":"D\u00e9couvrez comment nous collectons, utilisons et prot\u00e9geons les donn\u00e9es personnelles pour les r\u00e9servations, les paiements et l\u2019utilisation.","breadcrumb":{"@id":"https:\/\/pulaboattours-adventures.com\/fr\/politique-de-confidentialite\/#breadcrumb"},"inLanguage":"fr-FR","potentialAction":[{"@type":"ReadAction","target":["https:\/\/pulaboattours-adventures.com\/fr\/politique-de-confidentialite\/"]}]},{"@type":"BreadcrumbList","@id":"https:\/\/pulaboattours-adventures.com\/fr\/politique-de-confidentialite\/#breadcrumb","itemListElement":[{"@type":"ListItem","position":1,"name":"Home","item":"https:\/\/pulaboattours-adventures.com\/fr\/"},{"@type":"ListItem","position":2,"name":"Politique de confidentialit\u00e9"}]},{"@type":"WebSite","@id":"https:\/\/pulaboattours-adventures.com\/fr\/#website","url":"https:\/\/pulaboattours-adventures.com\/fr\/","name":"Pula Boat Tours Adventures","description":"One of the best Boat Tours in Istria","publisher":{"@id":"https:\/\/pulaboattours-adventures.com\/fr\/#organization"},"potentialAction":[{"@type":"SearchAction","target":{"@type":"EntryPoint","urlTemplate":"https:\/\/pulaboattours-adventures.com\/fr\/?s={search_term_string}"},"query-input":{"@type":"PropertyValueSpecification","valueRequired":true,"valueName":"search_term_string"}}],"inLanguage":"fr-FR"},{"@type":"Organization","@id":"https:\/\/pulaboattours-adventures.com\/fr\/#organization","name":"Pula Boat Tours Adventures","url":"https:\/\/pulaboattours-adventures.com\/fr\/","logo":{"@type":"ImageObject","inLanguage":"fr-FR","@id":"https:\/\/pulaboattours-adventures.com\/fr\/#\/schema\/logo\/image\/","url":"https:\/\/pulaboattours-adventures.com\/wp-content\/uploads\/2026\/02\/cropped-cropped-logo-slika-1.webp","contentUrl":"https:\/\/pulaboattours-adventures.com\/wp-content\/uploads\/2026\/02\/cropped-cropped-logo-slika-1.webp","width":341,"height":286,"caption":"Pula Boat Tours Adventures"},"image":{"@id":"https:\/\/pulaboattours-adventures.com\/fr\/#\/schema\/logo\/image\/"},"sameAs":["https:\/\/www.facebook.com\/pulaboattour","https:\/\/www.instagram.com\/pula_boat_tours_adventures\/","https:\/\/www.tiktok.com\/@pulaboattoursadventures"]}]}},"_links":{"self":[{"href":"https:\/\/pulaboattours-adventures.com\/fr\/wp-json\/wp\/v2\/pages\/6900","targetHints":{"allow":["GET"]}}],"collection":[{"href":"https:\/\/pulaboattours-adventures.com\/fr\/wp-json\/wp\/v2\/pages"}],"about":[{"href":"https:\/\/pulaboattours-adventures.com\/fr\/wp-json\/wp\/v2\/types\/page"}],"author":[{"embeddable":true,"href":"https:\/\/pulaboattours-adventures.com\/fr\/wp-json\/wp\/v2\/users\/1"}],"replies":[{"embeddable":true,"href":"https:\/\/pulaboattours-adventures.com\/fr\/wp-json\/wp\/v2\/comments?post=6900"}],"version-history":[{"count":1,"href":"https:\/\/pulaboattours-adventures.com\/fr\/wp-json\/wp\/v2\/pages\/6900\/revisions"}],"predecessor-version":[{"id":6901,"href":"https:\/\/pulaboattours-adventures.com\/fr\/wp-json\/wp\/v2\/pages\/6900\/revisions\/6901"}],"wp:attachment":[{"href":"https:\/\/pulaboattours-adventures.com\/fr\/wp-json\/wp\/v2\/media?parent=6900"}],"curies":[{"name":"wp","href":"https:\/\/api.w.org\/{rel}","templated":true}]}}