{"id":6902,"date":"2025-03-31T17:04:35","date_gmt":"2025-03-31T17:04:35","guid":{"rendered":"https:\/\/pulaboattours-adventures.com\/terms-conditions\/"},"modified":"2026-03-07T11:25:30","modified_gmt":"2026-03-07T11:25:30","slug":"terms-conditions","status":"publish","type":"page","link":"https:\/\/pulaboattours-adventures.com\/fr\/terms-conditions\/","title":{"rendered":"Terms &#038; Conditions"},"content":{"rendered":"<div class=\"wpb-content-wrapper\"><p>[vc_row][vc_column][vc_raw_html css=\u00a0\u00bb\u00a0\u00bb]PGgyPkNvbmRpdGlvbnMgZ8OpbsOpcmFsZXM8L2gyPjxicj48cD5FbiByw6lzZXJ2YW50IHVuZSBleGN1cnNpb24gYXZlYyBQdWxhIEJvYXQgVG91cnMg4oCTIEFkdmVudHVyZXMgKG9ww6lyw6kgcGFyIE5lcHR1bnVzIGJvYXQgdG91cnMgai5kLm8uby4pLCB2b3VzIGFjY2VwdGV6IGxlcyBjb25kaXRpb25zIHN1aXZhbnRlcyA6PC9wPjxicj48YnI+PGgzPjEuIFLDqXNlcnZhdGlvbiBldCBwYWllbWVudDwvaDM+PGJyPjx1bD4NCiAgPGxpPkxlcyByw6lzZXJ2YXRpb25zIHBldXZlbnQgw6p0cmUgZWZmZWN0dcOpZXMgZW4gbGlnbmUgdmlhIG5vdHJlIHNpdGUgd2ViIG91IGVuIHBlcnNvbm5lLjwvbGk+DQogIDxsaT5MZSBwYWllbWVudCBlc3QgYWNjZXB0w6kgZW4gbGlnbmUgb3Ugw6AgYm9yZCAoZW4gZXNww6hjZXMpLjwvbGk+DQogIDxsaT5Ub3VzIGxlcyBwcml4IGluY2x1ZW50IGxhIFRWQS48L2xpPg0KPC91bD48YnI+PGJyPjxoMz4yLiBBbm51bGF0aW9ucyBldCByZW1ib3Vyc2VtZW50czwvaDM+PGJyPjx1bD4NCiAgPGxpPkzigJlhbm51bGF0aW9uIGdyYXR1aXRlIGVzdCBwb3NzaWJsZSBqdXNxdeKAmcOgIDI0IGhldXJlcyBhdmFudCBs4oCZZXhjdXJzaW9uIHByw6l2dWUuPC9saT4NCiAgPGxpPkxlcyBhbm51bGF0aW9ucyBlZmZlY3R1w6llcyBtb2lucyBkZSAyNCBoZXVyZXMgYXZhbnQgbGUgZMOpcGFydCBvdSBsZXMgYWJzZW5jZXMgbmUgc29udCBwYXMgcmVtYm91cnNhYmxlcy48L2xpPg0KICA8bGk+RW4gY2FzIGTigJlhbm51bGF0aW9uIHBhciBs4oCZb3DDqXJhdGV1ciBlbiByYWlzb24gZGVzIGNvbmRpdGlvbnMgbcOpdMOpb3JvbG9naXF1ZXMgb3UgZGUgc8OpY3VyaXTDqSwgbGVzIGNsaWVudHMgcmVjZXZyb250IHVuIHJlbWJvdXJzZW1lbnQgY29tcGxldCBvdSB1bmUgbm91dmVsbGUgZGF0ZS48L2xpPg0KPC91bD48YnI+PGJyPjxoMz4zLiBDb25kaXRpb25zIG3DqXTDqW9yb2xvZ2lxdWVzPC9oMz48YnI+PHA+TGVzIGV4Y3Vyc2lvbnMgZMOpcGVuZGVudCBkZXMgY29uZGl0aW9ucyBtw6l0w6lvcm9sb2dpcXVlcy4gTm91cyBub3VzIHLDqXNlcnZvbnMgbGUgZHJvaXQgZGUgbW9kaWZpZXIgb3UgZOKAmWFubnVsZXIgbOKAmWV4Y3Vyc2lvbiBkYW5zIGzigJlpbnTDqXLDqnQgZGUgbGEgc8OpY3VyaXTDqSBkZXMgcGFzc2FnZXJzLjwvcD48YnI+PGJyPjxoMz40LiBSZXNwb25zYWJpbGl0w6k8L2gzPjxicj48cD5MYSBwYXJ0aWNpcGF0aW9uIHNlIGZhaXQgw6Agdm9zIHByb3ByZXMgcmlzcXVlcy4gTOKAmW9ww6lyYXRldXIgbuKAmWVzdCBwYXMgcmVzcG9uc2FibGUgZGVzIGJsZXNzdXJlcywgcGVydGVzIG91IGVmZmV0cyBwZXJzb25uZWxzIHNhdWYgZW4gY2FzIGRlIG7DqWdsaWdlbmNlIHByb3V2w6llLjwvcD48YnI+PGJyPjxoMz41LiBFbmZhbnRzIGV0IGZhbWlsbGVzPC9oMz48YnI+PHA+TGVzIGVuZmFudHMgZG9pdmVudCDDqnRyZSBhY2NvbXBhZ27DqXMgZOKAmXVuIGFkdWx0ZS4gRGVzIGdpbGV0cyBkZSBzYXV2ZXRhZ2Ugc29udCBmb3VybmlzIHBvdXIgdG91cyBsZXMgw6JnZXMuPC9wPjxicj48YnI+PGgzPjYuIEFuaW1hdXg8L2gzPjxicj48cD5MZXMgYW5pbWF1eCBzb250IGF1dG9yaXPDqXMgw6AgYm9yZCBtYWlzIGRvaXZlbnQgcmVzdGVyIHNvdXMgY29udHLDtGxlIMOgIHRvdXQgbW9tZW50LjwvcD48YnI+PGJyPjxoMz43LiBNb2RpZmljYXRpb25zIGRlIGzigJlpdGluw6lyYWlyZTwvaDM+PGJyPjxwPk5vdXMgbm91cyByw6lzZXJ2b25zIGxlIGRyb2l0IGTigJlhanVzdGVyIGzigJlpdGluw6lyYWlyZSBvdSBs4oCZaG9yYWlyZSBlbiBmb25jdGlvbiBkZXMgY29uZGl0aW9ucyBldCBkZXMgYmVzb2lucyBkdSBncm91cGUuPC9wPg==[\/vc_raw_html][\/vc_column][\/vc_row]<\/p>\n<\/div>","protected":false},"excerpt":{"rendered":"<p>[vc_row][vc_column][vc_raw_html css=\u00a0\u00bb\u00a0\u00bb]PGgyPkNvbmRpdGlvbnMgZ8OpbsOpcmFsZXM8L2gyPjxicj48cD5FbiByw6lzZXJ2YW50IHVuZSBleGN1cnNpb24gYXZlYyBQdWxhIEJvYXQgVG91cnMg4oCTIEFkdmVudHVyZXMgKG9ww6lyw6kgcGFyIE5lcHR1bnVzIGJvYXQgdG91cnMgai5kLm8uby4pLCB2b3VzIGFjY2VwdGV6IGxlcyBjb25kaXRpb25zIHN1aXZhbnRlcyA6PC9wPjxicj48YnI+PGgzPjEuIFLDqXNlcnZhdGlvbiBldCBwYWllbWVudDwvaDM+PGJyPjx1bD4NCiAgPGxpPkxlcyByw6lzZXJ2YXRpb25zIHBldXZlbnQgw6p0cmUgZWZmZWN0dcOpZXMgZW4gbGlnbmUgdmlhIG5vdHJlIHNpdGUgd2ViIG91IGVuIHBlcnNvbm5lLjwvbGk+DQogIDxsaT5MZSBwYWllbWVudCBlc3QgYWNjZXB0w6kgZW4gbGlnbmUgb3Ugw6AgYm9yZCAoZW4gZXNww6hjZXMpLjwvbGk+DQogIDxsaT5Ub3VzIGxlcyBwcml4IGluY2x1ZW50IGxhIFRWQS48L2xpPg0KPC91bD48YnI+PGJyPjxoMz4yLiBBbm51bGF0aW9ucyBldCByZW1ib3Vyc2VtZW50czwvaDM+PGJyPjx1bD4NCiAgPGxpPkzigJlhbm51bGF0aW9uIGdyYXR1aXRlIGVzdCBwb3NzaWJsZSBqdXNxdeKAmcOgIDI0IGhldXJlcyBhdmFudCBs4oCZZXhjdXJzaW9uIHByw6l2dWUuPC9saT4NCiAgPGxpPkxlcyBhbm51bGF0aW9ucyBlZmZlY3R1w6llcyBtb2lucyBkZSAyNCBoZXVyZXMgYXZhbnQgbGUgZMOpcGFydCBvdSBsZXMgYWJzZW5jZXMgbmUgc29udCBwYXMgcmVtYm91cnNhYmxlcy48L2xpPg0KICA8bGk+RW4gY2FzIGTigJlhbm51bGF0aW9uIHBhciBs4oCZb3DDqXJhdGV1ciBlbiByYWlzb24gZGVzIGNvbmRpdGlvbnMgbcOpdMOpb3JvbG9naXF1ZXMgb3UgZGUgc8OpY3VyaXTDqSwgbGVzIGNsaWVudHMgcmVjZXZyb250IHVuIHJlbWJvdXJzZW1lbnQgY29tcGxldCBvdSB1bmUgbm91dmVsbGUgZGF0ZS48L2xpPg0KPC91bD48YnI+PGJyPjxoMz4zLiBDb25kaXRpb25zIG3DqXTDqW9yb2xvZ2lxdWVzPC9oMz48YnI+PHA+TGVzIGV4Y3Vyc2lvbnMgZMOpcGVuZGVudCBkZXMgY29uZGl0aW9ucyBtw6l0w6lvcm9sb2dpcXVlcy4gTm91cyBub3VzIHLDqXNlcnZvbnMgbGUgZHJvaXQgZGUgbW9kaWZpZXIgb3UgZOKAmWFubnVsZXIgbOKAmWV4Y3Vyc2lvbiBkYW5zIGzigJlpbnTDqXLDqnQgZGUgbGEgc8OpY3VyaXTDqSBkZXMgcGFzc2FnZXJzLjwvcD48YnI+PGJyPjxoMz40LiBSZXNwb25zYWJpbGl0w6k8L2gzPjxicj48cD5MYSBwYXJ0aWNpcGF0aW9uIHNlIGZhaXQgw6Agdm9zIHByb3ByZXMgcmlzcXVlcy4gTOKAmW9ww6lyYXRldXIgbuKAmWVzdCBwYXMgcmVzcG9uc2FibGUgZGVzIGJsZXNzdXJlcywgcGVydGVzIG91IGVmZmV0cyBwZXJzb25uZWxzIHNhdWYgZW4gY2FzIGRlIG7DqWdsaWdlbmNlIHByb3V2w6llLjwvcD48YnI+PGJyPjxoMz41LiBFbmZhbnRzIGV0IGZhbWlsbGVzPC9oMz48YnI+PHA+TGVzIGVuZmFudHMgZG9pdmVudCDDqnRyZSBhY2NvbXBhZ27DqXMgZOKAmXVuIGFkdWx0ZS4gRGVzIGdpbGV0cyBkZSBzYXV2ZXRhZ2Ugc29udCBmb3VybmlzIHBvdXIgdG91cyBsZXMgw6JnZXMuPC9wPjxicj48YnI+PGgzPjYuIEFuaW1hdXg8L2gzPjxicj48cD5MZXMgYW5pbWF1eCBzb250IGF1dG9yaXPDqXMgw6AgYm9yZCBtYWlzIGRvaXZlbnQgcmVzdGVyIHNvdXMgY29udHLDtGxlIMOgIHRvdXQgbW9tZW50LjwvcD48YnI+PGJyPjxoMz43LiBNb2RpZmljYXRpb25zIGRlIGzigJlpdGluw6lyYWlyZTwvaDM+PGJyPjxwPk5vdXMgbm91cyByw6lzZXJ2b25zIGxlIGRyb2l0IGTigJlhanVzdGVyIGzigJlpdGluw6lyYWlyZSBvdSBs4oCZaG9yYWlyZSBlbiBmb25jdGlvbiBkZXMgY29uZGl0aW9ucyBldCBkZXMgYmVzb2lucyBkdSBncm91cGUuPC9wPg==[\/vc_raw_html][\/vc_column][\/vc_row]<\/p>\n","protected":false},"author":2,"featured_media":0,"parent":0,"menu_order":0,"comment_status":"closed","ping_status":"closed","template":"","meta":{"site-sidebar-layout":"no-sidebar","site-content-layout":"plain-container","ast-site-content-layout":"default","site-content-style":"default","site-sidebar-style":"default","ast-global-header-display":"","ast-banner-title-visibility":"","ast-main-header-display":"","ast-hfb-above-header-display":"","ast-hfb-below-header-display":"","ast-hfb-mobile-header-display":"","site-post-title":"disabled","ast-breadcrumbs-content":"","ast-featured-img":"disabled","footer-sml-layout":"","ast-disable-related-posts":"","theme-transparent-header-meta":"default","adv-header-id-meta":"","stick-header-meta":"","header-above-stick-meta":"","header-main-stick-meta":"","header-below-stick-meta":"","astra-migrate-meta-layouts":"set","ast-page-background-enabled":"default","ast-page-background-meta":{"desktop":{"background-color":"var(--ast-global-color-5)","background-image":"","background-repeat":"repeat","background-position":"center center","background-size":"auto","background-attachment":"scroll","background-type":"","background-media":"","overlay-type":"","overlay-color":"","overlay-opacity":"","overlay-gradient":""},"tablet":{"background-color":"","background-image":"","background-repeat":"repeat","background-position":"center center","background-size":"auto","background-attachment":"scroll","background-type":"","background-media":"","overlay-type":"","overlay-color":"","overlay-opacity":"","overlay-gradient":""},"mobile":{"background-color":"","background-image":"","background-repeat":"repeat","background-position":"center center","background-size":"auto","background-attachment":"scroll","background-type":"","background-media":"","overlay-type":"","overlay-color":"","overlay-opacity":"","overlay-gradient":""}},"ast-content-background-meta":{"desktop":{"background-color":"var(--ast-global-color-4)","background-image":"","background-repeat":"repeat","background-position":"center center","background-size":"auto","background-attachment":"scroll","background-type":"","background-media":"","overlay-type":"","overlay-color":"","overlay-opacity":"","overlay-gradient":""},"tablet":{"background-color":"var(--ast-global-color-4)","background-image":"","background-repeat":"repeat","background-position":"center center","background-size":"auto","background-attachment":"scroll","background-type":"","background-media":"","overlay-type":"","overlay-color":"","overlay-opacity":"","overlay-gradient":""},"mobile":{"background-color":"var(--ast-global-color-4)","background-image":"","background-repeat":"repeat","background-position":"center center","background-size":"auto","background-attachment":"scroll","background-type":"","background-media":"","overlay-type":"","overlay-color":"","overlay-opacity":"","overlay-gradient":""}},"footnotes":""},"class_list":["post-6902","page","type-page","status-publish","hentry"],"yoast_head":"<!-- This site is optimized with the Yoast SEO plugin v26.8 - https:\/\/yoast.com\/product\/yoast-seo-wordpress\/ -->\n<title>Conditions g\u00e9n\u00e9rales | Pula Boat Tours \u2013 Adventures<\/title>\n<meta name=\"description\" content=\"Conditions g\u00e9n\u00e9rales pour la r\u00e9servation d\u2019excursions en bateau \u00e0 Pula. Informations sur les r\u00e9servations, les annulations et les paiements.\" \/>\n<meta name=\"robots\" content=\"index, follow, max-snippet:-1, max-image-preview:large, max-video-preview:-1\" \/>\n<link rel=\"canonical\" href=\"https:\/\/pulaboattours-adventures.com\/fr\/terms-conditions\/\" \/>\n<meta property=\"og:locale\" content=\"fr_FR\" \/>\n<meta property=\"og:type\" content=\"article\" \/>\n<meta property=\"og:title\" content=\"Conditions g\u00e9n\u00e9rales | Pula Boat Tours \u2013 Adventures\" \/>\n<meta property=\"og:description\" content=\"Conditions g\u00e9n\u00e9rales pour la r\u00e9servation d\u2019excursions en bateau \u00e0 Pula. Informations sur les r\u00e9servations, les annulations et les paiements.\" \/>\n<meta property=\"og:url\" content=\"https:\/\/pulaboattours-adventures.com\/fr\/terms-conditions\/\" \/>\n<meta property=\"og:site_name\" content=\"Pula Boat Tours - Adventures , Boat Europa\" \/>\n<meta property=\"article:publisher\" content=\"https:\/\/www.facebook.com\/pulaboattour\" \/>\n<meta property=\"article:modified_time\" content=\"2026-03-07T11:25:30+00:00\" \/>\n<meta name=\"twitter:card\" content=\"summary_large_image\" \/>\n<meta name=\"twitter:label1\" content=\"Dur\u00e9e de lecture estim\u00e9e\" \/>\n\t<meta name=\"twitter:data1\" content=\"1 minute\" \/>\n<script type=\"application\/ld+json\" class=\"yoast-schema-graph\">{\"@context\":\"https:\/\/schema.org\",\"@graph\":[{\"@type\":\"WebPage\",\"@id\":\"https:\/\/pulaboattours-adventures.com\/fr\/terms-conditions\/\",\"url\":\"https:\/\/pulaboattours-adventures.com\/fr\/terms-conditions\/\",\"name\":\"Conditions g\u00e9n\u00e9rales | Pula Boat Tours \u2013 Adventures\",\"isPartOf\":{\"@id\":\"https:\/\/pulaboattours-adventures.com\/fr\/#website\"},\"datePublished\":\"2025-03-31T17:04:35+00:00\",\"dateModified\":\"2026-03-07T11:25:30+00:00\",\"description\":\"Conditions g\u00e9n\u00e9rales pour la r\u00e9servation d\u2019excursions en bateau \u00e0 Pula. Informations sur les r\u00e9servations, les annulations et les paiements.\",\"breadcrumb\":{\"@id\":\"https:\/\/pulaboattours-adventures.com\/fr\/terms-conditions\/#breadcrumb\"},\"inLanguage\":\"fr-FR\",\"potentialAction\":[{\"@type\":\"ReadAction\",\"target\":[\"https:\/\/pulaboattours-adventures.com\/fr\/terms-conditions\/\"]}]},{\"@type\":\"BreadcrumbList\",\"@id\":\"https:\/\/pulaboattours-adventures.com\/fr\/terms-conditions\/#breadcrumb\",\"itemListElement\":[{\"@type\":\"ListItem\",\"position\":1,\"name\":\"Home\",\"item\":\"https:\/\/pulaboattours-adventures.com\/fr\/\"},{\"@type\":\"ListItem\",\"position\":2,\"name\":\"Terms &#038; Conditions\"}]},{\"@type\":\"WebSite\",\"@id\":\"https:\/\/pulaboattours-adventures.com\/fr\/#website\",\"url\":\"https:\/\/pulaboattours-adventures.com\/fr\/\",\"name\":\"Pula Boat Tours Adventures\",\"description\":\"One of the best Boat Tours in Istria\",\"publisher\":{\"@id\":\"https:\/\/pulaboattours-adventures.com\/fr\/#organization\"},\"potentialAction\":[{\"@type\":\"SearchAction\",\"target\":{\"@type\":\"EntryPoint\",\"urlTemplate\":\"https:\/\/pulaboattours-adventures.com\/fr\/?s={search_term_string}\"},\"query-input\":{\"@type\":\"PropertyValueSpecification\",\"valueRequired\":true,\"valueName\":\"search_term_string\"}}],\"inLanguage\":\"fr-FR\"},{\"@type\":\"Organization\",\"@id\":\"https:\/\/pulaboattours-adventures.com\/fr\/#organization\",\"name\":\"Pula Boat Tours Adventures\",\"url\":\"https:\/\/pulaboattours-adventures.com\/fr\/\",\"logo\":{\"@type\":\"ImageObject\",\"inLanguage\":\"fr-FR\",\"@id\":\"https:\/\/pulaboattours-adventures.com\/fr\/#\/schema\/logo\/image\/\",\"url\":\"https:\/\/pulaboattours-adventures.com\/wp-content\/uploads\/2026\/02\/cropped-cropped-logo-slika-1.webp\",\"contentUrl\":\"https:\/\/pulaboattours-adventures.com\/wp-content\/uploads\/2026\/02\/cropped-cropped-logo-slika-1.webp\",\"width\":341,\"height\":286,\"caption\":\"Pula Boat Tours Adventures\"},\"image\":{\"@id\":\"https:\/\/pulaboattours-adventures.com\/fr\/#\/schema\/logo\/image\/\"},\"sameAs\":[\"https:\/\/www.facebook.com\/pulaboattour\",\"https:\/\/www.instagram.com\/pula_boat_tours_adventures\/\",\"https:\/\/www.tiktok.com\/@pulaboattoursadventures\"]}]}<\/script>\n<!-- \/ Yoast SEO plugin. -->","yoast_head_json":{"title":"Conditions g\u00e9n\u00e9rales | Pula Boat Tours \u2013 Adventures","description":"Conditions g\u00e9n\u00e9rales pour la r\u00e9servation d\u2019excursions en bateau \u00e0 Pula. Informations sur les r\u00e9servations, les annulations et les paiements.","robots":{"index":"index","follow":"follow","max-snippet":"max-snippet:-1","max-image-preview":"max-image-preview:large","max-video-preview":"max-video-preview:-1"},"canonical":"https:\/\/pulaboattours-adventures.com\/fr\/terms-conditions\/","og_locale":"fr_FR","og_type":"article","og_title":"Conditions g\u00e9n\u00e9rales | Pula Boat Tours \u2013 Adventures","og_description":"Conditions g\u00e9n\u00e9rales pour la r\u00e9servation d\u2019excursions en bateau \u00e0 Pula. Informations sur les r\u00e9servations, les annulations et les paiements.","og_url":"https:\/\/pulaboattours-adventures.com\/fr\/terms-conditions\/","og_site_name":"Pula Boat Tours - Adventures , Boat Europa","article_publisher":"https:\/\/www.facebook.com\/pulaboattour","article_modified_time":"2026-03-07T11:25:30+00:00","twitter_card":"summary_large_image","twitter_misc":{"Dur\u00e9e de lecture estim\u00e9e":"1 minute"},"schema":{"@context":"https:\/\/schema.org","@graph":[{"@type":"WebPage","@id":"https:\/\/pulaboattours-adventures.com\/fr\/terms-conditions\/","url":"https:\/\/pulaboattours-adventures.com\/fr\/terms-conditions\/","name":"Conditions g\u00e9n\u00e9rales | Pula Boat Tours \u2013 Adventures","isPartOf":{"@id":"https:\/\/pulaboattours-adventures.com\/fr\/#website"},"datePublished":"2025-03-31T17:04:35+00:00","dateModified":"2026-03-07T11:25:30+00:00","description":"Conditions g\u00e9n\u00e9rales pour la r\u00e9servation d\u2019excursions en bateau \u00e0 Pula. Informations sur les r\u00e9servations, les annulations et les paiements.","breadcrumb":{"@id":"https:\/\/pulaboattours-adventures.com\/fr\/terms-conditions\/#breadcrumb"},"inLanguage":"fr-FR","potentialAction":[{"@type":"ReadAction","target":["https:\/\/pulaboattours-adventures.com\/fr\/terms-conditions\/"]}]},{"@type":"BreadcrumbList","@id":"https:\/\/pulaboattours-adventures.com\/fr\/terms-conditions\/#breadcrumb","itemListElement":[{"@type":"ListItem","position":1,"name":"Home","item":"https:\/\/pulaboattours-adventures.com\/fr\/"},{"@type":"ListItem","position":2,"name":"Terms &#038; Conditions"}]},{"@type":"WebSite","@id":"https:\/\/pulaboattours-adventures.com\/fr\/#website","url":"https:\/\/pulaboattours-adventures.com\/fr\/","name":"Pula Boat Tours Adventures","description":"One of the best Boat Tours in Istria","publisher":{"@id":"https:\/\/pulaboattours-adventures.com\/fr\/#organization"},"potentialAction":[{"@type":"SearchAction","target":{"@type":"EntryPoint","urlTemplate":"https:\/\/pulaboattours-adventures.com\/fr\/?s={search_term_string}"},"query-input":{"@type":"PropertyValueSpecification","valueRequired":true,"valueName":"search_term_string"}}],"inLanguage":"fr-FR"},{"@type":"Organization","@id":"https:\/\/pulaboattours-adventures.com\/fr\/#organization","name":"Pula Boat Tours Adventures","url":"https:\/\/pulaboattours-adventures.com\/fr\/","logo":{"@type":"ImageObject","inLanguage":"fr-FR","@id":"https:\/\/pulaboattours-adventures.com\/fr\/#\/schema\/logo\/image\/","url":"https:\/\/pulaboattours-adventures.com\/wp-content\/uploads\/2026\/02\/cropped-cropped-logo-slika-1.webp","contentUrl":"https:\/\/pulaboattours-adventures.com\/wp-content\/uploads\/2026\/02\/cropped-cropped-logo-slika-1.webp","width":341,"height":286,"caption":"Pula Boat Tours Adventures"},"image":{"@id":"https:\/\/pulaboattours-adventures.com\/fr\/#\/schema\/logo\/image\/"},"sameAs":["https:\/\/www.facebook.com\/pulaboattour","https:\/\/www.instagram.com\/pula_boat_tours_adventures\/","https:\/\/www.tiktok.com\/@pulaboattoursadventures"]}]}},"_links":{"self":[{"href":"https:\/\/pulaboattours-adventures.com\/fr\/wp-json\/wp\/v2\/pages\/6902","targetHints":{"allow":["GET"]}}],"collection":[{"href":"https:\/\/pulaboattours-adventures.com\/fr\/wp-json\/wp\/v2\/pages"}],"about":[{"href":"https:\/\/pulaboattours-adventures.com\/fr\/wp-json\/wp\/v2\/types\/page"}],"author":[{"embeddable":true,"href":"https:\/\/pulaboattours-adventures.com\/fr\/wp-json\/wp\/v2\/users\/2"}],"replies":[{"embeddable":true,"href":"https:\/\/pulaboattours-adventures.com\/fr\/wp-json\/wp\/v2\/comments?post=6902"}],"version-history":[{"count":1,"href":"https:\/\/pulaboattours-adventures.com\/fr\/wp-json\/wp\/v2\/pages\/6902\/revisions"}],"predecessor-version":[{"id":6903,"href":"https:\/\/pulaboattours-adventures.com\/fr\/wp-json\/wp\/v2\/pages\/6902\/revisions\/6903"}],"wp:attachment":[{"href":"https:\/\/pulaboattours-adventures.com\/fr\/wp-json\/wp\/v2\/media?parent=6902"}],"curies":[{"name":"wp","href":"https:\/\/api.w.org\/{rel}","templated":true}]}}