{"id":5701,"date":"2020-01-03T10:29:55","date_gmt":"2020-01-03T10:29:55","guid":{"rendered":"https:\/\/pulaboattours-adventures.com\/pravila-privatnosti\/"},"modified":"2026-03-05T20:42:16","modified_gmt":"2026-03-05T20:42:16","slug":"pravila-privatnosti","status":"publish","type":"page","link":"https:\/\/pulaboattours-adventures.com\/hr\/pravila-privatnosti\/","title":{"rendered":"Pravila privatnosti"},"content":{"rendered":"<div class=\"wpb-content-wrapper\"><p>[vc_row][vc_column][vc_raw_html css=&#8221;&#8221;]PGgyPlBvbGl0aWthIHByaXZhdG5vc3RpIChHRFBSKTwvaDI+PGJyPjxwPk92YSBwb2xpdGlrYSBwcml2YXRub3N0aSBvYmphxaFuamF2YSBrYWtvIHByaWt1cGxqYW1vLCBrb3Jpc3RpbW8gaSDFoXRpdGltbyB2YcWhZSBvc29ibmUgcG9kYXRrZS48L3A+PGJyPjxicj48aDM+MS4gVGtvIHNtbyBtaTwvaDM+PGJyPjxwPg0KTmVwdHVudXMgYm9hdCB0b3VycyBqLmQuby5vLjxicj4NClBvbWVyIDE1NCwgNTIxMDAgUHVsYSwgSHJ2YXRza2E8YnI+DQpPSUI6IEhSMDAzNDUyODAwMTE8YnI+DQpFbWFpbDogPGEgaHJlZj0ibWFpbHRvOnB1bGFib2F0YWR2ZW50dXJlc0BnbWFpbC5jb20iPnB1bGFib2F0YWR2ZW50dXJlc0BnbWFpbC5jb208L2E+DQo8L3A+PGJyPjxicj48aDM+Mi4gS29qZSBwb2RhdGtlIHByaWt1cGxqYW1vPC9oMz48YnI+PHA+UHV0ZW0gbmHFoWUgd2ViIHN0cmFuaWNlIHByaWt1cGxqYW1vIHNsamVkZcSHZSBwb2RhdGtlOjwvcD48YnI+PHVsPg0KICA8bGk+SW1lIGkgcHJlemltZTwvbGk+DQogIDxsaT5FbWFpbCBhZHJlc3UgaSBicm9qIHRlbGVmb25hPC9saT4NCiAgPGxpPkRldGFsamUgbyB0dXJpIChvZGFicmFuYSB0dXJhLCBicm9qIG9zb2JhLCBkYXR1bSk8L2xpPg0KICA8bGk+UG9ydWtlIHBvc2xhbmUgcHV0ZW0ga29udGFrdG5paCBpbGkgcmV6ZXJ2YWNpanNraWggb2JyYXphY2E8L2xpPg0KPC91bD48YnI+PGJyPjxoMz4zLiBaYcWhdG8gcHJpa3VwbGphbW8gcG9kYXRrZTwvaDM+PGJyPjx1bD4NCiAgPGxpPlphIG9icmFkdSByZXplcnZhY2lqYSBpIHBydcW+YW5qZSBpbmZvcm1hY2lqYSBvIHR1cmFtYTwvbGk+DQogIDxsaT5aYSBvZGdvdmFyYW5qZSBuYSB1cGl0ZSBpIGtvcmlzbmnEjWt1IHBvZHLFoWt1PC9saT4NCiAgPGxpPlphIGlzcHVuamF2YW5qZSB6YWtvbnNraWggaSBwb3Jlem5paCBvYnZlemE8L2xpPg0KPC91bD48YnI+PGJyPjxoMz40LiBQcmF2bmEgb3Nub3ZhIG9icmFkZSBwb2RhdGFrYTwvaDM+PGJyPjxwPlZhxaFlIHBvZGF0a2Ugb2JyYcSRdWplbW8gbmEgdGVtZWxqdSBwcml2b2xlIGkgbGVnaXRpbW5vZyBwb3Nsb3Zub2cgaW50ZXJlc2EgKG5wci4gaXp2csWhZW5qZSByZXplcnZhY2lqZSkuPC9wPjxicj48YnI+PGgzPjUuIFMga2ltIGRpamVsaW1vIHZhxaFlIHBvZGF0a2U8L2gzPjxicj48cD5OZSBwcm9kYWplbW8gbml0aSBkaWplbGltbyB2YcWhZSBwb2RhdGtlIHMgdHJlxIdpbSBzdHJhbmFtYSwgb3NpbSB1IHNsamVkZcSHaW0gc2x1xI1hamV2aW1hOjwvcD48YnI+PHVsPg0KICA8bGk+UGxhdGZvcm1lIHphIHJlemVydmFjaWplIChucHIuIEJva3VuKTwvbGk+DQogIDxsaT5Qcm9jZXNvcmkgcGxhxIdhbmphIChucHIuIFN0cmlwZSwgUGF5UGFsKTwvbGk+DQogIDxsaT5OYWRsZcW+bmEgdGlqZWxhIGFrbyBqZSB0byBwcm9waXNhbm8gemFrb25vbTwvbGk+DQo8L3VsPjxicj48YnI+PGgzPjYuIFZhxaFhIHByYXZhPC9oMz48YnI+PHA+SW1hdGUgcHJhdm8gbmE6PC9wPjxicj48dWw+DQogIDxsaT5QcmlzdHVwIHN2b2ppbSBvc29ibmltIHBvZGFjaW1hPC9saT4NCiAgPGxpPklzcHJhdmFrIGlsaSBicmlzYW5qZSBzdm9qaWggcG9kYXRha2E8L2xpPg0KICA8bGk+UG92bGHEjWVuamUgcHJpdm9sZSB1IGJpbG8ga29qZW0gdHJlbnV0a3U8L2xpPg0KPC91bD48YnI+PHA+WmEgb3N0dmFyZW5qZSBzdm9qaWggcHJhdmEga29udGFrdGlyYWp0ZSBuYXMgbmEgPGEgaHJlZj0ibWFpbHRvOnB1bGFib2F0YWR2ZW50dXJlc0BnbWFpbC5jb20iPnB1bGFib2F0YWR2ZW50dXJlc0BnbWFpbC5jb208L2E+LjwvcD48YnI+PGJyPjxoMz43LiBQb2hyYW5hIHBvZGF0YWthPC9oMz48YnI+PHA+UG9kYXRrZSB2ZXphbmUgdXogcmV6ZXJ2YWNpamUgcG9ocmFuanVqZW1vIGRvIDUgZ29kaW5hIHJhZGkgemFrb25za2loIGkgcG9yZXpuaWggb2J2ZXphLjwvcD48YnI+PGJyPjxoMz44LiBLb2xhxI1pxIdpPC9oMz48YnI+PHA+TmHFoWEgd2ViIHN0cmFuaWNhIG1vxb5lIGtvcmlzdGl0aSBrb2xhxI1pxIdlIHphIGFuYWxpdGlrdSBpIGZ1bmtjaW9uYWxub3N0IHJlemVydmFjaWpza29nIHdpZGdldGEuIEtvbGHEjWnEh2UgbW\/FvmV0ZSBvbmVtb2d1xIdpdGkgcHV0ZW0gcG9zdGF2a2kgc3ZvZyBwcmVnbGVkbmlrYS48L3A+PGJyPjxicj48aDM+OS4gU2lndXJub3N0PC9oMz48YnI+PHA+UG9kdXppbWFtbyByYXp1bW5lIHRlaG5pxI1rZSBpIG9yZ2FuaXphY2lqc2tlIG1qZXJlIHphIHphxaF0aXR1IHZhxaFpaCBwb2RhdGFrYS48L3A+PGJyPjxicj48aDM+MTAuIEtvbnRha3Q8L2gzPjxicj48cD5Ba28gaW1hdGUgcGl0YW5qYSB2ZXphbmEgdXogb3Z1IHBvbGl0aWt1LCBrb250YWt0aXJhanRlIG5hcyBuYSA8YSBocmVmPSJtYWlsdG86cHVsYWJvYXRhZHZlbnR1cmVzQGdtYWlsLmNvbSI+cHVsYWJvYXRhZHZlbnR1cmVzQGdtYWlsLmNvbTwvYT4uPC9wPjxicj4=[\/vc_raw_html][\/vc_column][\/vc_row]<\/p>\n<\/div>","protected":false},"excerpt":{"rendered":"<p>[vc_row][vc_column][vc_raw_html css=&#8221;&#8221;]PGgyPlBvbGl0aWthIHByaXZhdG5vc3RpIChHRFBSKTwvaDI+PGJyPjxwPk92YSBwb2xpdGlrYSBwcml2YXRub3N0aSBvYmphxaFuamF2YSBrYWtvIHByaWt1cGxqYW1vLCBrb3Jpc3RpbW8gaSDFoXRpdGltbyB2YcWhZSBvc29ibmUgcG9kYXRrZS48L3A+PGJyPjxicj48aDM+MS4gVGtvIHNtbyBtaTwvaDM+PGJyPjxwPg0KTmVwdHVudXMgYm9hdCB0b3VycyBqLmQuby5vLjxicj4NClBvbWVyIDE1NCwgNTIxMDAgUHVsYSwgSHJ2YXRza2E8YnI+DQpPSUI6IEhSMDAzNDUyODAwMTE8YnI+DQpFbWFpbDogPGEgaHJlZj0ibWFpbHRvOnB1bGFib2F0YWR2ZW50dXJlc0BnbWFpbC5jb20iPnB1bGFib2F0YWR2ZW50dXJlc0BnbWFpbC5jb208L2E+DQo8L3A+PGJyPjxicj48aDM+Mi4gS29qZSBwb2RhdGtlIHByaWt1cGxqYW1vPC9oMz48YnI+PHA+UHV0ZW0gbmHFoWUgd2ViIHN0cmFuaWNlIHByaWt1cGxqYW1vIHNsamVkZcSHZSBwb2RhdGtlOjwvcD48YnI+PHVsPg0KICA8bGk+SW1lIGkgcHJlemltZTwvbGk+DQogIDxsaT5FbWFpbCBhZHJlc3UgaSBicm9qIHRlbGVmb25hPC9saT4NCiAgPGxpPkRldGFsamUgbyB0dXJpIChvZGFicmFuYSB0dXJhLCBicm9qIG9zb2JhLCBkYXR1bSk8L2xpPg0KICA8bGk+UG9ydWtlIHBvc2xhbmUgcHV0ZW0ga29udGFrdG5paCBpbGkgcmV6ZXJ2YWNpanNraWggb2JyYXphY2E8L2xpPg0KPC91bD48YnI+PGJyPjxoMz4zLiBaYcWhdG8gcHJpa3VwbGphbW8gcG9kYXRrZTwvaDM+PGJyPjx1bD4NCiAgPGxpPlphIG9icmFkdSByZXplcnZhY2lqYSBpIHBydcW+YW5qZSBpbmZvcm1hY2lqYSBvIHR1cmFtYTwvbGk+DQogIDxsaT5aYSBvZGdvdmFyYW5qZSBuYSB1cGl0ZSBpIGtvcmlzbmnEjWt1IHBvZHLFoWt1PC9saT4NCiAgPGxpPlphIGlzcHVuamF2YW5qZSB6YWtvbnNraWggaSBwb3Jlem5paCBvYnZlemE8L2xpPg0KPC91bD48YnI+PGJyPjxoMz40LiBQcmF2bmEgb3Nub3ZhIG9icmFkZSBwb2RhdGFrYTwvaDM+PGJyPjxwPlZhxaFlIHBvZGF0a2Ugb2JyYcSRdWplbW8gbmEgdGVtZWxqdSBwcml2b2xlIGkgbGVnaXRpbW5vZyBwb3Nsb3Zub2cgaW50ZXJlc2EgKG5wci4gaXp2csWhZW5qZSByZXplcnZhY2lqZSkuPC9wPjxicj48YnI+PGgzPjUuIFMga2ltIGRpamVsaW1vIHZhxaFlIHBvZGF0a2U8L2gzPjxicj48cD5OZSBwcm9kYWplbW8gbml0aSBkaWplbGltbyB2YcWhZSBwb2RhdGtlIHMgdHJlxIdpbSBzdHJhbmFtYSwgb3NpbSB1IHNsamVkZcSHaW0gc2x1xI1hamV2aW1hOjwvcD48YnI+PHVsPg0KICA8bGk+UGxhdGZvcm1lIHphIHJlemVydmFjaWplIChucHIuIEJva3VuKTwvbGk+DQogIDxsaT5Qcm9jZXNvcmkgcGxhxIdhbmphIChucHIuIFN0cmlwZSwgUGF5UGFsKTwvbGk+DQogIDxsaT5OYWRsZcW+bmEgdGlqZWxhIGFrbyBqZSB0byBwcm9waXNhbm8gemFrb25vbTwvbGk+DQo8L3VsPjxicj48YnI+PGgzPjYuIFZhxaFhIHByYXZhPC9oMz48YnI+PHA+SW1hdGUgcHJhdm8gbmE6PC9wPjxicj48dWw+DQogIDxsaT5QcmlzdHVwIHN2b2ppbSBvc29ibmltIHBvZGFjaW1hPC9saT4NCiAgPGxpPklzcHJhdmFrIGlsaSBicmlzYW5qZSBzdm9qaWggcG9kYXRha2E8L2xpPg0KICA8bGk+UG92bGHEjWVuamUgcHJpdm9sZSB1IGJpbG8ga29qZW0gdHJlbnV0a3U8L2xpPg0KPC91bD48YnI+PHA+WmEgb3N0dmFyZW5qZSBzdm9qaWggcHJhdmEga29udGFrdGlyYWp0ZSBuYXMgbmEgPGEgaHJlZj0ibWFpbHRvOnB1bGFib2F0YWR2ZW50dXJlc0BnbWFpbC5jb20iPnB1bGFib2F0YWR2ZW50dXJlc0BnbWFpbC5jb208L2E+LjwvcD48YnI+PGJyPjxoMz43LiBQb2hyYW5hIHBvZGF0YWthPC9oMz48YnI+PHA+UG9kYXRrZSB2ZXphbmUgdXogcmV6ZXJ2YWNpamUgcG9ocmFuanVqZW1vIGRvIDUgZ29kaW5hIHJhZGkgemFrb25za2loIGkgcG9yZXpuaWggb2J2ZXphLjwvcD48YnI+PGJyPjxoMz44LiBLb2xhxI1pxIdpPC9oMz48YnI+PHA+TmHFoWEgd2ViIHN0cmFuaWNhIG1vxb5lIGtvcmlzdGl0aSBrb2xhxI1pxIdlIHphIGFuYWxpdGlrdSBpIGZ1bmtjaW9uYWxub3N0IHJlemVydmFjaWpza29nIHdpZGdldGEuIEtvbGHEjWnEh2UgbW\/FvmV0ZSBvbmVtb2d1xIdpdGkgcHV0ZW0gcG9zdGF2a2kgc3ZvZyBwcmVnbGVkbmlrYS48L3A+PGJyPjxicj48aDM+OS4gU2lndXJub3N0PC9oMz48YnI+PHA+UG9kdXppbWFtbyByYXp1bW5lIHRlaG5pxI1rZSBpIG9yZ2FuaXphY2lqc2tlIG1qZXJlIHphIHphxaF0aXR1IHZhxaFpaCBwb2RhdGFrYS48L3A+PGJyPjxicj48aDM+MTAuIEtvbnRha3Q8L2gzPjxicj48cD5Ba28gaW1hdGUgcGl0YW5qYSB2ZXphbmEgdXogb3Z1IHBvbGl0aWt1LCBrb250YWt0aXJhanRlIG5hcyBuYSA8YSBocmVmPSJtYWlsdG86cHVsYWJvYXRhZHZlbnR1cmVzQGdtYWlsLmNvbSI+cHVsYWJvYXRhZHZlbnR1cmVzQGdtYWlsLmNvbTwvYT4uPC9wPjxicj4=[\/vc_raw_html][\/vc_column][\/vc_row]<\/p>\n","protected":false},"author":1,"featured_media":0,"parent":0,"menu_order":0,"comment_status":"closed","ping_status":"open","template":"","meta":{"site-sidebar-layout":"no-sidebar","site-content-layout":"plain-container","ast-site-content-layout":"default","site-content-style":"default","site-sidebar-style":"default","ast-global-header-display":"","ast-banner-title-visibility":"","ast-main-header-display":"","ast-hfb-above-header-display":"","ast-hfb-below-header-display":"","ast-hfb-mobile-header-display":"","site-post-title":"disabled","ast-breadcrumbs-content":"","ast-featured-img":"disabled","footer-sml-layout":"","ast-disable-related-posts":"","theme-transparent-header-meta":"default","adv-header-id-meta":"","stick-header-meta":"","header-above-stick-meta":"","header-main-stick-meta":"","header-below-stick-meta":"","astra-migrate-meta-layouts":"set","ast-page-background-enabled":"default","ast-page-background-meta":{"desktop":{"background-color":"var(--ast-global-color-5)","background-image":"","background-repeat":"repeat","background-position":"center center","background-size":"auto","background-attachment":"scroll","background-type":"","background-media":"","overlay-type":"","overlay-color":"","overlay-opacity":"","overlay-gradient":""},"tablet":{"background-color":"","background-image":"","background-repeat":"repeat","background-position":"center center","background-size":"auto","background-attachment":"scroll","background-type":"","background-media":"","overlay-type":"","overlay-color":"","overlay-opacity":"","overlay-gradient":""},"mobile":{"background-color":"","background-image":"","background-repeat":"repeat","background-position":"center center","background-size":"auto","background-attachment":"scroll","background-type":"","background-media":"","overlay-type":"","overlay-color":"","overlay-opacity":"","overlay-gradient":""}},"ast-content-background-meta":{"desktop":{"background-color":"var(--ast-global-color-4)","background-image":"","background-repeat":"repeat","background-position":"center center","background-size":"auto","background-attachment":"scroll","background-type":"","background-media":"","overlay-type":"","overlay-color":"","overlay-opacity":"","overlay-gradient":""},"tablet":{"background-color":"var(--ast-global-color-4)","background-image":"","background-repeat":"repeat","background-position":"center center","background-size":"auto","background-attachment":"scroll","background-type":"","background-media":"","overlay-type":"","overlay-color":"","overlay-opacity":"","overlay-gradient":""},"mobile":{"background-color":"var(--ast-global-color-4)","background-image":"","background-repeat":"repeat","background-position":"center center","background-size":"auto","background-attachment":"scroll","background-type":"","background-media":"","overlay-type":"","overlay-color":"","overlay-opacity":"","overlay-gradient":""}},"footnotes":""},"class_list":["post-5701","page","type-page","status-publish","hentry"],"yoast_head":"<!-- This site is optimized with the Yoast SEO plugin v26.8 - https:\/\/yoast.com\/product\/yoast-seo-wordpress\/ -->\n<title>Politika privatnosti<\/title>\n<meta name=\"description\" content=\"Politika privatnosti. Saznajte kako prikupljamo, koristimo i \u0161titimo osobne podatke prilikom rezervacija i kori\u0161tenja na\u0161e web stranice.\" \/>\n<meta name=\"robots\" content=\"index, follow, max-snippet:-1, max-image-preview:large, max-video-preview:-1\" \/>\n<link rel=\"canonical\" href=\"https:\/\/pulaboattours-adventures.com\/hr\/pravila-privatnosti\/\" \/>\n<meta property=\"og:locale\" content=\"hr_HR\" \/>\n<meta property=\"og:type\" content=\"article\" \/>\n<meta property=\"og:title\" content=\"Politika privatnosti\" \/>\n<meta property=\"og:description\" content=\"Politika privatnosti. Saznajte kako prikupljamo, koristimo i \u0161titimo osobne podatke prilikom rezervacija i kori\u0161tenja na\u0161e web stranice.\" \/>\n<meta property=\"og:url\" content=\"https:\/\/pulaboattours-adventures.com\/hr\/pravila-privatnosti\/\" \/>\n<meta property=\"og:site_name\" content=\"Pula Boat Tours - Adventures , Boat Europa\" \/>\n<meta property=\"article:publisher\" content=\"https:\/\/www.facebook.com\/pulaboattour\" \/>\n<meta property=\"article:modified_time\" content=\"2026-03-05T20:42:16+00:00\" \/>\n<meta name=\"twitter:card\" content=\"summary_large_image\" \/>\n<meta name=\"twitter:label1\" content=\"Procijenjeno vrijeme \u010ditanja\" \/>\n\t<meta name=\"twitter:data1\" content=\"1 minuta\" \/>\n<script type=\"application\/ld+json\" class=\"yoast-schema-graph\">{\"@context\":\"https:\/\/schema.org\",\"@graph\":[{\"@type\":\"WebPage\",\"@id\":\"https:\/\/pulaboattours-adventures.com\/hr\/pravila-privatnosti\/\",\"url\":\"https:\/\/pulaboattours-adventures.com\/hr\/pravila-privatnosti\/\",\"name\":\"Politika privatnosti\",\"isPartOf\":{\"@id\":\"https:\/\/pulaboattours-adventures.com\/hr\/#website\"},\"datePublished\":\"2020-01-03T10:29:55+00:00\",\"dateModified\":\"2026-03-05T20:42:16+00:00\",\"description\":\"Politika privatnosti. Saznajte kako prikupljamo, koristimo i \u0161titimo osobne podatke prilikom rezervacija i kori\u0161tenja na\u0161e web stranice.\",\"breadcrumb\":{\"@id\":\"https:\/\/pulaboattours-adventures.com\/hr\/pravila-privatnosti\/#breadcrumb\"},\"inLanguage\":\"hr\",\"potentialAction\":[{\"@type\":\"ReadAction\",\"target\":[\"https:\/\/pulaboattours-adventures.com\/hr\/pravila-privatnosti\/\"]}]},{\"@type\":\"BreadcrumbList\",\"@id\":\"https:\/\/pulaboattours-adventures.com\/hr\/pravila-privatnosti\/#breadcrumb\",\"itemListElement\":[{\"@type\":\"ListItem\",\"position\":1,\"name\":\"Home\",\"item\":\"https:\/\/pulaboattours-adventures.com\/hr\/\"},{\"@type\":\"ListItem\",\"position\":2,\"name\":\"Pravila privatnosti\"}]},{\"@type\":\"WebSite\",\"@id\":\"https:\/\/pulaboattours-adventures.com\/hr\/#website\",\"url\":\"https:\/\/pulaboattours-adventures.com\/hr\/\",\"name\":\"Pula Boat Tours Adventures\",\"description\":\"One of the best Boat Tours in Istria\",\"publisher\":{\"@id\":\"https:\/\/pulaboattours-adventures.com\/hr\/#organization\"},\"potentialAction\":[{\"@type\":\"SearchAction\",\"target\":{\"@type\":\"EntryPoint\",\"urlTemplate\":\"https:\/\/pulaboattours-adventures.com\/hr\/?s={search_term_string}\"},\"query-input\":{\"@type\":\"PropertyValueSpecification\",\"valueRequired\":true,\"valueName\":\"search_term_string\"}}],\"inLanguage\":\"hr\"},{\"@type\":\"Organization\",\"@id\":\"https:\/\/pulaboattours-adventures.com\/hr\/#organization\",\"name\":\"Pula Boat Tours Adventures\",\"url\":\"https:\/\/pulaboattours-adventures.com\/hr\/\",\"logo\":{\"@type\":\"ImageObject\",\"inLanguage\":\"hr\",\"@id\":\"https:\/\/pulaboattours-adventures.com\/hr\/#\/schema\/logo\/image\/\",\"url\":\"https:\/\/pulaboattours-adventures.com\/wp-content\/uploads\/2026\/02\/cropped-cropped-logo-slika-1.webp\",\"contentUrl\":\"https:\/\/pulaboattours-adventures.com\/wp-content\/uploads\/2026\/02\/cropped-cropped-logo-slika-1.webp\",\"width\":341,\"height\":286,\"caption\":\"Pula Boat Tours Adventures\"},\"image\":{\"@id\":\"https:\/\/pulaboattours-adventures.com\/hr\/#\/schema\/logo\/image\/\"},\"sameAs\":[\"https:\/\/www.facebook.com\/pulaboattour\",\"https:\/\/www.instagram.com\/pula_boat_tours_adventures\/\",\"https:\/\/www.tiktok.com\/@pulaboattoursadventures\"]}]}<\/script>\n<!-- \/ Yoast SEO plugin. -->","yoast_head_json":{"title":"Politika privatnosti","description":"Politika privatnosti. Saznajte kako prikupljamo, koristimo i \u0161titimo osobne podatke prilikom rezervacija i kori\u0161tenja na\u0161e web stranice.","robots":{"index":"index","follow":"follow","max-snippet":"max-snippet:-1","max-image-preview":"max-image-preview:large","max-video-preview":"max-video-preview:-1"},"canonical":"https:\/\/pulaboattours-adventures.com\/hr\/pravila-privatnosti\/","og_locale":"hr_HR","og_type":"article","og_title":"Politika privatnosti","og_description":"Politika privatnosti. Saznajte kako prikupljamo, koristimo i \u0161titimo osobne podatke prilikom rezervacija i kori\u0161tenja na\u0161e web stranice.","og_url":"https:\/\/pulaboattours-adventures.com\/hr\/pravila-privatnosti\/","og_site_name":"Pula Boat Tours - Adventures , Boat Europa","article_publisher":"https:\/\/www.facebook.com\/pulaboattour","article_modified_time":"2026-03-05T20:42:16+00:00","twitter_card":"summary_large_image","twitter_misc":{"Procijenjeno vrijeme \u010ditanja":"1 minuta"},"schema":{"@context":"https:\/\/schema.org","@graph":[{"@type":"WebPage","@id":"https:\/\/pulaboattours-adventures.com\/hr\/pravila-privatnosti\/","url":"https:\/\/pulaboattours-adventures.com\/hr\/pravila-privatnosti\/","name":"Politika privatnosti","isPartOf":{"@id":"https:\/\/pulaboattours-adventures.com\/hr\/#website"},"datePublished":"2020-01-03T10:29:55+00:00","dateModified":"2026-03-05T20:42:16+00:00","description":"Politika privatnosti. Saznajte kako prikupljamo, koristimo i \u0161titimo osobne podatke prilikom rezervacija i kori\u0161tenja na\u0161e web stranice.","breadcrumb":{"@id":"https:\/\/pulaboattours-adventures.com\/hr\/pravila-privatnosti\/#breadcrumb"},"inLanguage":"hr","potentialAction":[{"@type":"ReadAction","target":["https:\/\/pulaboattours-adventures.com\/hr\/pravila-privatnosti\/"]}]},{"@type":"BreadcrumbList","@id":"https:\/\/pulaboattours-adventures.com\/hr\/pravila-privatnosti\/#breadcrumb","itemListElement":[{"@type":"ListItem","position":1,"name":"Home","item":"https:\/\/pulaboattours-adventures.com\/hr\/"},{"@type":"ListItem","position":2,"name":"Pravila privatnosti"}]},{"@type":"WebSite","@id":"https:\/\/pulaboattours-adventures.com\/hr\/#website","url":"https:\/\/pulaboattours-adventures.com\/hr\/","name":"Pula Boat Tours Adventures","description":"One of the best Boat Tours in Istria","publisher":{"@id":"https:\/\/pulaboattours-adventures.com\/hr\/#organization"},"potentialAction":[{"@type":"SearchAction","target":{"@type":"EntryPoint","urlTemplate":"https:\/\/pulaboattours-adventures.com\/hr\/?s={search_term_string}"},"query-input":{"@type":"PropertyValueSpecification","valueRequired":true,"valueName":"search_term_string"}}],"inLanguage":"hr"},{"@type":"Organization","@id":"https:\/\/pulaboattours-adventures.com\/hr\/#organization","name":"Pula Boat Tours Adventures","url":"https:\/\/pulaboattours-adventures.com\/hr\/","logo":{"@type":"ImageObject","inLanguage":"hr","@id":"https:\/\/pulaboattours-adventures.com\/hr\/#\/schema\/logo\/image\/","url":"https:\/\/pulaboattours-adventures.com\/wp-content\/uploads\/2026\/02\/cropped-cropped-logo-slika-1.webp","contentUrl":"https:\/\/pulaboattours-adventures.com\/wp-content\/uploads\/2026\/02\/cropped-cropped-logo-slika-1.webp","width":341,"height":286,"caption":"Pula Boat Tours Adventures"},"image":{"@id":"https:\/\/pulaboattours-adventures.com\/hr\/#\/schema\/logo\/image\/"},"sameAs":["https:\/\/www.facebook.com\/pulaboattour","https:\/\/www.instagram.com\/pula_boat_tours_adventures\/","https:\/\/www.tiktok.com\/@pulaboattoursadventures"]}]}},"_links":{"self":[{"href":"https:\/\/pulaboattours-adventures.com\/hr\/wp-json\/wp\/v2\/pages\/5701","targetHints":{"allow":["GET"]}}],"collection":[{"href":"https:\/\/pulaboattours-adventures.com\/hr\/wp-json\/wp\/v2\/pages"}],"about":[{"href":"https:\/\/pulaboattours-adventures.com\/hr\/wp-json\/wp\/v2\/types\/page"}],"author":[{"embeddable":true,"href":"https:\/\/pulaboattours-adventures.com\/hr\/wp-json\/wp\/v2\/users\/1"}],"replies":[{"embeddable":true,"href":"https:\/\/pulaboattours-adventures.com\/hr\/wp-json\/wp\/v2\/comments?post=5701"}],"version-history":[{"count":1,"href":"https:\/\/pulaboattours-adventures.com\/hr\/wp-json\/wp\/v2\/pages\/5701\/revisions"}],"predecessor-version":[{"id":5702,"href":"https:\/\/pulaboattours-adventures.com\/hr\/wp-json\/wp\/v2\/pages\/5701\/revisions\/5702"}],"wp:attachment":[{"href":"https:\/\/pulaboattours-adventures.com\/hr\/wp-json\/wp\/v2\/media?parent=5701"}],"curies":[{"name":"wp","href":"https:\/\/api.w.org\/{rel}","templated":true}]}}