{"id":5712,"date":"2025-03-31T17:04:35","date_gmt":"2025-03-31T17:04:35","guid":{"rendered":"https:\/\/pulaboattours-adventures.com\/terms-conditions\/"},"modified":"2026-03-05T20:44:55","modified_gmt":"2026-03-05T20:44:55","slug":"terms-conditions","status":"publish","type":"page","link":"https:\/\/pulaboattours-adventures.com\/hr\/terms-conditions\/","title":{"rendered":"Terms &#038; Conditions"},"content":{"rendered":"<div class=\"wpb-content-wrapper\"><p>[vc_row][vc_column][vc_raw_html css=&#8221;&#8221;]PGgyPlV2amV0aSBrb3JpxaF0ZW5qYTwvaDI+PGJyPjxwPlJlemVydmFjaWpvbSBpemxldGEga29kIFB1bGEgQm9hdCBUb3VycyDigJMgQWR2ZW50dXJlcyAodSBvcmdhbml6YWNpamkgTmVwdHVudXMgYm9hdCB0b3VycyBqLmQuby5vLiksIHByaXN0YWpldGUgbmEgc2xqZWRlxIdlIHV2amV0ZTo8L3A+PGJyPjxicj48aDM+MS4gUmV6ZXJ2YWNpamEgaSBwbGHEh2FuamU8L2gzPjxicj48dWw+DQogIDxsaT5SZXplcnZhY2lqZSBzZSBtb2d1IG5hcHJhdml0aSBvbmxpbmUgcHV0ZW0gd2ViIHN0cmFuaWNlIGlsaSBvc29ibm8uPC9saT4NCiAgPGxpPlBsYcSHYW5qZSBqZSBtb2d1xIdlIG9ubGluZSBpbGkgbmEgYnJvZHUgKGdvdG92aW5hKS48L2xpPg0KICA8bGk+U3ZlIGNpamVuZSB1a2xqdcSNdWp1IFBEVi48L2xpPg0KPC91bD48YnI+PGJyPjxoMz4yLiBPdGtheml2YW5qZSBpIHBvdnJhdCBub3ZjYTwvaDM+PGJyPjx1bD4NCiAgPGxpPkJlc3BsYXRubyBvdGtheml2YW5qZSBtb2d1xIdlIGplIGRvIDI0IHNhdGEgcHJpamUgcGxhbmlyYW5vZyBpemxldGEuPC9saT4NCiAgPGxpPk90a2F6aXZhbmphIHVudXRhciAyNCBzYXRhIHByaWplIHBvbGFza2EgaWxpIG5lZG9sYXphayBuZSBwb2RsaWplxb51IHBvdnJhdHUuPC9saT4NCiAgPGxpPlUgc2x1xI1hanUgb3RrYXppdmFuamEgb2Qgc3RyYW5lIG9yZ2FuaXphdG9yYSB6Ym9nIHZyZW1lbnNraWggdXZqZXRhIGlsaSBzaWd1cm5vc3RpLCBnb3N0aW1hIMSHZSBiaXRpIHBvbnXEkWVuIHB1bmkgcG92cmF0IG5vdmNhIGlsaSBhbHRlcm5hdGl2bmkgZGF0dW0uPC9saT4NCjwvdWw+PGJyPjxicj48aDM+My4gVnJlbWVuc2tpIHV2amV0aTwvaDM+PGJyPjxwPkl6bGV0aSBvdmlzZSBvIHZyZW1lbnNraW0gdXZqZXRpbWEuIFphZHLFvmF2YW1vIHByYXZvIGl6bWplbmUgaWxpIG90a2F6aXZhbmphIGl6bGV0YSByYWRpIHNpZ3Vybm9zdGkgcHV0bmlrYS48L3A+PGJyPjxicj48aDM+NC4gT2Rnb3Zvcm5vc3Q8L2gzPjxicj48cD5TdWRqZWxvdmFuamUgamUgbmEgdmxhc3RpdHUgb2Rnb3Zvcm5vc3QuIE9yZ2FuaXphdG9yIG5lIG9kZ292YXJhIHphIG96bGplZGUsIGd1Yml0a2UgaWxpIG9zb2JuZSBzdHZhcmkgb3NpbSB1IHNsdcSNYWp1IGRva2F6YW5lIG5lcGHFvm5qZS48L3A+PGJyPjxicj48aDM+NS4gRGplY2EgaSBvYml0ZWxqaTwvaDM+PGJyPjxwPkRqZWNhIG1vcmFqdSBiaXRpIHUgcHJhdG5qaSBvZHJhc2xlIG9zb2JlLiBQcnNsdWNpIHphIHNwYcWhYXZhbmplIG9zaWd1cmFuaSBzdSB6YSBzdmUgdXpyYXN0ZS48L3A+PGJyPjxicj48aDM+Ni4gS3XEh25pIGxqdWJpbWNpPC9oMz48YnI+PHA+S3XEh25pIGxqdWJpbWNpIHN1IGRvYnJvZG\/FoWxpIG5hIGJyb2QsIGFsaSBtb3JhanUgYml0aSBwb2Qgc3RhbG5pbSBuYWR6b3JvbS48L3A+PGJyPjxicj48aDM+Ny4gUHJvbWplbmUgaXRpbmVyZXJhPC9oMz48YnI+PHA+WmFkcsW+YXZhbW8gcHJhdm8gcHJpbGFnb2RiZSBydXRlIGlsaSByYXNwb3JlZGEgb3Zpc25vIG8gdXZqZXRpbWEgaSBwb3RyZWJhbWEgZ3J1cGUuPC9wPjxicj4=[\/vc_raw_html][\/vc_column][\/vc_row]<\/p>\n<\/div>","protected":false},"excerpt":{"rendered":"<p>[vc_row][vc_column][vc_raw_html css=&#8221;&#8221;]PGgyPlV2amV0aSBrb3JpxaF0ZW5qYTwvaDI+PGJyPjxwPlJlemVydmFjaWpvbSBpemxldGEga29kIFB1bGEgQm9hdCBUb3VycyDigJMgQWR2ZW50dXJlcyAodSBvcmdhbml6YWNpamkgTmVwdHVudXMgYm9hdCB0b3VycyBqLmQuby5vLiksIHByaXN0YWpldGUgbmEgc2xqZWRlxIdlIHV2amV0ZTo8L3A+PGJyPjxicj48aDM+MS4gUmV6ZXJ2YWNpamEgaSBwbGHEh2FuamU8L2gzPjxicj48dWw+DQogIDxsaT5SZXplcnZhY2lqZSBzZSBtb2d1IG5hcHJhdml0aSBvbmxpbmUgcHV0ZW0gd2ViIHN0cmFuaWNlIGlsaSBvc29ibm8uPC9saT4NCiAgPGxpPlBsYcSHYW5qZSBqZSBtb2d1xIdlIG9ubGluZSBpbGkgbmEgYnJvZHUgKGdvdG92aW5hKS48L2xpPg0KICA8bGk+U3ZlIGNpamVuZSB1a2xqdcSNdWp1IFBEVi48L2xpPg0KPC91bD48YnI+PGJyPjxoMz4yLiBPdGtheml2YW5qZSBpIHBvdnJhdCBub3ZjYTwvaDM+PGJyPjx1bD4NCiAgPGxpPkJlc3BsYXRubyBvdGtheml2YW5qZSBtb2d1xIdlIGplIGRvIDI0IHNhdGEgcHJpamUgcGxhbmlyYW5vZyBpemxldGEuPC9saT4NCiAgPGxpPk90a2F6aXZhbmphIHVudXRhciAyNCBzYXRhIHByaWplIHBvbGFza2EgaWxpIG5lZG9sYXphayBuZSBwb2RsaWplxb51IHBvdnJhdHUuPC9saT4NCiAgPGxpPlUgc2x1xI1hanUgb3RrYXppdmFuamEgb2Qgc3RyYW5lIG9yZ2FuaXphdG9yYSB6Ym9nIHZyZW1lbnNraWggdXZqZXRhIGlsaSBzaWd1cm5vc3RpLCBnb3N0aW1hIMSHZSBiaXRpIHBvbnXEkWVuIHB1bmkgcG92cmF0IG5vdmNhIGlsaSBhbHRlcm5hdGl2bmkgZGF0dW0uPC9saT4NCjwvdWw+PGJyPjxicj48aDM+My4gVnJlbWVuc2tpIHV2amV0aTwvaDM+PGJyPjxwPkl6bGV0aSBvdmlzZSBvIHZyZW1lbnNraW0gdXZqZXRpbWEuIFphZHLFvmF2YW1vIHByYXZvIGl6bWplbmUgaWxpIG90a2F6aXZhbmphIGl6bGV0YSByYWRpIHNpZ3Vybm9zdGkgcHV0bmlrYS48L3A+PGJyPjxicj48aDM+NC4gT2Rnb3Zvcm5vc3Q8L2gzPjxicj48cD5TdWRqZWxvdmFuamUgamUgbmEgdmxhc3RpdHUgb2Rnb3Zvcm5vc3QuIE9yZ2FuaXphdG9yIG5lIG9kZ292YXJhIHphIG96bGplZGUsIGd1Yml0a2UgaWxpIG9zb2JuZSBzdHZhcmkgb3NpbSB1IHNsdcSNYWp1IGRva2F6YW5lIG5lcGHFvm5qZS48L3A+PGJyPjxicj48aDM+NS4gRGplY2EgaSBvYml0ZWxqaTwvaDM+PGJyPjxwPkRqZWNhIG1vcmFqdSBiaXRpIHUgcHJhdG5qaSBvZHJhc2xlIG9zb2JlLiBQcnNsdWNpIHphIHNwYcWhYXZhbmplIG9zaWd1cmFuaSBzdSB6YSBzdmUgdXpyYXN0ZS48L3A+PGJyPjxicj48aDM+Ni4gS3XEh25pIGxqdWJpbWNpPC9oMz48YnI+PHA+S3XEh25pIGxqdWJpbWNpIHN1IGRvYnJvZG\/FoWxpIG5hIGJyb2QsIGFsaSBtb3JhanUgYml0aSBwb2Qgc3RhbG5pbSBuYWR6b3JvbS48L3A+PGJyPjxicj48aDM+Ny4gUHJvbWplbmUgaXRpbmVyZXJhPC9oMz48YnI+PHA+WmFkcsW+YXZhbW8gcHJhdm8gcHJpbGFnb2RiZSBydXRlIGlsaSByYXNwb3JlZGEgb3Zpc25vIG8gdXZqZXRpbWEgaSBwb3RyZWJhbWEgZ3J1cGUuPC9wPjxicj4=[\/vc_raw_html][\/vc_column][\/vc_row]<\/p>\n","protected":false},"author":2,"featured_media":0,"parent":0,"menu_order":0,"comment_status":"closed","ping_status":"closed","template":"","meta":{"site-sidebar-layout":"no-sidebar","site-content-layout":"plain-container","ast-site-content-layout":"default","site-content-style":"default","site-sidebar-style":"default","ast-global-header-display":"","ast-banner-title-visibility":"","ast-main-header-display":"","ast-hfb-above-header-display":"","ast-hfb-below-header-display":"","ast-hfb-mobile-header-display":"","site-post-title":"disabled","ast-breadcrumbs-content":"","ast-featured-img":"disabled","footer-sml-layout":"","ast-disable-related-posts":"","theme-transparent-header-meta":"default","adv-header-id-meta":"","stick-header-meta":"","header-above-stick-meta":"","header-main-stick-meta":"","header-below-stick-meta":"","astra-migrate-meta-layouts":"set","ast-page-background-enabled":"default","ast-page-background-meta":{"desktop":{"background-color":"var(--ast-global-color-5)","background-image":"","background-repeat":"repeat","background-position":"center center","background-size":"auto","background-attachment":"scroll","background-type":"","background-media":"","overlay-type":"","overlay-color":"","overlay-opacity":"","overlay-gradient":""},"tablet":{"background-color":"","background-image":"","background-repeat":"repeat","background-position":"center center","background-size":"auto","background-attachment":"scroll","background-type":"","background-media":"","overlay-type":"","overlay-color":"","overlay-opacity":"","overlay-gradient":""},"mobile":{"background-color":"","background-image":"","background-repeat":"repeat","background-position":"center center","background-size":"auto","background-attachment":"scroll","background-type":"","background-media":"","overlay-type":"","overlay-color":"","overlay-opacity":"","overlay-gradient":""}},"ast-content-background-meta":{"desktop":{"background-color":"var(--ast-global-color-4)","background-image":"","background-repeat":"repeat","background-position":"center center","background-size":"auto","background-attachment":"scroll","background-type":"","background-media":"","overlay-type":"","overlay-color":"","overlay-opacity":"","overlay-gradient":""},"tablet":{"background-color":"var(--ast-global-color-4)","background-image":"","background-repeat":"repeat","background-position":"center center","background-size":"auto","background-attachment":"scroll","background-type":"","background-media":"","overlay-type":"","overlay-color":"","overlay-opacity":"","overlay-gradient":""},"mobile":{"background-color":"var(--ast-global-color-4)","background-image":"","background-repeat":"repeat","background-position":"center center","background-size":"auto","background-attachment":"scroll","background-type":"","background-media":"","overlay-type":"","overlay-color":"","overlay-opacity":"","overlay-gradient":""}},"footnotes":""},"class_list":["post-5712","page","type-page","status-publish","hentry"],"yoast_head":"<!-- This site is optimized with the Yoast SEO plugin v26.8 - https:\/\/yoast.com\/product\/yoast-seo-wordpress\/ -->\n<title>Uvjeti kori\u0161tenja<\/title>\n<meta name=\"description\" content=\"Uvjeti kori\u0161tenja za rezervaciju brodskih izleta. Informacije o rezervacijama, otkazivanjima, pla\u0107anjima i pravilima sudjelovanja.\" \/>\n<meta name=\"robots\" content=\"index, follow, max-snippet:-1, max-image-preview:large, max-video-preview:-1\" \/>\n<link rel=\"canonical\" href=\"https:\/\/pulaboattours-adventures.com\/hr\/terms-conditions\/\" \/>\n<meta property=\"og:locale\" content=\"hr_HR\" \/>\n<meta property=\"og:type\" content=\"article\" \/>\n<meta property=\"og:title\" content=\"Uvjeti kori\u0161tenja\" \/>\n<meta property=\"og:description\" content=\"Uvjeti kori\u0161tenja za rezervaciju brodskih izleta. Informacije o rezervacijama, otkazivanjima, pla\u0107anjima i pravilima sudjelovanja.\" \/>\n<meta property=\"og:url\" content=\"https:\/\/pulaboattours-adventures.com\/hr\/terms-conditions\/\" \/>\n<meta property=\"og:site_name\" content=\"Pula Boat Tours - Adventures , Boat Europa\" \/>\n<meta property=\"article:publisher\" content=\"https:\/\/www.facebook.com\/pulaboattour\" \/>\n<meta property=\"article:modified_time\" content=\"2026-03-05T20:44:55+00:00\" \/>\n<meta name=\"twitter:card\" content=\"summary_large_image\" \/>\n<meta name=\"twitter:label1\" content=\"Procijenjeno vrijeme \u010ditanja\" \/>\n\t<meta name=\"twitter:data1\" content=\"1 minuta\" \/>\n<script type=\"application\/ld+json\" class=\"yoast-schema-graph\">{\"@context\":\"https:\/\/schema.org\",\"@graph\":[{\"@type\":\"WebPage\",\"@id\":\"https:\/\/pulaboattours-adventures.com\/hr\/terms-conditions\/\",\"url\":\"https:\/\/pulaboattours-adventures.com\/hr\/terms-conditions\/\",\"name\":\"Uvjeti kori\u0161tenja\",\"isPartOf\":{\"@id\":\"https:\/\/pulaboattours-adventures.com\/hr\/#website\"},\"datePublished\":\"2025-03-31T17:04:35+00:00\",\"dateModified\":\"2026-03-05T20:44:55+00:00\",\"description\":\"Uvjeti kori\u0161tenja za rezervaciju brodskih izleta. Informacije o rezervacijama, otkazivanjima, pla\u0107anjima i pravilima sudjelovanja.\",\"breadcrumb\":{\"@id\":\"https:\/\/pulaboattours-adventures.com\/hr\/terms-conditions\/#breadcrumb\"},\"inLanguage\":\"hr\",\"potentialAction\":[{\"@type\":\"ReadAction\",\"target\":[\"https:\/\/pulaboattours-adventures.com\/hr\/terms-conditions\/\"]}]},{\"@type\":\"BreadcrumbList\",\"@id\":\"https:\/\/pulaboattours-adventures.com\/hr\/terms-conditions\/#breadcrumb\",\"itemListElement\":[{\"@type\":\"ListItem\",\"position\":1,\"name\":\"Home\",\"item\":\"https:\/\/pulaboattours-adventures.com\/hr\/\"},{\"@type\":\"ListItem\",\"position\":2,\"name\":\"Terms &#038; Conditions\"}]},{\"@type\":\"WebSite\",\"@id\":\"https:\/\/pulaboattours-adventures.com\/hr\/#website\",\"url\":\"https:\/\/pulaboattours-adventures.com\/hr\/\",\"name\":\"Pula Boat Tours Adventures\",\"description\":\"One of the best Boat Tours in Istria\",\"publisher\":{\"@id\":\"https:\/\/pulaboattours-adventures.com\/hr\/#organization\"},\"potentialAction\":[{\"@type\":\"SearchAction\",\"target\":{\"@type\":\"EntryPoint\",\"urlTemplate\":\"https:\/\/pulaboattours-adventures.com\/hr\/?s={search_term_string}\"},\"query-input\":{\"@type\":\"PropertyValueSpecification\",\"valueRequired\":true,\"valueName\":\"search_term_string\"}}],\"inLanguage\":\"hr\"},{\"@type\":\"Organization\",\"@id\":\"https:\/\/pulaboattours-adventures.com\/hr\/#organization\",\"name\":\"Pula Boat Tours Adventures\",\"url\":\"https:\/\/pulaboattours-adventures.com\/hr\/\",\"logo\":{\"@type\":\"ImageObject\",\"inLanguage\":\"hr\",\"@id\":\"https:\/\/pulaboattours-adventures.com\/hr\/#\/schema\/logo\/image\/\",\"url\":\"https:\/\/pulaboattours-adventures.com\/wp-content\/uploads\/2026\/02\/cropped-cropped-logo-slika-1.webp\",\"contentUrl\":\"https:\/\/pulaboattours-adventures.com\/wp-content\/uploads\/2026\/02\/cropped-cropped-logo-slika-1.webp\",\"width\":341,\"height\":286,\"caption\":\"Pula Boat Tours Adventures\"},\"image\":{\"@id\":\"https:\/\/pulaboattours-adventures.com\/hr\/#\/schema\/logo\/image\/\"},\"sameAs\":[\"https:\/\/www.facebook.com\/pulaboattour\",\"https:\/\/www.instagram.com\/pula_boat_tours_adventures\/\",\"https:\/\/www.tiktok.com\/@pulaboattoursadventures\"]}]}<\/script>\n<!-- \/ Yoast SEO plugin. -->","yoast_head_json":{"title":"Uvjeti kori\u0161tenja","description":"Uvjeti kori\u0161tenja za rezervaciju brodskih izleta. Informacije o rezervacijama, otkazivanjima, pla\u0107anjima i pravilima sudjelovanja.","robots":{"index":"index","follow":"follow","max-snippet":"max-snippet:-1","max-image-preview":"max-image-preview:large","max-video-preview":"max-video-preview:-1"},"canonical":"https:\/\/pulaboattours-adventures.com\/hr\/terms-conditions\/","og_locale":"hr_HR","og_type":"article","og_title":"Uvjeti kori\u0161tenja","og_description":"Uvjeti kori\u0161tenja za rezervaciju brodskih izleta. Informacije o rezervacijama, otkazivanjima, pla\u0107anjima i pravilima sudjelovanja.","og_url":"https:\/\/pulaboattours-adventures.com\/hr\/terms-conditions\/","og_site_name":"Pula Boat Tours - Adventures , Boat Europa","article_publisher":"https:\/\/www.facebook.com\/pulaboattour","article_modified_time":"2026-03-05T20:44:55+00:00","twitter_card":"summary_large_image","twitter_misc":{"Procijenjeno vrijeme \u010ditanja":"1 minuta"},"schema":{"@context":"https:\/\/schema.org","@graph":[{"@type":"WebPage","@id":"https:\/\/pulaboattours-adventures.com\/hr\/terms-conditions\/","url":"https:\/\/pulaboattours-adventures.com\/hr\/terms-conditions\/","name":"Uvjeti kori\u0161tenja","isPartOf":{"@id":"https:\/\/pulaboattours-adventures.com\/hr\/#website"},"datePublished":"2025-03-31T17:04:35+00:00","dateModified":"2026-03-05T20:44:55+00:00","description":"Uvjeti kori\u0161tenja za rezervaciju brodskih izleta. Informacije o rezervacijama, otkazivanjima, pla\u0107anjima i pravilima sudjelovanja.","breadcrumb":{"@id":"https:\/\/pulaboattours-adventures.com\/hr\/terms-conditions\/#breadcrumb"},"inLanguage":"hr","potentialAction":[{"@type":"ReadAction","target":["https:\/\/pulaboattours-adventures.com\/hr\/terms-conditions\/"]}]},{"@type":"BreadcrumbList","@id":"https:\/\/pulaboattours-adventures.com\/hr\/terms-conditions\/#breadcrumb","itemListElement":[{"@type":"ListItem","position":1,"name":"Home","item":"https:\/\/pulaboattours-adventures.com\/hr\/"},{"@type":"ListItem","position":2,"name":"Terms &#038; Conditions"}]},{"@type":"WebSite","@id":"https:\/\/pulaboattours-adventures.com\/hr\/#website","url":"https:\/\/pulaboattours-adventures.com\/hr\/","name":"Pula Boat Tours Adventures","description":"One of the best Boat Tours in Istria","publisher":{"@id":"https:\/\/pulaboattours-adventures.com\/hr\/#organization"},"potentialAction":[{"@type":"SearchAction","target":{"@type":"EntryPoint","urlTemplate":"https:\/\/pulaboattours-adventures.com\/hr\/?s={search_term_string}"},"query-input":{"@type":"PropertyValueSpecification","valueRequired":true,"valueName":"search_term_string"}}],"inLanguage":"hr"},{"@type":"Organization","@id":"https:\/\/pulaboattours-adventures.com\/hr\/#organization","name":"Pula Boat Tours Adventures","url":"https:\/\/pulaboattours-adventures.com\/hr\/","logo":{"@type":"ImageObject","inLanguage":"hr","@id":"https:\/\/pulaboattours-adventures.com\/hr\/#\/schema\/logo\/image\/","url":"https:\/\/pulaboattours-adventures.com\/wp-content\/uploads\/2026\/02\/cropped-cropped-logo-slika-1.webp","contentUrl":"https:\/\/pulaboattours-adventures.com\/wp-content\/uploads\/2026\/02\/cropped-cropped-logo-slika-1.webp","width":341,"height":286,"caption":"Pula Boat Tours Adventures"},"image":{"@id":"https:\/\/pulaboattours-adventures.com\/hr\/#\/schema\/logo\/image\/"},"sameAs":["https:\/\/www.facebook.com\/pulaboattour","https:\/\/www.instagram.com\/pula_boat_tours_adventures\/","https:\/\/www.tiktok.com\/@pulaboattoursadventures"]}]}},"_links":{"self":[{"href":"https:\/\/pulaboattours-adventures.com\/hr\/wp-json\/wp\/v2\/pages\/5712","targetHints":{"allow":["GET"]}}],"collection":[{"href":"https:\/\/pulaboattours-adventures.com\/hr\/wp-json\/wp\/v2\/pages"}],"about":[{"href":"https:\/\/pulaboattours-adventures.com\/hr\/wp-json\/wp\/v2\/types\/page"}],"author":[{"embeddable":true,"href":"https:\/\/pulaboattours-adventures.com\/hr\/wp-json\/wp\/v2\/users\/2"}],"replies":[{"embeddable":true,"href":"https:\/\/pulaboattours-adventures.com\/hr\/wp-json\/wp\/v2\/comments?post=5712"}],"version-history":[{"count":1,"href":"https:\/\/pulaboattours-adventures.com\/hr\/wp-json\/wp\/v2\/pages\/5712\/revisions"}],"predecessor-version":[{"id":5713,"href":"https:\/\/pulaboattours-adventures.com\/hr\/wp-json\/wp\/v2\/pages\/5712\/revisions\/5713"}],"wp:attachment":[{"href":"https:\/\/pulaboattours-adventures.com\/hr\/wp-json\/wp\/v2\/media?parent=5712"}],"curies":[{"name":"wp","href":"https:\/\/api.w.org\/{rel}","templated":true}]}}