{"id":6688,"date":"2026-01-28T12:54:54","date_gmt":"2026-01-28T12:54:54","guid":{"rendered":"https:\/\/pulaboattours-adventures.com\/reviews-pula-boat-tours-adventures\/"},"modified":"2026-03-05T21:03:18","modified_gmt":"2026-03-05T21:03:18","slug":"recenzije","status":"publish","type":"page","link":"https:\/\/pulaboattours-adventures.com\/hr\/recenzije\/","title":{"rendered":"Recenzije"},"content":{"rendered":"<div class=\"wpb-content-wrapper\"><p>[vc_row full_height=&#8221;yes&#8221; columns_placement=&#8221;top&#8221; css=&#8221;.vc_custom_1772439290768{background-position: center !important;background-repeat: no-repeat !important;background-size: cover !important;}&#8221; el_class=&#8221;reviews-hero-img&#8221;][vc_column][vc_raw_html css=&#8221;&#8221;]PCEtLSA9PT09PT09PT09PT09PT09PT09PT09PT09PT09PT09PT09PT09PT09PT09PT09PT09PT09PT09PT08YnI+UEJUIOKAlCBSRVZJRVdTIElOVFJPIChHTE9CQUwtQ09OU0lTVEVOVCBUT1AgU1BBQ0lORyDigJQgRklOQUwpPGJyPkdvYWw6IHNhbWUg4oCcc3RhcnQgaGVpZ2h04oCdIGFjcm9zcyBwYWdlcyAobm8gbW9yZSBvbmUgcGFnZSBoaWdoZXIvbG93ZXIpPGJyPi0gVGlnaHQsIGNvbnNpc3RlbnQgdG9wIHBhZGRpbmcgKG5vdCBoZWF2eSBjbGFtcCk8YnI+LSBLZWVwcyB5b3VyIHR5cG9ncmFwaHkgKyBjYXJkIHN0eWxlPGJyPlBhc3RlIGFzIE9ORSBSYXcgSFRNTCBibG9jayBBQk9WRSBUcnVzdGluZGV4IHdpZGdldDxicj49PT09PT09PT09PT09PT09PT09PT09PT09PT09PT09PT09PT09PT09PT09PT09PT09PT09PT09PT0gLS0+PGJyPjxicj48c2VjdGlvbiBjbGFzcz0icGJ0LXJldmlld3Mtc2VvIiBhcmlhLWxhYmVsPSJSZWNlbnppamUgZ29zdGlqdSBQdWxhIEJvYXQgVG91cnMiPg0KDQo8c3R5bGU+DQoucGJ0LXJldmlld3Mtc2VvLCAucGJ0LXJldmlld3Mtc2VvICp7Ym94LXNpemluZzpib3JkZXItYm94O30NCi5wYnQtcmV2aWV3cy1zZW97DQogIG1heC13aWR0aDoxMTIwcHg7DQogIG1hcmdpbjowIGF1dG87DQogIHBhZGRpbmc6MjRweCAyMHB4IDEycHg7ICAgLyogQ09OU0lTVEVOVDogc2FtZSBiYXNlbGluZSBhY3Jvc3MgcGFnZXMgKi8NCiAgZm9udC1mYW1pbHk6J09wZW4gU2Fucycsc3lzdGVtLXVpLC1hcHBsZS1zeXN0ZW0sIlNlZ29lIFVJIixSb2JvdG8sQXJpYWwsc2Fucy1zZXJpZiFpbXBvcnRhbnQ7DQogIGNvbG9yOiMxMTE7DQp9DQoNCi8qIFRJVExFICovDQoucGJ0LXJldmlld3Mtc2VvIC5wYnQtdG9wew0KICB0ZXh0LWFsaWduOmNlbnRlcjsNCiAgbWFyZ2luLWJvdHRvbToxNnB4Ow0KfQ0KLnBidC1yZXZpZXdzLXNlbyAucGJ0LXRvcCAucGJ0LWtpY2tlcnsNCiAgbWFyZ2luOjAgMCA2cHg7DQogIGZvbnQtc2l6ZToxMnB4Ow0KICBsZXR0ZXItc3BhY2luZzouMTRlbTsNCiAgdGV4dC10cmFuc2Zvcm06dXBwZXJjYXNlOw0KICBjb2xvcjojNDQ0NDQ0Ow0KfQ0KLnBidC1yZXZpZXdzLXNlbyAucGJ0LXRvcCBoMXsNCiAgZm9udC1mYW1pbHk6J01vbnRzZXJyYXQnLHNhbnMtc2VyaWYhaW1wb3J0YW50Ow0KICBmb250LXdlaWdodDo5MDA7DQogIGZvbnQtc2l6ZTpjbGFtcCgzMHB4LDMuMnZ3LDQ0cHgpOw0KICBsaW5lLWhlaWdodDoxLjA4Ow0KICBtYXJnaW46MCAwIDhweDsNCn0NCi5wYnQtcmV2aWV3cy1zZW8gLnBidC10b3AgcHsNCiAgbWF4LXdpZHRoOjkwMHB4Ow0KICBtYXJnaW46MCBhdXRvOw0KICBmb250LXNpemU6MTZweDsNCiAgbGluZS1oZWlnaHQ6MS42Ow0KICBjb2xvcjpyZ2JhKDE3LDE3LDE3LC43Mik7DQp9DQoucGJ0LXJldmlld3Mtc2VvIC5wYnQtcGxhdGZvcm1zew0KICBtYXJnaW46NnB4IGF1dG8gMDsNCiAgZm9udC1zaXplOjE0cHg7DQogIGxpbmUtaGVpZ2h0OjEuNjsNCiAgY29sb3I6cmdiYSgxNywxNywxNywuNjIpOw0KfQ0KLnBidC1yZXZpZXdzLXNlbyAucGJ0LWp1bXB7DQogIGRpc3BsYXk6aW5saW5lLWJsb2NrOw0KICBtYXJnaW4tdG9wOjhweDsNCiAgZm9udC1zaXplOjEzcHg7DQogIGNvbG9yOiMyZjU1ZmY7DQogIGZvbnQtd2VpZ2h0OjYwMDsNCiAgdGV4dC1kZWNvcmF0aW9uOm5vbmU7DQp9DQoucGJ0LXJldmlld3Mtc2VvIC5wYnQtanVtcDpob3Zlcnt0ZXh0LWRlY29yYXRpb246dW5kZXJsaW5lO30NCg0KLyogQ0FSRCBCQVNFICovDQoucGJ0LXJldmlld3Mtc2VvIC5wYnQtY2FyZHsNCiAgbWFyZ2luLXRvcDoxNnB4Ow0KICBiYWNrZ3JvdW5kOiNmZmY7DQogIGJvcmRlci1yYWRpdXM6NjBweCAwIDYwcHggMDsNCiAgYm9yZGVyOjFweCBzb2xpZCByZ2JhKDE3LDE3LDE3LC4wOCk7DQogIGJveC1zaGFkb3c6MCAxOHB4IDQ0cHggcmdiYSgxNywxNywxNywuMDgpOw0KICBvdmVyZmxvdzpoaWRkZW47DQp9DQoNCi8qIFRFWFQgQ0FSRCAqLw0KLnBidC1yZXZpZXdzLXNlbyAucGJ0LXRleHQtY2FyZHtwYWRkaW5nOjI2cHg7fQ0KLnBidC1yZXZpZXdzLXNlbyAucGJ0LXRleHQtY2FyZCBoMnsNCiAgZm9udC1mYW1pbHk6J01vbnRzZXJyYXQnLHNhbnMtc2VyaWYhaW1wb3J0YW50Ow0KICBmb250LXdlaWdodDo5MDA7DQogIG1hcmdpbjowIDAgMTJweDsNCiAgZm9udC1zaXplOmNsYW1wKDIycHgsMi40dncsMzBweCk7DQp9DQoucGJ0LXJldmlld3Mtc2VvIC5wYnQtdGV4dC1jYXJkIHB7DQogIG1hcmdpbjowIDAgMTBweDsNCiAgZm9udC1zaXplOjE1cHg7DQogIGxpbmUtaGVpZ2h0OjEuNjsNCiAgY29sb3I6cmdiYSgxNywxNywxNywuNzUpOw0KfQ0KLnBidC1yZXZpZXdzLXNlbyAucGJ0LXRleHQtY2FyZCBwOmxhc3QtY2hpbGR7bWFyZ2luLWJvdHRvbTowO30NCg0KLyogTW9iaWxlICovDQpAbWVkaWEobWF4LXdpZHRoOjkwMHB4KXsNCiAgLnBidC1yZXZpZXdzLXNlb3sgcGFkZGluZzoxOHB4IDE2cHggOHB4OyB9DQogIC5wYnQtcmV2aWV3cy1zZW8gLnBidC10ZXh0LWNhcmR7IHBhZGRpbmc6MjBweDsgfQ0KfQ0KPC9zdHlsZT4NCg0KPCEtLSBUSVRMRSAtLT4NCjxkaXYgY2xhc3M9InBidC10b3AiPg0KICA8cCBjbGFzcz0icGJ0LWtpY2tlciI+T2JpdGVsanNrYSBwcmnEjWEgb2QgMTk2NyDigKIgQnJvZCBFdXJvcGEg4oCiIFB1bGEsIEhydmF0c2thPC9wPg0KDQogIDxoMT5SZWNlbnppamUgUHVsYSBCb2F0IFRvdXJzIOKAkyBBZHZlbnR1cmVzIOKAlCB2acWhZSBvZCA0LjUwMCBvY2plbmEgZ29zdGlqdTwvaDE+DQoNCiAgPHA+DQogICAgUGxhbmlyYXRlIDxzdHJvbmc+aXpsZXQgYnJvZG9tIHMgcHJvbWF0cmFuamVtIGRlbGZpbmEgaXogUHVsZTwvc3Ryb25nPiBpbGkgb3B1xaF0ZW5vIDxzdHJvbmc+a3JzdGFyZW5qZSBva28gQnJpanVuYTwvc3Ryb25nPj8NCiAgICBJc3BvZCBtb8W+ZXRlIHByb8SNaXRhdGkgc3R2YXJuYSBpc2t1c3R2YSBnb3N0aWp1IGtvamkgc3Ugc3VkamVsb3ZhbGkgbmEgbmHFoWltIHN1bnNldCBpIGRuZXZuaW0gaXpsZXRpbWEgYnJvZG9tIEJvYXQgRXVyb3BhLg0KICA8L3A+DQoNCiAgPGRpdiBjbGFzcz0icGJ0LXBsYXRmb3JtcyI+R29vZ2xlIOKAoiBUcmlwQWR2aXNvciDigKIgVmlhdG9yIOKAoiBHZXRZb3VyR3VpZGUg4oCiIEZhY2Vib29rPC9kaXY+DQoNCiAgPGEgY2xhc3M9InBidC1qdW1wIiBocmVmPSIjcmV2aWV3cyI+UG9nbGVkYWogcmVjZW56aWplIOKGkzwvYT4NCjwvZGl2Pg0KDQo8IS0tIE9ORSBTRU8gQ0FSRCAtLT4NCjxkaXYgY2xhc3M9InBidC1jYXJkIHBidC10ZXh0LWNhcmQiPg0KICA8aDI+SXNrdXN0dmEgc3R2YXJuaWggZ29zdGlqdSDigJQgxaF0byBtb8W+ZXRlIG\/EjWVraXZhdGkgbmEgbmHFoWltIGl6bGV0aW1hPC9oMj4NCg0KICA8cD4NCiAgICBBa28gdXNwb3JlxJF1amV0ZSA8c3Ryb25nPml6bGV0ZSBicm9kb20gdSBQdWxpPC9zdHJvbmc+LCByZWNlbnppamUgc3UgbmFqYnLFvmkgbmHEjWluIGRhIHZpZGl0ZSBrYWtvIGl6bGV0IHphcHJhdm8gaXpnbGVkYS4NCiAgICBHb3N0aSBuYWrEjWXFocSHZSBpc3RpxI11IG9wdcWhdGVudSBhdG1vc2ZlcnUgbmEgYnJvZHUsIGphc251IGtvbXVuaWthY2lqdSBpIHByZWtyYXNuZSBwb2dsZWRlIG5hIDxzdHJvbmc+QnJpanVuc2tlIG90b2tlPC9zdHJvbmc+Lg0KICA8L3A+DQoNCiAgPHA+DQogICAgTmHFoWUgZHZpamUgZ2xhdm5lIHR1cmUgc3UgPHN0cm9uZz4zLXNhdG5pIGl6bGV0IHByb21hdHJhbmphIGRlbGZpbmEgdXogemFsYXphayBzdW5jYTwvc3Ryb25nPg0KICAgIGkgPHN0cm9uZz41LXNhdG5pIGRuZXZuaSBpemxldCBva28gQnJpanVuYTwvc3Ryb25nPiBzIHBhbm9yYW1za2ltIHBvZ2xlZGltYSBpIHNlem9uc2tpbSBzdGFqYW5qZW0gemEga3VwYW5qZS4NCiAgICBPYmEgaXpsZXRhIG9yZ2FuaXppcmFuYSBzdSBzIG5hZ2xhc2tvbSBuYSB1ZG9ibm9zdCDigJQgYmV6IMW+dXJiZSBpIGJleiBwcmVuYXRycGFuaWggYnJvZG92YS4NCiAgPC9wPg0KDQogIDxwPg0KICAgIFBvZ2xlZGFqdGUgcmVjZW56aWplIHUgbmFzdGF2a3UgKHByZXV6ZXRlIHMgbmHFoWloIGphdm5paCBwcm9maWxhIG5hIG5hanZlxIdpbSB0dXJpc3RpxI1raW0gcGxhdGZvcm1hbWEpLA0KICAgIGEgemF0aW0gcmV6ZXJ2aXJhanRlIHN2b2ogaXpsZXQgcyBwb3ZqZXJlbmplbSBrYWRhIGJ1ZGV0ZSBzcHJlbW5pLg0KICA8L3A+DQo8L2Rpdj4NCg0KPC9zZWN0aW9uPjxicj48YnI+PCEtLSBBbmNob3IgdGFyZ2V0IGZvciBUcnVzdGluZGV4IGJlbG93IC0tPjxicj48ZGl2IGlkPSJyZXZpZXdzIiBzdHlsZT0icG9zaXRpb246cmVsYXRpdmU7IHRvcDotMTBweDsiPjwvZGl2Pg==[\/vc_raw_html][\/vc_column][\/vc_row][vc_row full_height=&#8221;yes&#8221; columns_placement=&#8221;top&#8221;][vc_column][vc_raw_html css=&#8221;&#8221;]PHNjcmlwdCBkZWZlciBhc3luYyBzcmM9J2h0dHBzOi8vY2RuLnRydXN0aW5kZXguaW8vbG9hZGVyLmpzPzJkZTMyZGQ2M2M0ZDM2MGU0NDA2NGJiMjhmZCc+PC9zY3JpcHQ+[\/vc_raw_html][vc_row_inner][vc_column_inner][vc_empty_space][vc_empty_space][vc_media_grid element_width=&#8221;2&#8243; gap=&#8221;0&#8243; css=&#8221;&#8221; grid_id=&#8221;vc_gid:1772439054679-d9dcaee450bd80e77e2583c0f50a4b60-8&#8243; include=&#8221;4750,4747,4744,4702,4687,4705&#8243;][\/vc_column_inner][\/vc_row_inner][\/vc_column][\/vc_row][vc_row][vc_column][vc_raw_html css=&#8221;&#8221;]PHNjcmlwdCB0eXBlPSJhcHBsaWNhdGlvbi9sZCtqc29uIj4NCnsNCiAgIkBjb250ZXh0IjoiaHR0cHM6Ly9zY2hlbWEub3JnIiwNCiAgIkB0eXBlIjoiV2ViUGFnZSIsDQogICJAaWQiOiJodHRwczovL3B1bGFib2F0dG91cnMtYWR2ZW50dXJlcy5jb20vaHIvcmV2aWV3cy1wdWxhLWJvYXQtdG91cnMtYWR2ZW50dXJlcy8jd2VicGFnZSIsDQogICJ1cmwiOiJodHRwczovL3B1bGFib2F0dG91cnMtYWR2ZW50dXJlcy5jb20vaHIvcmV2aWV3cy1wdWxhLWJvYXQtdG91cnMtYWR2ZW50dXJlcy8iLA0KICAibmFtZSI6IlJlY2VuemlqZSBnb3N0aWp1IOKAlCBQdWxhIEJvYXQgVG91cnMg4oCTIEFkdmVudHVyZXMiLA0KICAiZGVzY3JpcHRpb24iOiJSZWNlbnppamUgaSBvY2plbmUgZ29zdGlqdSB6YSBQdWxhIEJvYXQgVG91cnMg4oCTIEFkdmVudHVyZXMgKEJvYXQgRXVyb3BhKSBzIHBsYXRmb3JtaSBHb29nbGUsIFRyaXBBZHZpc29yLCBWaWF0b3IgaSBHZXRZb3VyR3VpZGUuIiwNCiAgImluTGFuZ3VhZ2UiOiJociIsDQogICJpc1BhcnRPZiI6eyJAaWQiOiJodHRwczovL3B1bGFib2F0dG91cnMtYWR2ZW50dXJlcy5jb20vI3dlYnNpdGUifSwNCiAgImFib3V0Ijp7IkBpZCI6Imh0dHBzOi8vcHVsYWJvYXR0b3Vycy1hZHZlbnR1cmVzLmNvbS8jYnVzaW5lc3MifQ0KfQ0KPC9zY3JpcHQ+[\/vc_raw_html][\/vc_column][\/vc_row]<\/p>\n<\/div>","protected":false},"excerpt":{"rendered":"<p>[vc_row full_height=&#8221;yes&#8221; columns_placement=&#8221;top&#8221; css=&#8221;.vc_custom_1772439290768{background-position: center !important;background-repeat: no-repeat !important;background-size: cover !important;}&#8221; el_class=&#8221;reviews-hero-img&#8221;][vc_column][vc_raw_html css=&#8221;&#8221;]PCEtLSA9PT09PT09PT09PT09PT09PT09PT09PT09PT09PT09PT09PT09PT09PT09PT09PT09PT09PT09PT08YnI+UEJUIOKAlCBSRVZJRVdTIElOVFJPIChHTE9CQUwtQ09OU0lTVEVOVCBUT1AgU1BBQ0lORyDigJQgRklOQUwpPGJyPkdvYWw6IHNhbWUg4oCcc3RhcnQgaGVpZ2h04oCdIGFjcm9zcyBwYWdlcyAobm8gbW9yZSBvbmUgcGFnZSBoaWdoZXIvbG93ZXIpPGJyPi0gVGlnaHQsIGNvbnNpc3RlbnQgdG9wIHBhZGRpbmcgKG5vdCBoZWF2eSBjbGFtcCk8YnI+LSBLZWVwcyB5b3VyIHR5cG9ncmFwaHkgKyBjYXJkIHN0eWxlPGJyPlBhc3RlIGFzIE9ORSBSYXcgSFRNTCBibG9jayBBQk9WRSBUcnVzdGluZGV4IHdpZGdldDxicj49PT09PT09PT09PT09PT09PT09PT09PT09PT09PT09PT09PT09PT09PT09PT09PT09PT09PT09PT0gLS0+PGJyPjxicj48c2VjdGlvbiBjbGFzcz0icGJ0LXJldmlld3Mtc2VvIiBhcmlhLWxhYmVsPSJSZWNlbnppamUgZ29zdGlqdSBQdWxhIEJvYXQgVG91cnMiPg0KDQo8c3R5bGU+DQoucGJ0LXJldmlld3Mtc2VvLCAucGJ0LXJldmlld3Mtc2VvICp7Ym94LXNpemluZzpib3JkZXItYm94O30NCi5wYnQtcmV2aWV3cy1zZW97DQogIG1heC13aWR0aDoxMTIwcHg7DQogIG1hcmdpbjowIGF1dG87DQogIHBhZGRpbmc6MjRweCAyMHB4IDEycHg7ICAgLyogQ09OU0lTVEVOVDogc2FtZSBiYXNlbGluZSBhY3Jvc3MgcGFnZXMgKi8NCiAgZm9udC1mYW1pbHk6J09wZW4gU2Fucycsc3lzdGVtLXVpLC1hcHBsZS1zeXN0ZW0sIlNlZ29lIFVJIixSb2JvdG8sQXJpYWwsc2Fucy1zZXJpZiFpbXBvcnRhbnQ7DQogIGNvbG9yOiMxMTE7DQp9DQoNCi8qIFRJVExFICovDQoucGJ0LXJldmlld3Mtc2VvIC5wYnQtdG9wew0KICB0ZXh0LWFsaWduOmNlbnRlcjsNCiAgbWFyZ2luLWJvdHRvbToxNnB4Ow0KfQ0KLnBidC1yZXZpZXdzLXNlbyAucGJ0LXRvcCAucGJ0LWtpY2tlcnsNCiAgbWFyZ2luOjAgMCA2cHg7DQogIGZvbnQtc2l6ZToxMnB4Ow0KICBsZXR0ZXItc3BhY2luZzouMTRlbTsNCiAgdGV4dC10cmFuc2Zvcm06dXBwZXJjYXNlOw0KICBjb2xvcjojNDQ0NDQ0Ow0KfQ0KLnBidC1yZXZpZXdzLXNlbyAucGJ0LXRvcCBoMXsNCiAgZm9udC1mYW1pbHk6J01vbnRzZXJyYXQnLHNhbnMtc2VyaWYhaW1wb3J0YW50Ow0KICBmb250LXdlaWdodDo5MDA7DQogIGZvbnQtc2l6ZTpjbGFtcCgzMHB4LDMuMnZ3LDQ0cHgpOw0KICBsaW5lLWhlaWdodDoxLjA4Ow0KICBtYXJnaW46MCAwIDhweDsNCn0NCi5wYnQtcmV2aWV3cy1zZW8gLnBidC10b3AgcHsNCiAgbWF4LXdpZHRoOjkwMHB4Ow0KICBtYXJnaW46MCBhdXRvOw0KICBmb250LXNpemU6MTZweDsNCiAgbGluZS1oZWlnaHQ6MS42Ow0KICBjb2xvcjpyZ2JhKDE3LDE3LDE3LC43Mik7DQp9DQoucGJ0LXJldmlld3Mtc2VvIC5wYnQtcGxhdGZvcm1zew0KICBtYXJnaW46NnB4IGF1dG8gMDsNCiAgZm9udC1zaXplOjE0cHg7DQogIGxpbmUtaGVpZ2h0OjEuNjsNCiAgY29sb3I6cmdiYSgxNywxNywxNywuNjIpOw0KfQ0KLnBidC1yZXZpZXdzLXNlbyAucGJ0LWp1bXB7DQogIGRpc3BsYXk6aW5saW5lLWJsb2NrOw0KICBtYXJnaW4tdG9wOjhweDsNCiAgZm9udC1zaXplOjEzcHg7DQogIGNvbG9yOiMyZjU1ZmY7DQogIGZvbnQtd2VpZ2h0OjYwMDsNCiAgdGV4dC1kZWNvcmF0aW9uOm5vbmU7DQp9DQoucGJ0LXJldmlld3Mtc2VvIC5wYnQtanVtcDpob3Zlcnt0ZXh0LWRlY29yYXRpb246dW5kZXJsaW5lO30NCg0KLyogQ0FSRCBCQVNFICovDQoucGJ0LXJldmlld3Mtc2VvIC5wYnQtY2FyZHsNCiAgbWFyZ2luLXRvcDoxNnB4Ow0KICBiYWNrZ3JvdW5kOiNmZmY7DQogIGJvcmRlci1yYWRpdXM6NjBweCAwIDYwcHggMDsNCiAgYm9yZGVyOjFweCBzb2xpZCByZ2JhKDE3LDE3LDE3LC4wOCk7DQogIGJveC1zaGFkb3c6MCAxOHB4IDQ0cHggcmdiYSgxNywxNywxNywuMDgpOw0KICBvdmVyZmxvdzpoaWRkZW47DQp9DQoNCi8qIFRFWFQgQ0FSRCAqLw0KLnBidC1yZXZpZXdzLXNlbyAucGJ0LXRleHQtY2FyZHtwYWRkaW5nOjI2cHg7fQ0KLnBidC1yZXZpZXdzLXNlbyAucGJ0LXRleHQtY2FyZCBoMnsNCiAgZm9udC1mYW1pbHk6J01vbnRzZXJyYXQnLHNhbnMtc2VyaWYhaW1wb3J0YW50Ow0KICBmb250LXdlaWdodDo5MDA7DQogIG1hcmdpbjowIDAgMTJweDsNCiAgZm9udC1zaXplOmNsYW1wKDIycHgsMi40dncsMzBweCk7DQp9DQoucGJ0LXJldmlld3Mtc2VvIC5wYnQtdGV4dC1jYXJkIHB7DQogIG1hcmdpbjowIDAgMTBweDsNCiAgZm9udC1zaXplOjE1cHg7DQogIGxpbmUtaGVpZ2h0OjEuNjsNCiAgY29sb3I6cmdiYSgxNywxNywxNywuNzUpOw0KfQ0KLnBidC1yZXZpZXdzLXNlbyAucGJ0LXRleHQtY2FyZCBwOmxhc3QtY2hpbGR7bWFyZ2luLWJvdHRvbTowO30NCg0KLyogTW9iaWxlICovDQpAbWVkaWEobWF4LXdpZHRoOjkwMHB4KXsNCiAgLnBidC1yZXZpZXdzLXNlb3sgcGFkZGluZzoxOHB4IDE2cHggOHB4OyB9DQogIC5wYnQtcmV2aWV3cy1zZW8gLnBidC10ZXh0LWNhcmR7IHBhZGRpbmc6MjBweDsgfQ0KfQ0KPC9zdHlsZT4NCg0KPCEtLSBUSVRMRSAtLT4NCjxkaXYgY2xhc3M9InBidC10b3AiPg0KICA8cCBjbGFzcz0icGJ0LWtpY2tlciI+T2JpdGVsanNrYSBwcmnEjWEgb2QgMTk2NyDigKIgQnJvZCBFdXJvcGEg4oCiIFB1bGEsIEhydmF0c2thPC9wPg0KDQogIDxoMT5SZWNlbnppamUgUHVsYSBCb2F0IFRvdXJzIOKAkyBBZHZlbnR1cmVzIOKAlCB2acWhZSBvZCA0LjUwMCBvY2plbmEgZ29zdGlqdTwvaDE+DQoNCiAgPHA+DQogICAgUGxhbmlyYXRlIDxzdHJvbmc+aXpsZXQgYnJvZG9tIHMgcHJvbWF0cmFuamVtIGRlbGZpbmEgaXogUHVsZTwvc3Ryb25nPiBpbGkgb3B1xaF0ZW5vIDxzdHJvbmc+a3JzdGFyZW5qZSBva28gQnJpanVuYTwvc3Ryb25nPj8NCiAgICBJc3BvZCBtb8W+ZXRlIHByb8SNaXRhdGkgc3R2YXJuYSBpc2t1c3R2YSBnb3N0aWp1IGtvamkgc3Ugc3VkamVsb3ZhbGkgbmEgbmHFoWltIHN1bnNldCBpIGRuZXZuaW0gaXpsZXRpbWEgYnJvZG9tIEJvYXQgRXVyb3BhLg0KICA8L3A+DQoNCiAgPGRpdiBjbGFzcz0icGJ0LXBsYXRmb3JtcyI+R29vZ2xlIOKAoiBUcmlwQWR2aXNvciDigKIgVmlhdG9yIOKAoiBHZXRZb3VyR3VpZGUg4oCiIEZhY2Vib29rPC9kaXY+DQoNCiAgPGEgY2xhc3M9InBidC1qdW1wIiBocmVmPSIjcmV2aWV3cyI+UG9nbGVkYWogcmVjZW56aWplIOKGkzwvYT4NCjwvZGl2Pg0KDQo8IS0tIE9ORSBTRU8gQ0FSRCAtLT4NCjxkaXYgY2xhc3M9InBidC1jYXJkIHBidC10ZXh0LWNhcmQiPg0KICA8aDI+SXNrdXN0dmEgc3R2YXJuaWggZ29zdGlqdSDigJQgxaF0byBtb8W+ZXRlIG\/EjWVraXZhdGkgbmEgbmHFoWltIGl6bGV0aW1hPC9oMj4NCg0KICA8cD4NCiAgICBBa28gdXNwb3JlxJF1amV0ZSA8c3Ryb25nPml6bGV0ZSBicm9kb20gdSBQdWxpPC9zdHJvbmc+LCByZWNlbnppamUgc3UgbmFqYnLFvmkgbmHEjWluIGRhIHZpZGl0ZSBrYWtvIGl6bGV0IHphcHJhdm8gaXpnbGVkYS4NCiAgICBHb3N0aSBuYWrEjWXFocSHZSBpc3RpxI11IG9wdcWhdGVudSBhdG1vc2ZlcnUgbmEgYnJvZHUsIGphc251IGtvbXVuaWthY2lqdSBpIHByZWtyYXNuZSBwb2dsZWRlIG5hIDxzdHJvbmc+QnJpanVuc2tlIG90b2tlPC9zdHJvbmc+Lg0KICA8L3A+DQoNCiAgPHA+DQogICAgTmHFoWUgZHZpamUgZ2xhdm5lIHR1cmUgc3UgPHN0cm9uZz4zLXNhdG5pIGl6bGV0IHByb21hdHJhbmphIGRlbGZpbmEgdXogemFsYXphayBzdW5jYTwvc3Ryb25nPg0KICAgIGkgPHN0cm9uZz41LXNhdG5pIGRuZXZuaSBpemxldCBva28gQnJpanVuYTwvc3Ryb25nPiBzIHBhbm9yYW1za2ltIHBvZ2xlZGltYSBpIHNlem9uc2tpbSBzdGFqYW5qZW0gemEga3VwYW5qZS4NCiAgICBPYmEgaXpsZXRhIG9yZ2FuaXppcmFuYSBzdSBzIG5hZ2xhc2tvbSBuYSB1ZG9ibm9zdCDigJQgYmV6IMW+dXJiZSBpIGJleiBwcmVuYXRycGFuaWggYnJvZG92YS4NCiAgPC9wPg0KDQogIDxwPg0KICAgIFBvZ2xlZGFqdGUgcmVjZW56aWplIHUgbmFzdGF2a3UgKHByZXV6ZXRlIHMgbmHFoWloIGphdm5paCBwcm9maWxhIG5hIG5hanZlxIdpbSB0dXJpc3RpxI1raW0gcGxhdGZvcm1hbWEpLA0KICAgIGEgemF0aW0gcmV6ZXJ2aXJhanRlIHN2b2ogaXpsZXQgcyBwb3ZqZXJlbmplbSBrYWRhIGJ1ZGV0ZSBzcHJlbW5pLg0KICA8L3A+DQo8L2Rpdj4NCg0KPC9zZWN0aW9uPjxicj48YnI+PCEtLSBBbmNob3IgdGFyZ2V0IGZvciBUcnVzdGluZGV4IGJlbG93IC0tPjxicj48ZGl2IGlkPSJyZXZpZXdzIiBzdHlsZT0icG9zaXRpb246cmVsYXRpdmU7IHRvcDotMTBweDsiPjwvZGl2Pg==[\/vc_raw_html][\/vc_column][\/vc_row][vc_row full_height=&#8221;yes&#8221; columns_placement=&#8221;top&#8221;][vc_column][vc_raw_html css=&#8221;&#8221;]PHNjcmlwdCBkZWZlciBhc3luYyBzcmM9J2h0dHBzOi8vY2RuLnRydXN0aW5kZXguaW8vbG9hZGVyLmpzPzJkZTMyZGQ2M2M0ZDM2MGU0NDA2NGJiMjhmZCc+PC9zY3JpcHQ+[\/vc_raw_html][vc_row_inner][vc_column_inner][vc_empty_space][vc_empty_space][vc_media_grid element_width=&#8221;2&#8243; gap=&#8221;0&#8243; css=&#8221;&#8221; grid_id=&#8221;vc_gid:1772439054679-d9dcaee450bd80e77e2583c0f50a4b60-8&#8243; include=&#8221;4750,4747,4744,4702,4687,4705&#8243;][\/vc_column_inner][\/vc_row_inner][\/vc_column][\/vc_row][vc_row][vc_column][vc_raw_html [&hellip;]<\/p>\n","protected":false},"author":2,"featured_media":0,"parent":0,"menu_order":0,"comment_status":"closed","ping_status":"closed","template":"","meta":{"site-sidebar-layout":"default","site-content-layout":"plain-container","ast-site-content-layout":"default","site-content-style":"default","site-sidebar-style":"default","ast-global-header-display":"","ast-banner-title-visibility":"","ast-main-header-display":"","ast-hfb-above-header-display":"","ast-hfb-below-header-display":"","ast-hfb-mobile-header-display":"","site-post-title":"disabled","ast-breadcrumbs-content":"","ast-featured-img":"","footer-sml-layout":"","ast-disable-related-posts":"","theme-transparent-header-meta":"default","adv-header-id-meta":"","stick-header-meta":"","header-above-stick-meta":"","header-main-stick-meta":"","header-below-stick-meta":"","astra-migrate-meta-layouts":"set","ast-page-background-enabled":"default","ast-page-background-meta":{"desktop":{"background-color":"var(--ast-global-color-5)","background-image":"","background-repeat":"repeat","background-position":"center center","background-size":"auto","background-attachment":"scroll","background-type":"","background-media":"","overlay-type":"","overlay-color":"","overlay-opacity":"","overlay-gradient":""},"tablet":{"background-color":"","background-image":"","background-repeat":"repeat","background-position":"center center","background-size":"auto","background-attachment":"scroll","background-type":"","background-media":"","overlay-type":"","overlay-color":"","overlay-opacity":"","overlay-gradient":""},"mobile":{"background-color":"","background-image":"","background-repeat":"repeat","background-position":"center center","background-size":"auto","background-attachment":"scroll","background-type":"","background-media":"","overlay-type":"","overlay-color":"","overlay-opacity":"","overlay-gradient":""}},"ast-content-background-meta":{"desktop":{"background-color":"var(--ast-global-color-4)","background-image":"","background-repeat":"repeat","background-position":"center center","background-size":"auto","background-attachment":"scroll","background-type":"","background-media":"","overlay-type":"","overlay-color":"","overlay-opacity":"","overlay-gradient":""},"tablet":{"background-color":"var(--ast-global-color-4)","background-image":"","background-repeat":"repeat","background-position":"center center","background-size":"auto","background-attachment":"scroll","background-type":"","background-media":"","overlay-type":"","overlay-color":"","overlay-opacity":"","overlay-gradient":""},"mobile":{"background-color":"var(--ast-global-color-4)","background-image":"","background-repeat":"repeat","background-position":"center center","background-size":"auto","background-attachment":"scroll","background-type":"","background-media":"","overlay-type":"","overlay-color":"","overlay-opacity":"","overlay-gradient":""}},"footnotes":""},"class_list":["post-6688","page","type-page","status-publish","hentry"],"yoast_head":"<!-- This site is optimized with the Yoast SEO plugin v26.8 - https:\/\/yoast.com\/product\/yoast-seo-wordpress\/ -->\n<title>Pula Boat Tours \u2013 Adventures | 4.500+ recenzija \u2605 4,8<\/title>\n<meta name=\"description\" content=\"Pogledajte vi\u0161e od 4.500 provjerenih recenzija gostiju s na\u0161ih javnih profila na najve\u0107im turisti\u010dkim platformama za.\" \/>\n<meta name=\"robots\" content=\"index, follow, max-snippet:-1, max-image-preview:large, max-video-preview:-1\" \/>\n<link rel=\"canonical\" href=\"https:\/\/pulaboattours-adventures.com\/hr\/recenzije\/\" \/>\n<meta property=\"og:locale\" content=\"hr_HR\" \/>\n<meta property=\"og:type\" content=\"article\" \/>\n<meta property=\"og:title\" content=\"Pula Boat Tours \u2013 Adventures | 4.500+ recenzija \u2605 4,8\" \/>\n<meta property=\"og:description\" content=\"Pogledajte vi\u0161e od 4.500 provjerenih recenzija gostiju s na\u0161ih javnih profila na najve\u0107im turisti\u010dkim platformama za.\" \/>\n<meta property=\"og:url\" content=\"https:\/\/pulaboattours-adventures.com\/hr\/recenzije\/\" \/>\n<meta property=\"og:site_name\" content=\"Pula Boat Tours - Adventures , Boat Europa\" \/>\n<meta property=\"article:publisher\" content=\"https:\/\/www.facebook.com\/pulaboattour\" \/>\n<meta property=\"article:modified_time\" content=\"2026-03-05T21:03:18+00:00\" \/>\n<meta name=\"twitter:card\" content=\"summary_large_image\" \/>\n<meta name=\"twitter:label1\" content=\"Procijenjeno vrijeme \u010ditanja\" \/>\n\t<meta name=\"twitter:data1\" content=\"2 minute\" \/>\n<script type=\"application\/ld+json\" class=\"yoast-schema-graph\">{\"@context\":\"https:\/\/schema.org\",\"@graph\":[{\"@type\":\"WebPage\",\"@id\":\"https:\/\/pulaboattours-adventures.com\/hr\/recenzije\/\",\"url\":\"https:\/\/pulaboattours-adventures.com\/hr\/recenzije\/\",\"name\":\"Pula Boat Tours \u2013 Adventures | 4.500+ recenzija \u2605 4,8\",\"isPartOf\":{\"@id\":\"https:\/\/pulaboattours-adventures.com\/hr\/#website\"},\"datePublished\":\"2026-01-28T12:54:54+00:00\",\"dateModified\":\"2026-03-05T21:03:18+00:00\",\"description\":\"Pogledajte vi\u0161e od 4.500 provjerenih recenzija gostiju s na\u0161ih javnih profila na najve\u0107im turisti\u010dkim platformama za.\",\"breadcrumb\":{\"@id\":\"https:\/\/pulaboattours-adventures.com\/hr\/recenzije\/#breadcrumb\"},\"inLanguage\":\"hr\",\"potentialAction\":[{\"@type\":\"ReadAction\",\"target\":[\"https:\/\/pulaboattours-adventures.com\/hr\/recenzije\/\"]}]},{\"@type\":\"BreadcrumbList\",\"@id\":\"https:\/\/pulaboattours-adventures.com\/hr\/recenzije\/#breadcrumb\",\"itemListElement\":[{\"@type\":\"ListItem\",\"position\":1,\"name\":\"Home\",\"item\":\"https:\/\/pulaboattours-adventures.com\/hr\/\"},{\"@type\":\"ListItem\",\"position\":2,\"name\":\"Recenzije\"}]},{\"@type\":\"WebSite\",\"@id\":\"https:\/\/pulaboattours-adventures.com\/hr\/#website\",\"url\":\"https:\/\/pulaboattours-adventures.com\/hr\/\",\"name\":\"Pula Boat Tours Adventures\",\"description\":\"One of the best Boat Tours in Istria\",\"publisher\":{\"@id\":\"https:\/\/pulaboattours-adventures.com\/hr\/#organization\"},\"potentialAction\":[{\"@type\":\"SearchAction\",\"target\":{\"@type\":\"EntryPoint\",\"urlTemplate\":\"https:\/\/pulaboattours-adventures.com\/hr\/?s={search_term_string}\"},\"query-input\":{\"@type\":\"PropertyValueSpecification\",\"valueRequired\":true,\"valueName\":\"search_term_string\"}}],\"inLanguage\":\"hr\"},{\"@type\":\"Organization\",\"@id\":\"https:\/\/pulaboattours-adventures.com\/hr\/#organization\",\"name\":\"Pula Boat Tours Adventures\",\"url\":\"https:\/\/pulaboattours-adventures.com\/hr\/\",\"logo\":{\"@type\":\"ImageObject\",\"inLanguage\":\"hr\",\"@id\":\"https:\/\/pulaboattours-adventures.com\/hr\/#\/schema\/logo\/image\/\",\"url\":\"https:\/\/pulaboattours-adventures.com\/wp-content\/uploads\/2026\/02\/cropped-cropped-logo-slika-1.webp\",\"contentUrl\":\"https:\/\/pulaboattours-adventures.com\/wp-content\/uploads\/2026\/02\/cropped-cropped-logo-slika-1.webp\",\"width\":341,\"height\":286,\"caption\":\"Pula Boat Tours Adventures\"},\"image\":{\"@id\":\"https:\/\/pulaboattours-adventures.com\/hr\/#\/schema\/logo\/image\/\"},\"sameAs\":[\"https:\/\/www.facebook.com\/pulaboattour\",\"https:\/\/www.instagram.com\/pula_boat_tours_adventures\/\",\"https:\/\/www.tiktok.com\/@pulaboattoursadventures\"]}]}<\/script>\n<!-- \/ Yoast SEO plugin. -->","yoast_head_json":{"title":"Pula Boat Tours \u2013 Adventures | 4.500+ recenzija \u2605 4,8","description":"Pogledajte vi\u0161e od 4.500 provjerenih recenzija gostiju s na\u0161ih javnih profila na najve\u0107im turisti\u010dkim platformama za.","robots":{"index":"index","follow":"follow","max-snippet":"max-snippet:-1","max-image-preview":"max-image-preview:large","max-video-preview":"max-video-preview:-1"},"canonical":"https:\/\/pulaboattours-adventures.com\/hr\/recenzije\/","og_locale":"hr_HR","og_type":"article","og_title":"Pula Boat Tours \u2013 Adventures | 4.500+ recenzija \u2605 4,8","og_description":"Pogledajte vi\u0161e od 4.500 provjerenih recenzija gostiju s na\u0161ih javnih profila na najve\u0107im turisti\u010dkim platformama za.","og_url":"https:\/\/pulaboattours-adventures.com\/hr\/recenzije\/","og_site_name":"Pula Boat Tours - Adventures , Boat Europa","article_publisher":"https:\/\/www.facebook.com\/pulaboattour","article_modified_time":"2026-03-05T21:03:18+00:00","twitter_card":"summary_large_image","twitter_misc":{"Procijenjeno vrijeme \u010ditanja":"2 minute"},"schema":{"@context":"https:\/\/schema.org","@graph":[{"@type":"WebPage","@id":"https:\/\/pulaboattours-adventures.com\/hr\/recenzije\/","url":"https:\/\/pulaboattours-adventures.com\/hr\/recenzije\/","name":"Pula Boat Tours \u2013 Adventures | 4.500+ recenzija \u2605 4,8","isPartOf":{"@id":"https:\/\/pulaboattours-adventures.com\/hr\/#website"},"datePublished":"2026-01-28T12:54:54+00:00","dateModified":"2026-03-05T21:03:18+00:00","description":"Pogledajte vi\u0161e od 4.500 provjerenih recenzija gostiju s na\u0161ih javnih profila na najve\u0107im turisti\u010dkim platformama za.","breadcrumb":{"@id":"https:\/\/pulaboattours-adventures.com\/hr\/recenzije\/#breadcrumb"},"inLanguage":"hr","potentialAction":[{"@type":"ReadAction","target":["https:\/\/pulaboattours-adventures.com\/hr\/recenzije\/"]}]},{"@type":"BreadcrumbList","@id":"https:\/\/pulaboattours-adventures.com\/hr\/recenzije\/#breadcrumb","itemListElement":[{"@type":"ListItem","position":1,"name":"Home","item":"https:\/\/pulaboattours-adventures.com\/hr\/"},{"@type":"ListItem","position":2,"name":"Recenzije"}]},{"@type":"WebSite","@id":"https:\/\/pulaboattours-adventures.com\/hr\/#website","url":"https:\/\/pulaboattours-adventures.com\/hr\/","name":"Pula Boat Tours Adventures","description":"One of the best Boat Tours in Istria","publisher":{"@id":"https:\/\/pulaboattours-adventures.com\/hr\/#organization"},"potentialAction":[{"@type":"SearchAction","target":{"@type":"EntryPoint","urlTemplate":"https:\/\/pulaboattours-adventures.com\/hr\/?s={search_term_string}"},"query-input":{"@type":"PropertyValueSpecification","valueRequired":true,"valueName":"search_term_string"}}],"inLanguage":"hr"},{"@type":"Organization","@id":"https:\/\/pulaboattours-adventures.com\/hr\/#organization","name":"Pula Boat Tours Adventures","url":"https:\/\/pulaboattours-adventures.com\/hr\/","logo":{"@type":"ImageObject","inLanguage":"hr","@id":"https:\/\/pulaboattours-adventures.com\/hr\/#\/schema\/logo\/image\/","url":"https:\/\/pulaboattours-adventures.com\/wp-content\/uploads\/2026\/02\/cropped-cropped-logo-slika-1.webp","contentUrl":"https:\/\/pulaboattours-adventures.com\/wp-content\/uploads\/2026\/02\/cropped-cropped-logo-slika-1.webp","width":341,"height":286,"caption":"Pula Boat Tours Adventures"},"image":{"@id":"https:\/\/pulaboattours-adventures.com\/hr\/#\/schema\/logo\/image\/"},"sameAs":["https:\/\/www.facebook.com\/pulaboattour","https:\/\/www.instagram.com\/pula_boat_tours_adventures\/","https:\/\/www.tiktok.com\/@pulaboattoursadventures"]}]}},"_links":{"self":[{"href":"https:\/\/pulaboattours-adventures.com\/hr\/wp-json\/wp\/v2\/pages\/6688","targetHints":{"allow":["GET"]}}],"collection":[{"href":"https:\/\/pulaboattours-adventures.com\/hr\/wp-json\/wp\/v2\/pages"}],"about":[{"href":"https:\/\/pulaboattours-adventures.com\/hr\/wp-json\/wp\/v2\/types\/page"}],"author":[{"embeddable":true,"href":"https:\/\/pulaboattours-adventures.com\/hr\/wp-json\/wp\/v2\/users\/2"}],"replies":[{"embeddable":true,"href":"https:\/\/pulaboattours-adventures.com\/hr\/wp-json\/wp\/v2\/comments?post=6688"}],"version-history":[{"count":7,"href":"https:\/\/pulaboattours-adventures.com\/hr\/wp-json\/wp\/v2\/pages\/6688\/revisions"}],"predecessor-version":[{"id":6695,"href":"https:\/\/pulaboattours-adventures.com\/hr\/wp-json\/wp\/v2\/pages\/6688\/revisions\/6695"}],"wp:attachment":[{"href":"https:\/\/pulaboattours-adventures.com\/hr\/wp-json\/wp\/v2\/media?parent=6688"}],"curies":[{"name":"wp","href":"https:\/\/api.w.org\/{rel}","templated":true}]}}