{"id":7129,"date":"2026-01-28T12:54:54","date_gmt":"2026-01-28T12:54:54","guid":{"rendered":"https:\/\/pulaboattours-adventures.com\/velemenyek\/"},"modified":"2026-03-08T09:19:22","modified_gmt":"2026-03-08T09:19:22","slug":"velemenyek","status":"publish","type":"page","link":"https:\/\/pulaboattours-adventures.com\/hu\/velemenyek\/","title":{"rendered":"V\u00e9lem\u00e9nyek"},"content":{"rendered":"<div class=\"wpb-content-wrapper\"><p>[vc_row full_height=&#8221;yes&#8221; columns_placement=&#8221;top&#8221; css=&#8221;.vc_custom_1772439290768{background-position: center !important;background-repeat: no-repeat !important;background-size: cover !important;}&#8221; el_class=&#8221;reviews-hero-img&#8221;][vc_column][vc_raw_html css=&#8221;&#8221;]PCEtLSA9PT09PT09PT09PT09PT09PT09PT09PT09PT09PT09PT09PT09PT09PT09PT09PT09PT09PT09PT08YnI+UEJUIOKAlCBSRVZJRVdTIElOVFJPIChHTE9CQUwtQ09OU0lTVEVOVCBUT1AgU1BBQ0lORyDigJQgRklOQUwpPGJyPkdvYWw6IHNhbWUg4oCcc3RhcnQgaGVpZ2h04oCdIGFjcm9zcyBwYWdlcyAobm8gbW9yZSBvbmUgcGFnZSBoaWdoZXIvbG93ZXIpPGJyPi0gVGlnaHQsIGNvbnNpc3RlbnQgdG9wIHBhZGRpbmcgKG5vdCBoZWF2eSBjbGFtcCk8YnI+LSBLZWVwcyB5b3VyIHR5cG9ncmFwaHkgKyBjYXJkIHN0eWxlPGJyPlBhc3RlIGFzIE9ORSBSYXcgSFRNTCBibG9jayBBQk9WRSBUcnVzdGluZGV4IHdpZGdldDxicj49PT09PT09PT09PT09PT09PT09PT09PT09PT09PT09PT09PT09PT09PT09PT09PT09PT09PT09PT0gLS0+PGJyPjxicj48c2VjdGlvbiBjbGFzcz0icGJ0LXJldmlld3Mtc2VvIiBhcmlhLWxhYmVsPSJQdWxhIEJvYXQgVG91cnMgdmVuZMOpZ8OpcnTDqWtlbMOpc2VrIj4NCg0KPHN0eWxlPg0KLnBidC1yZXZpZXdzLXNlbywgLnBidC1yZXZpZXdzLXNlbyAqe2JveC1zaXppbmc6Ym9yZGVyLWJveDt9DQoucGJ0LXJldmlld3Mtc2Vvew0KICBtYXgtd2lkdGg6MTEyMHB4Ow0KICBtYXJnaW46MCBhdXRvOw0KICBwYWRkaW5nOjI0cHggMjBweCAxMnB4Ow0KICBmb250LWZhbWlseTonT3BlbiBTYW5zJyxzeXN0ZW0tdWksLWFwcGxlLXN5c3RlbSwiU2Vnb2UgVUkiLFJvYm90byxBcmlhbCxzYW5zLXNlcmlmIWltcG9ydGFudDsNCiAgY29sb3I6IzExMTsNCn0NCg0KLyogVElUTEUgKi8NCi5wYnQtcmV2aWV3cy1zZW8gLnBidC10b3B7DQogIHRleHQtYWxpZ246Y2VudGVyOw0KICBtYXJnaW4tYm90dG9tOjE2cHg7DQp9DQoucGJ0LXJldmlld3Mtc2VvIC5wYnQtdG9wIC5wYnQta2lja2Vyew0KICBtYXJnaW46MCAwIDZweDsNCiAgZm9udC1zaXplOjEycHg7DQogIGxldHRlci1zcGFjaW5nOi4xNGVtOw0KICB0ZXh0LXRyYW5zZm9ybTp1cHBlcmNhc2U7DQogIGNvbG9yOiM0NDQ0NDQ7DQp9DQoucGJ0LXJldmlld3Mtc2VvIC5wYnQtdG9wIGgxew0KICBmb250LWZhbWlseTonTW9udHNlcnJhdCcsc2Fucy1zZXJpZiFpbXBvcnRhbnQ7DQogIGZvbnQtd2VpZ2h0OjkwMDsNCiAgZm9udC1zaXplOmNsYW1wKDMwcHgsMy4ydncsNDRweCk7DQogIGxpbmUtaGVpZ2h0OjEuMDg7DQogIG1hcmdpbjowIDAgOHB4Ow0KfQ0KLnBidC1yZXZpZXdzLXNlbyAucGJ0LXRvcCBwew0KICBtYXgtd2lkdGg6OTAwcHg7DQogIG1hcmdpbjowIGF1dG87DQogIGZvbnQtc2l6ZToxNnB4Ow0KICBsaW5lLWhlaWdodDoxLjY7DQogIGNvbG9yOnJnYmEoMTcsMTcsMTcsLjcyKTsNCn0NCi5wYnQtcmV2aWV3cy1zZW8gLnBidC1wbGF0Zm9ybXN7DQogIG1hcmdpbjo2cHggYXV0byAwOw0KICBmb250LXNpemU6MTRweDsNCiAgbGluZS1oZWlnaHQ6MS42Ow0KICBjb2xvcjpyZ2JhKDE3LDE3LDE3LC42Mik7DQp9DQoucGJ0LXJldmlld3Mtc2VvIC5wYnQtanVtcHsNCiAgZGlzcGxheTppbmxpbmUtYmxvY2s7DQogIG1hcmdpbi10b3A6OHB4Ow0KICBmb250LXNpemU6MTNweDsNCiAgY29sb3I6IzJmNTVmZjsNCiAgZm9udC13ZWlnaHQ6NjAwOw0KICB0ZXh0LWRlY29yYXRpb246bm9uZTsNCn0NCi5wYnQtcmV2aWV3cy1zZW8gLnBidC1qdW1wOmhvdmVye3RleHQtZGVjb3JhdGlvbjp1bmRlcmxpbmU7fQ0KDQovKiBDQVJEIEJBU0UgKi8NCi5wYnQtcmV2aWV3cy1zZW8gLnBidC1jYXJkew0KICBtYXJnaW4tdG9wOjE2cHg7DQogIGJhY2tncm91bmQ6I2ZmZjsNCiAgYm9yZGVyLXJhZGl1czo2MHB4IDAgNjBweCAwOw0KICBib3JkZXI6MXB4IHNvbGlkIHJnYmEoMTcsMTcsMTcsLjA4KTsNCiAgYm94LXNoYWRvdzowIDE4cHggNDRweCByZ2JhKDE3LDE3LDE3LC4wOCk7DQogIG92ZXJmbG93OmhpZGRlbjsNCn0NCg0KLyogVEVYVCBDQVJEICovDQoucGJ0LXJldmlld3Mtc2VvIC5wYnQtdGV4dC1jYXJke3BhZGRpbmc6MjZweDt9DQoucGJ0LXJldmlld3Mtc2VvIC5wYnQtdGV4dC1jYXJkIGgyew0KICBmb250LWZhbWlseTonTW9udHNlcnJhdCcsc2Fucy1zZXJpZiFpbXBvcnRhbnQ7DQogIGZvbnQtd2VpZ2h0OjkwMDsNCiAgbWFyZ2luOjAgMCAxMnB4Ow0KICBmb250LXNpemU6Y2xhbXAoMjJweCwyLjR2dywzMHB4KTsNCn0NCi5wYnQtcmV2aWV3cy1zZW8gLnBidC10ZXh0LWNhcmQgcHsNCiAgbWFyZ2luOjAgMCAxMHB4Ow0KICBmb250LXNpemU6MTVweDsNCiAgbGluZS1oZWlnaHQ6MS42Ow0KICBjb2xvcjpyZ2JhKDE3LDE3LDE3LC43NSk7DQp9DQoucGJ0LXJldmlld3Mtc2VvIC5wYnQtdGV4dC1jYXJkIHA6bGFzdC1jaGlsZHttYXJnaW4tYm90dG9tOjA7fQ0KDQovKiBNb2JpbGUgKi8NCkBtZWRpYShtYXgtd2lkdGg6OTAwcHgpew0KICAucGJ0LXJldmlld3Mtc2VveyBwYWRkaW5nOjE4cHggMTZweCA4cHg7IH0NCiAgLnBidC1yZXZpZXdzLXNlbyAucGJ0LXRleHQtY2FyZHsgcGFkZGluZzoyMHB4OyB9DQp9DQo8L3N0eWxlPg0KDQo8IS0tIFRJVExFIC0tPg0KPGRpdiBjbGFzcz0icGJ0LXRvcCI+DQogIDxwIGNsYXNzPSJwYnQta2lja2VyIj5Dc2Fsw6FkaSB2w6FsbGFsa296w6FzIDE5Njcgw7N0YSDigKIgQm9hdCBFdXJvcGEg4oCiIFB1bGEsIEhvcnbDoXRvcnN6w6FnPC9wPg0KDQogIDxoMT5QdWxhIEJvYXQgVG91cnMg4oCTIEFkdmVudHVyZXMgw6lydMOpa2Vsw6lzZWsg4oCUIDQgNTAwKyB2ZW5kw6lndsOpbGVtw6lueTwvaDE+DQoNCiAgPHA+DQogICAgRGVsZmlubGVzIGhhasOza2lyw6FuZHVsw6FzdCBrZXJlc2VsIFB1bMOhYsOzbCB2YWd5IGVneSBueXVnb2R0IA0KICAgIDxzdHJvbmc+QnJpanVuaSBoYWrDs3TDunLDoXQ8L3N0cm9uZz4\/ICANCiAgICBJdHQgdmFsw7NkaSB2ZW5kw6lnZWsgdmlzc3phamVsesOpc2VpdCB0YWzDoWxvZCBhem9rdMOzbCBheiB1dGF6w7NrdMOzbCwgYWtpaw0KICAgIG5hcGxlbWVudGUgaGFqw7NraXLDoW5kdWzDoXN1bmtvbiB2YWd5IG5hcHBhbGkgdMO6csOhaW5rb24gdmV0dGVrIHLDqXN6dA0KICAgIGEgQm9hdCBFdXJvcGEgZmVkw6lsemV0w6luLg0KICA8L3A+DQoNCiAgPGRpdiBjbGFzcz0icGJ0LXBsYXRmb3JtcyI+R29vZ2xlIOKAoiBUcmlwQWR2aXNvciDigKIgVmlhdG9yIOKAoiBHZXRZb3VyR3VpZGUg4oCiIEZhY2Vib29rPC9kaXY+DQoNCiAgPGEgY2xhc3M9InBidC1qdW1wIiBocmVmPSIjcmV2aWV3cyI+VsOpbGVtw6lueWVrIG1lZ3Rla2ludMOpc2Ug4oaTPC9hPg0KPC9kaXY+DQoNCjwhLS0gT05FIFNFTyBDQVJEIC0tPg0KPGRpdiBjbGFzcz0icGJ0LWNhcmQgcGJ0LXRleHQtY2FyZCI+DQogIDxoMj5WYWzDs2RpIHZlbmTDqWfDqWxtw6lueWVrIOKAlCBtaXJlIHN6w6Ftw610aGF0c3ogYSB0w7pyw6FpbmtvbjwvaDI+DQoNCiAgPHA+DQogICAgSGEgPHN0cm9uZz5oYWrDs2tpcsOhbmR1bMOhc29rYXQgaGFzb25sw610YXN6IMO2c3N6ZSBQdWzDoWJhbjwvc3Ryb25nPiwgYSB2ZW5kw6lnw6lydMOpa2Vsw6lzZWsNCiAgICBhIGxlZ2pvYmIgbcOzZGphIGFubmFrLCBob2d5IG1lZ3R1ZGQsIG1pbHllbiDDqWxtw6lueSB2w6FyIHLDoWQuDQogICAgQSB2ZW5kw6lnZWsgbGVnZ3lha3JhYmJhbiBhIG55dWdvZHQgZmVkw6lsemV0aSBoYW5ndWxhdG90LA0KICAgIGEgYmFyw6F0c8OhZ29zIHN6ZW3DqWx5emV0ZXQgw6lzIGEgPHN0cm9uZz5CcmlqdW5pIHN6aWdldGVrPC9zdHJvbmc+DQogICAga8O2csO8bGkgbGVuecWxZ8O2esWRIHTDoWphdCBlbWVsaWsga2kuDQogIDwvcD4NCg0KICA8cD4NCiAgICBLw6l0IGbFkSDDqWxtw6lueXQga8OtbsOhbHVuazogZWd5IDxzdHJvbmc+MyDDs3LDoXMgZGVsZmlubGVzIMOpcyBuYXBsZW1lbnRlIGhhasOzdMO6csOhdDwvc3Ryb25nPiwNCiAgICB2YWxhbWludCBlZ3kgPHN0cm9uZz41IMOzcsOhcyBCcmlqdW5pIG5hcHBhbGkgaGFqw7NraXLDoW5kdWzDoXN0PC9zdHJvbmc+DQogICAgcGFub3LDoW3DoXMga2lsw6F0w6Fzc2FsIMOpcyBzemV6b27DoWxpcyBmw7xyZMOpc2kgbGVoZXTFkXPDqWdnZWwuDQogICAgTWluZGvDqXQgdMO6cmEgYSBrw6lueWVsbWVzIHV0YXrDoXNyYSDDqXDDvGwg4oCUIG5pbmNzIHpzw7pmb2x0c8OhZw0KICAgIMOpcyBuaW5jcyByb2hhbsOzIG1lbmV0cmVuZC4NCiAgPC9wPg0KDQogIDxwPg0KICAgIE7DqXpkIG1lZyBheiBhbMOhYmJpIHZlbmTDqWd2w6lsZW3DqW55ZWtldCAoYSBmxZEgdXRhesOhc2kgcGxhdGZvcm1va29uDQogICAgdGFsw6FsaGF0w7MgbnlpbHbDoW5vcyBwcm9maWxqYWlua3LDs2wpLCBtYWpkIGZvZ2xhbGogbWFnYWJpenRvc2FuLA0KICAgIGFtaWtvciBrw6lzemVuIMOhbGxzei4NCiAgPC9wPg0KPC9kaXY+DQoNCjwvc2VjdGlvbj48YnI+PGJyPjwhLS0gQW5jaG9yIHRhcmdldCBmb3IgVHJ1c3RpbmRleCBiZWxvdyAtLT48YnI+PGRpdiBpZD0icmV2aWV3cyIgc3R5bGU9InBvc2l0aW9uOnJlbGF0aXZlOyB0b3A6LTEwcHg7Ij48L2Rpdj4=[\/vc_raw_html][\/vc_column][\/vc_row][vc_row full_height=&#8221;yes&#8221; columns_placement=&#8221;top&#8221;][vc_column][vc_raw_html css=&#8221;&#8221;]PHNjcmlwdCBkZWZlciBhc3luYyBzcmM9J2h0dHBzOi8vY2RuLnRydXN0aW5kZXguaW8vbG9hZGVyLmpzPzJkZTMyZGQ2M2M0ZDM2MGU0NDA2NGJiMjhmZCc+PC9zY3JpcHQ+[\/vc_raw_html][vc_row_inner][vc_column_inner][vc_empty_space][vc_empty_space][vc_media_grid element_width=&#8221;2&#8243; gap=&#8221;0&#8243; css=&#8221;&#8221; grid_id=&#8221;vc_gid:1772439054679-d9dcaee450bd80e77e2583c0f50a4b60-8&#8243; include=&#8221;7123,7124,7125,7126,7127,7128&#8243;][\/vc_column_inner][\/vc_row_inner][\/vc_column][\/vc_row][vc_row][vc_column][vc_raw_html css=&#8221;&#8221;]PHNjcmlwdCB0eXBlPSJhcHBsaWNhdGlvbi9sZCtqc29uIj4NCnsNCiAgIkBjb250ZXh0IjoiaHR0cHM6Ly9zY2hlbWEub3JnIiwNCiAgIkB0eXBlIjoiV2ViUGFnZSIsDQogICJAaWQiOiJodHRwczovL3B1bGFib2F0dG91cnMtYWR2ZW50dXJlcy5jb20vaHUvdmVsZW1lbnllay8jd2VicGFnZSIsDQogICJ1cmwiOiJodHRwczovL3B1bGFib2F0dG91cnMtYWR2ZW50dXJlcy5jb20vaHUvdmVsZW1lbnllay8iLA0KICAibmFtZSI6IlZlbmTDqWd2w6lsZW3DqW55ZWsg4oCUIFB1bGEgQm9hdCBUb3VycyDigJMgQWR2ZW50dXJlcyIsDQogICJkZXNjcmlwdGlvbiI6IlZlbmTDqWd2w6lsZW3DqW55ZWsgw6lzIMOpcnTDqWtlbMOpc2VrIGEgUHVsYSBCb2F0IFRvdXJzIOKAkyBBZHZlbnR1cmVzIChCb2F0IEV1cm9wYSkgaGFqw7NraXLDoW5kdWzDoXNhaXLDs2wgUHVsw6FiYW4uIiwNCiAgImluTGFuZ3VhZ2UiOiJodSIsDQogICJpc1BhcnRPZiI6eyJAaWQiOiJodHRwczovL3B1bGFib2F0dG91cnMtYWR2ZW50dXJlcy5jb20vI3dlYnNpdGUifSwNCiAgImFib3V0Ijp7IkBpZCI6Imh0dHBzOi8vcHVsYWJvYXR0b3Vycy1hZHZlbnR1cmVzLmNvbS8jYnVzaW5lc3MifQ0KfQ0KPC9zY3JpcHQ+[\/vc_raw_html][\/vc_column][\/vc_row]<\/p>\n<\/div>","protected":false},"excerpt":{"rendered":"<p>[vc_row full_height=&#8221;yes&#8221; columns_placement=&#8221;top&#8221; css=&#8221;.vc_custom_1772439290768{background-position: center !important;background-repeat: no-repeat !important;background-size: cover !important;}&#8221; el_class=&#8221;reviews-hero-img&#8221;][vc_column][vc_raw_html css=&#8221;&#8221;]PCEtLSA9PT09PT09PT09PT09PT09PT09PT09PT09PT09PT09PT09PT09PT09PT09PT09PT09PT09PT09PT08YnI+UEJUIOKAlCBSRVZJRVdTIElOVFJPIChHTE9CQUwtQ09OU0lTVEVOVCBUT1AgU1BBQ0lORyDigJQgRklOQUwpPGJyPkdvYWw6IHNhbWUg4oCcc3RhcnQgaGVpZ2h04oCdIGFjcm9zcyBwYWdlcyAobm8gbW9yZSBvbmUgcGFnZSBoaWdoZXIvbG93ZXIpPGJyPi0gVGlnaHQsIGNvbnNpc3RlbnQgdG9wIHBhZGRpbmcgKG5vdCBoZWF2eSBjbGFtcCk8YnI+LSBLZWVwcyB5b3VyIHR5cG9ncmFwaHkgKyBjYXJkIHN0eWxlPGJyPlBhc3RlIGFzIE9ORSBSYXcgSFRNTCBibG9jayBBQk9WRSBUcnVzdGluZGV4IHdpZGdldDxicj49PT09PT09PT09PT09PT09PT09PT09PT09PT09PT09PT09PT09PT09PT09PT09PT09PT09PT09PT0gLS0+PGJyPjxicj48c2VjdGlvbiBjbGFzcz0icGJ0LXJldmlld3Mtc2VvIiBhcmlhLWxhYmVsPSJQdWxhIEJvYXQgVG91cnMgdmVuZMOpZ8OpcnTDqWtlbMOpc2VrIj4NCg0KPHN0eWxlPg0KLnBidC1yZXZpZXdzLXNlbywgLnBidC1yZXZpZXdzLXNlbyAqe2JveC1zaXppbmc6Ym9yZGVyLWJveDt9DQoucGJ0LXJldmlld3Mtc2Vvew0KICBtYXgtd2lkdGg6MTEyMHB4Ow0KICBtYXJnaW46MCBhdXRvOw0KICBwYWRkaW5nOjI0cHggMjBweCAxMnB4Ow0KICBmb250LWZhbWlseTonT3BlbiBTYW5zJyxzeXN0ZW0tdWksLWFwcGxlLXN5c3RlbSwiU2Vnb2UgVUkiLFJvYm90byxBcmlhbCxzYW5zLXNlcmlmIWltcG9ydGFudDsNCiAgY29sb3I6IzExMTsNCn0NCg0KLyogVElUTEUgKi8NCi5wYnQtcmV2aWV3cy1zZW8gLnBidC10b3B7DQogIHRleHQtYWxpZ246Y2VudGVyOw0KICBtYXJnaW4tYm90dG9tOjE2cHg7DQp9DQoucGJ0LXJldmlld3Mtc2VvIC5wYnQtdG9wIC5wYnQta2lja2Vyew0KICBtYXJnaW46MCAwIDZweDsNCiAgZm9udC1zaXplOjEycHg7DQogIGxldHRlci1zcGFjaW5nOi4xNGVtOw0KICB0ZXh0LXRyYW5zZm9ybTp1cHBlcmNhc2U7DQogIGNvbG9yOiM0NDQ0NDQ7DQp9DQoucGJ0LXJldmlld3Mtc2VvIC5wYnQtdG9wIGgxew0KICBmb250LWZhbWlseTonTW9udHNlcnJhdCcsc2Fucy1zZXJpZiFpbXBvcnRhbnQ7DQogIGZvbnQtd2VpZ2h0OjkwMDsNCiAgZm9udC1zaXplOmNsYW1wKDMwcHgsMy4ydncsNDRweCk7DQogIGxpbmUtaGVpZ2h0OjEuMDg7DQogIG1hcmdpbjowIDAgOHB4Ow0KfQ0KLnBidC1yZXZpZXdzLXNlbyAucGJ0LXRvcCBwew0KICBtYXgtd2lkdGg6OTAwcHg7DQogIG1hcmdpbjowIGF1dG87DQogIGZvbnQtc2l6ZToxNnB4Ow0KICBsaW5lLWhlaWdodDoxLjY7DQogIGNvbG9yOnJnYmEoMTcsMTcsMTcsLjcyKTsNCn0NCi5wYnQtcmV2aWV3cy1zZW8gLnBidC1wbGF0Zm9ybXN7DQogIG1hcmdpbjo2cHggYXV0byAwOw0KICBmb250LXNpemU6MTRweDsNCiAgbGluZS1oZWlnaHQ6MS42Ow0KICBjb2xvcjpyZ2JhKDE3LDE3LDE3LC42Mik7DQp9DQoucGJ0LXJldmlld3Mtc2VvIC5wYnQtanVtcHsNCiAgZGlzcGxheTppbmxpbmUtYmxvY2s7DQogIG1hcmdpbi10b3A6OHB4Ow0KICBmb250LXNpemU6MTNweDsNCiAgY29sb3I6IzJmNTVmZjsNCiAgZm9udC13ZWlnaHQ6NjAwOw0KICB0ZXh0LWRlY29yYXRpb246bm9uZTsNCn0NCi5wYnQtcmV2aWV3cy1zZW8gLnBidC1qdW1wOmhvdmVye3RleHQtZGVjb3JhdGlvbjp1bmRlcmxpbmU7fQ0KDQovKiBDQVJEIEJBU0UgKi8NCi5wYnQtcmV2aWV3cy1zZW8gLnBidC1jYXJkew0KICBtYXJnaW4tdG9wOjE2cHg7DQogIGJhY2tncm91bmQ6I2ZmZjsNCiAgYm9yZGVyLXJhZGl1czo2MHB4IDAgNjBweCAwOw0KICBib3JkZXI6MXB4IHNvbGlkIHJnYmEoMTcsMTcsMTcsLjA4KTsNCiAgYm94LXNoYWRvdzowIDE4cHggNDRweCByZ2JhKDE3LDE3LDE3LC4wOCk7DQogIG92ZXJmbG93OmhpZGRlbjsNCn0NCg0KLyogVEVYVCBDQVJEICovDQoucGJ0LXJldmlld3Mtc2VvIC5wYnQtdGV4dC1jYXJke3BhZGRpbmc6MjZweDt9DQoucGJ0LXJldmlld3Mtc2VvIC5wYnQtdGV4dC1jYXJkIGgyew0KICBmb250LWZhbWlseTonTW9udHNlcnJhdCcsc2Fucy1zZXJpZiFpbXBvcnRhbnQ7DQogIGZvbnQtd2VpZ2h0OjkwMDsNCiAgbWFyZ2luOjAgMCAxMnB4Ow0KICBmb250LXNpemU6Y2xhbXAoMjJweCwyLjR2dywzMHB4KTsNCn0NCi5wYnQtcmV2aWV3cy1zZW8gLnBidC10ZXh0LWNhcmQgcHsNCiAgbWFyZ2luOjAgMCAxMHB4Ow0KICBmb250LXNpemU6MTVweDsNCiAgbGluZS1oZWlnaHQ6MS42Ow0KICBjb2xvcjpyZ2JhKDE3LDE3LDE3LC43NSk7DQp9DQoucGJ0LXJldmlld3Mtc2VvIC5wYnQtdGV4dC1jYXJkIHA6bGFzdC1jaGlsZHttYXJnaW4tYm90dG9tOjA7fQ0KDQovKiBNb2JpbGUgKi8NCkBtZWRpYShtYXgtd2lkdGg6OTAwcHgpew0KICAucGJ0LXJldmlld3Mtc2VveyBwYWRkaW5nOjE4cHggMTZweCA4cHg7IH0NCiAgLnBidC1yZXZpZXdzLXNlbyAucGJ0LXRleHQtY2FyZHsgcGFkZGluZzoyMHB4OyB9DQp9DQo8L3N0eWxlPg0KDQo8IS0tIFRJVExFIC0tPg0KPGRpdiBjbGFzcz0icGJ0LXRvcCI+DQogIDxwIGNsYXNzPSJwYnQta2lja2VyIj5Dc2Fsw6FkaSB2w6FsbGFsa296w6FzIDE5Njcgw7N0YSDigKIgQm9hdCBFdXJvcGEg4oCiIFB1bGEsIEhvcnbDoXRvcnN6w6FnPC9wPg0KDQogIDxoMT5QdWxhIEJvYXQgVG91cnMg4oCTIEFkdmVudHVyZXMgw6lydMOpa2Vsw6lzZWsg4oCUIDQgNTAwKyB2ZW5kw6lndsOpbGVtw6lueTwvaDE+DQoNCiAgPHA+DQogICAgRGVsZmlubGVzIGhhasOza2lyw6FuZHVsw6FzdCBrZXJlc2VsIFB1bMOhYsOzbCB2YWd5IGVneSBueXVnb2R0IA0KICAgIDxzdHJvbmc+QnJpanVuaSBoYWrDs3TDunLDoXQ8L3N0cm9uZz4\/ICANCiAgICBJdHQgdmFsw7NkaSB2ZW5kw6lnZWsgdmlzc3phamVsesOpc2VpdCB0YWzDoWxvZCBhem9rdMOzbCBheiB1dGF6w7NrdMOzbCwgYWtpaw0KICAgIG5hcGxlbWVudGUgaGFqw7NraXLDoW5kdWzDoXN1bmtvbiB2YWd5IG5hcHBhbGkgdMO6csOhaW5rb24gdmV0dGVrIHLDqXN6dA0KICAgIGEgQm9hdCBFdXJvcGEgZmVkw6lsemV0w6luLg0KICA8L3A+DQoNCiAgPGRpdiBjbGFzcz0icGJ0LXBsYXRmb3JtcyI+R29vZ2xlIOKAoiBUcmlwQWR2aXNvciDigKIgVmlhdG9yIOKAoiBHZXRZb3VyR3VpZGUg4oCiIEZhY2Vib29rPC9kaXY+DQoNCiAgPGEgY2xhc3M9InBidC1qdW1wIiBocmVmPSIjcmV2aWV3cyI+VsOpbGVtw6lueWVrIG1lZ3Rla2ludMOpc2Ug4oaTPC9hPg0KPC9kaXY+DQoNCjwhLS0gT05FIFNFTyBDQVJEIC0tPg0KPGRpdiBjbGFzcz0icGJ0LWNhcmQgcGJ0LXRleHQtY2FyZCI+DQogIDxoMj5WYWzDs2RpIHZlbmTDqWfDqWxtw6lueWVrIOKAlCBtaXJlIHN6w6Ftw610aGF0c3ogYSB0w7pyw6FpbmtvbjwvaDI+DQoNCiAgPHA+DQogICAgSGEgPHN0cm9uZz5oYWrDs2tpcsOhbmR1bMOhc29rYXQgaGFzb25sw610YXN6IMO2c3N6ZSBQdWzDoWJhbjwvc3Ryb25nPiwgYSB2ZW5kw6lnw6lydMOpa2Vsw6lzZWsNCiAgICBhIGxlZ2pvYmIgbcOzZGphIGFubmFrLCBob2d5IG1lZ3R1ZGQsIG1pbHllbiDDqWxtw6lueSB2w6FyIHLDoWQuDQogICAgQSB2ZW5kw6lnZWsgbGVnZ3lha3JhYmJhbiBhIG55dWdvZHQgZmVkw6lsemV0aSBoYW5ndWxhdG90LA0KICAgIGEgYmFyw6F0c8OhZ29zIHN6ZW3DqWx5emV0ZXQgw6lzIGEgPHN0cm9uZz5CcmlqdW5pIHN6aWdldGVrPC9zdHJvbmc+DQogICAga8O2csO8bGkgbGVuecWxZ8O2esWRIHTDoWphdCBlbWVsaWsga2kuDQogIDwvcD4NCg0KICA8cD4NCiAgICBLw6l0IGbFkSDDqWxtw6lueXQga8OtbsOhbHVuazogZWd5IDxzdHJvbmc+MyDDs3LDoXMgZGVsZmlubGVzIMOpcyBuYXBsZW1lbnRlIGhhasOzdMO6csOhdDwvc3Ryb25nPiwNCiAgICB2YWxhbWludCBlZ3kgPHN0cm9uZz41IMOzcsOhcyBCcmlqdW5pIG5hcHBhbGkgaGFqw7NraXLDoW5kdWzDoXN0PC9zdHJvbmc+DQogICAgcGFub3LDoW3DoXMga2lsw6F0w6Fzc2FsIMOpcyBzemV6b27DoWxpcyBmw7xyZMOpc2kgbGVoZXTFkXPDqWdnZWwuDQogICAgTWluZGvDqXQgdMO6cmEgYSBrw6lueWVsbWVzIHV0YXrDoXNyYSDDqXDDvGwg4oCUIG5pbmNzIHpzw7pmb2x0c8OhZw0KICAgIMOpcyBuaW5jcyByb2hhbsOzIG1lbmV0cmVuZC4NCiAgPC9wPg0KDQogIDxwPg0KICAgIE7DqXpkIG1lZyBheiBhbMOhYmJpIHZlbmTDqWd2w6lsZW3DqW55ZWtldCAoYSBmxZEgdXRhesOhc2kgcGxhdGZvcm1va29uDQogICAgdGFsw6FsaGF0w7MgbnlpbHbDoW5vcyBwcm9maWxqYWlua3LDs2wpLCBtYWpkIGZvZ2xhbGogbWFnYWJpenRvc2FuLA0KICAgIGFtaWtvciBrw6lzemVuIMOhbGxzei4NCiAgPC9wPg0KPC9kaXY+DQoNCjwvc2VjdGlvbj48YnI+PGJyPjwhLS0gQW5jaG9yIHRhcmdldCBmb3IgVHJ1c3RpbmRleCBiZWxvdyAtLT48YnI+PGRpdiBpZD0icmV2aWV3cyIgc3R5bGU9InBvc2l0aW9uOnJlbGF0aXZlOyB0b3A6LTEwcHg7Ij48L2Rpdj4=[\/vc_raw_html][\/vc_column][\/vc_row][vc_row full_height=&#8221;yes&#8221; columns_placement=&#8221;top&#8221;][vc_column][vc_raw_html css=&#8221;&#8221;]PHNjcmlwdCBkZWZlciBhc3luYyBzcmM9J2h0dHBzOi8vY2RuLnRydXN0aW5kZXguaW8vbG9hZGVyLmpzPzJkZTMyZGQ2M2M0ZDM2MGU0NDA2NGJiMjhmZCc+PC9zY3JpcHQ+[\/vc_raw_html][vc_row_inner][vc_column_inner][vc_empty_space][vc_empty_space][vc_media_grid element_width=&#8221;2&#8243; gap=&#8221;0&#8243; css=&#8221;&#8221; grid_id=&#8221;vc_gid:1772439054679-d9dcaee450bd80e77e2583c0f50a4b60-8&#8243; include=&#8221;7123,7124,7125,7126,7127,7128&#8243;][\/vc_column_inner][\/vc_row_inner][\/vc_column][\/vc_row][vc_row][vc_column][vc_raw_html [&hellip;]<\/p>\n","protected":false},"author":2,"featured_media":0,"parent":0,"menu_order":0,"comment_status":"closed","ping_status":"closed","template":"","meta":{"site-sidebar-layout":"default","site-content-layout":"plain-container","ast-site-content-layout":"default","site-content-style":"default","site-sidebar-style":"default","ast-global-header-display":"","ast-banner-title-visibility":"","ast-main-header-display":"","ast-hfb-above-header-display":"","ast-hfb-below-header-display":"","ast-hfb-mobile-header-display":"","site-post-title":"disabled","ast-breadcrumbs-content":"","ast-featured-img":"","footer-sml-layout":"","ast-disable-related-posts":"","theme-transparent-header-meta":"default","adv-header-id-meta":"","stick-header-meta":"","header-above-stick-meta":"","header-main-stick-meta":"","header-below-stick-meta":"","astra-migrate-meta-layouts":"set","ast-page-background-enabled":"default","ast-page-background-meta":{"desktop":{"background-color":"var(--ast-global-color-5)","background-image":"","background-repeat":"repeat","background-position":"center center","background-size":"auto","background-attachment":"scroll","background-type":"","background-media":"","overlay-type":"","overlay-color":"","overlay-opacity":"","overlay-gradient":""},"tablet":{"background-color":"","background-image":"","background-repeat":"repeat","background-position":"center center","background-size":"auto","background-attachment":"scroll","background-type":"","background-media":"","overlay-type":"","overlay-color":"","overlay-opacity":"","overlay-gradient":""},"mobile":{"background-color":"","background-image":"","background-repeat":"repeat","background-position":"center center","background-size":"auto","background-attachment":"scroll","background-type":"","background-media":"","overlay-type":"","overlay-color":"","overlay-opacity":"","overlay-gradient":""}},"ast-content-background-meta":{"desktop":{"background-color":"var(--ast-global-color-4)","background-image":"","background-repeat":"repeat","background-position":"center center","background-size":"auto","background-attachment":"scroll","background-type":"","background-media":"","overlay-type":"","overlay-color":"","overlay-opacity":"","overlay-gradient":""},"tablet":{"background-color":"var(--ast-global-color-4)","background-image":"","background-repeat":"repeat","background-position":"center center","background-size":"auto","background-attachment":"scroll","background-type":"","background-media":"","overlay-type":"","overlay-color":"","overlay-opacity":"","overlay-gradient":""},"mobile":{"background-color":"var(--ast-global-color-4)","background-image":"","background-repeat":"repeat","background-position":"center center","background-size":"auto","background-attachment":"scroll","background-type":"","background-media":"","overlay-type":"","overlay-color":"","overlay-opacity":"","overlay-gradient":""}},"footnotes":""},"class_list":["post-7129","page","type-page","status-publish","hentry"],"yoast_head":"<!-- This site is optimized with the Yoast SEO plugin v26.8 - https:\/\/yoast.com\/product\/yoast-seo-wordpress\/ -->\n<title>Pula Boat Tours \u2013 Adventures | 4 500+ vend\u00e9g\u00e9rt\u00e9kel\u00e9s \u2605 4.8<\/title>\n<meta name=\"description\" content=\"Olvasd el t\u00f6bb mint 4 500 ellen\u0151rz\u00f6tt vend\u00e9g v\u00e9lem\u00e9ny\u00e9t a Pula Boat Tours \u2013 Adventures (Boat Europa) t\u00far\u00e1ir\u00f3l.\" \/>\n<meta name=\"robots\" content=\"index, follow, max-snippet:-1, max-image-preview:large, max-video-preview:-1\" \/>\n<link rel=\"canonical\" href=\"https:\/\/pulaboattours-adventures.com\/hu\/velemenyek\/\" \/>\n<meta property=\"og:locale\" content=\"hu_HU\" \/>\n<meta property=\"og:type\" content=\"article\" \/>\n<meta property=\"og:title\" content=\"Pula Boat Tours \u2013 Adventures | 4 500+ vend\u00e9g\u00e9rt\u00e9kel\u00e9s \u2605 4.8\" \/>\n<meta property=\"og:description\" content=\"Olvasd el t\u00f6bb mint 4 500 ellen\u0151rz\u00f6tt vend\u00e9g v\u00e9lem\u00e9ny\u00e9t a Pula Boat Tours \u2013 Adventures (Boat Europa) t\u00far\u00e1ir\u00f3l.\" \/>\n<meta property=\"og:url\" content=\"https:\/\/pulaboattours-adventures.com\/hu\/velemenyek\/\" \/>\n<meta property=\"og:site_name\" content=\"Pula Boat Tours - Adventures , Boat Europa\" \/>\n<meta property=\"article:publisher\" content=\"https:\/\/www.facebook.com\/pulaboattour\" \/>\n<meta property=\"article:modified_time\" content=\"2026-03-08T09:19:22+00:00\" \/>\n<meta name=\"twitter:card\" content=\"summary_large_image\" \/>\n<meta name=\"twitter:label1\" content=\"Becs\u00fclt olvas\u00e1si id\u0151\" \/>\n\t<meta name=\"twitter:data1\" content=\"2 perc\" \/>\n<script type=\"application\/ld+json\" class=\"yoast-schema-graph\">{\"@context\":\"https:\/\/schema.org\",\"@graph\":[{\"@type\":\"WebPage\",\"@id\":\"https:\/\/pulaboattours-adventures.com\/hu\/velemenyek\/\",\"url\":\"https:\/\/pulaboattours-adventures.com\/hu\/velemenyek\/\",\"name\":\"Pula Boat Tours \u2013 Adventures | 4 500+ vend\u00e9g\u00e9rt\u00e9kel\u00e9s \u2605 4.8\",\"isPartOf\":{\"@id\":\"https:\/\/pulaboattours-adventures.com\/hu\/#website\"},\"datePublished\":\"2026-01-28T12:54:54+00:00\",\"dateModified\":\"2026-03-08T09:19:22+00:00\",\"description\":\"Olvasd el t\u00f6bb mint 4 500 ellen\u0151rz\u00f6tt vend\u00e9g v\u00e9lem\u00e9ny\u00e9t a Pula Boat Tours \u2013 Adventures (Boat Europa) t\u00far\u00e1ir\u00f3l.\",\"breadcrumb\":{\"@id\":\"https:\/\/pulaboattours-adventures.com\/hu\/velemenyek\/#breadcrumb\"},\"inLanguage\":\"hu\",\"potentialAction\":[{\"@type\":\"ReadAction\",\"target\":[\"https:\/\/pulaboattours-adventures.com\/hu\/velemenyek\/\"]}]},{\"@type\":\"BreadcrumbList\",\"@id\":\"https:\/\/pulaboattours-adventures.com\/hu\/velemenyek\/#breadcrumb\",\"itemListElement\":[{\"@type\":\"ListItem\",\"position\":1,\"name\":\"Home\",\"item\":\"https:\/\/pulaboattours-adventures.com\/hu\/\"},{\"@type\":\"ListItem\",\"position\":2,\"name\":\"V\u00e9lem\u00e9nyek\"}]},{\"@type\":\"WebSite\",\"@id\":\"https:\/\/pulaboattours-adventures.com\/hu\/#website\",\"url\":\"https:\/\/pulaboattours-adventures.com\/hu\/\",\"name\":\"Pula Boat Tours Adventures\",\"description\":\"One of the best Boat Tours in Istria\",\"publisher\":{\"@id\":\"https:\/\/pulaboattours-adventures.com\/hu\/#organization\"},\"potentialAction\":[{\"@type\":\"SearchAction\",\"target\":{\"@type\":\"EntryPoint\",\"urlTemplate\":\"https:\/\/pulaboattours-adventures.com\/hu\/?s={search_term_string}\"},\"query-input\":{\"@type\":\"PropertyValueSpecification\",\"valueRequired\":true,\"valueName\":\"search_term_string\"}}],\"inLanguage\":\"hu\"},{\"@type\":\"Organization\",\"@id\":\"https:\/\/pulaboattours-adventures.com\/hu\/#organization\",\"name\":\"Pula Boat Tours Adventures\",\"url\":\"https:\/\/pulaboattours-adventures.com\/hu\/\",\"logo\":{\"@type\":\"ImageObject\",\"inLanguage\":\"hu\",\"@id\":\"https:\/\/pulaboattours-adventures.com\/hu\/#\/schema\/logo\/image\/\",\"url\":\"https:\/\/pulaboattours-adventures.com\/wp-content\/uploads\/2026\/02\/cropped-cropped-logo-slika-1.webp\",\"contentUrl\":\"https:\/\/pulaboattours-adventures.com\/wp-content\/uploads\/2026\/02\/cropped-cropped-logo-slika-1.webp\",\"width\":341,\"height\":286,\"caption\":\"Pula Boat Tours Adventures\"},\"image\":{\"@id\":\"https:\/\/pulaboattours-adventures.com\/hu\/#\/schema\/logo\/image\/\"},\"sameAs\":[\"https:\/\/www.facebook.com\/pulaboattour\",\"https:\/\/www.instagram.com\/pula_boat_tours_adventures\/\",\"https:\/\/www.tiktok.com\/@pulaboattoursadventures\"]}]}<\/script>\n<!-- \/ Yoast SEO plugin. -->","yoast_head_json":{"title":"Pula Boat Tours \u2013 Adventures | 4 500+ vend\u00e9g\u00e9rt\u00e9kel\u00e9s \u2605 4.8","description":"Olvasd el t\u00f6bb mint 4 500 ellen\u0151rz\u00f6tt vend\u00e9g v\u00e9lem\u00e9ny\u00e9t a Pula Boat Tours \u2013 Adventures (Boat Europa) t\u00far\u00e1ir\u00f3l.","robots":{"index":"index","follow":"follow","max-snippet":"max-snippet:-1","max-image-preview":"max-image-preview:large","max-video-preview":"max-video-preview:-1"},"canonical":"https:\/\/pulaboattours-adventures.com\/hu\/velemenyek\/","og_locale":"hu_HU","og_type":"article","og_title":"Pula Boat Tours \u2013 Adventures | 4 500+ vend\u00e9g\u00e9rt\u00e9kel\u00e9s \u2605 4.8","og_description":"Olvasd el t\u00f6bb mint 4 500 ellen\u0151rz\u00f6tt vend\u00e9g v\u00e9lem\u00e9ny\u00e9t a Pula Boat Tours \u2013 Adventures (Boat Europa) t\u00far\u00e1ir\u00f3l.","og_url":"https:\/\/pulaboattours-adventures.com\/hu\/velemenyek\/","og_site_name":"Pula Boat Tours - Adventures , Boat Europa","article_publisher":"https:\/\/www.facebook.com\/pulaboattour","article_modified_time":"2026-03-08T09:19:22+00:00","twitter_card":"summary_large_image","twitter_misc":{"Becs\u00fclt olvas\u00e1si id\u0151":"2 perc"},"schema":{"@context":"https:\/\/schema.org","@graph":[{"@type":"WebPage","@id":"https:\/\/pulaboattours-adventures.com\/hu\/velemenyek\/","url":"https:\/\/pulaboattours-adventures.com\/hu\/velemenyek\/","name":"Pula Boat Tours \u2013 Adventures | 4 500+ vend\u00e9g\u00e9rt\u00e9kel\u00e9s \u2605 4.8","isPartOf":{"@id":"https:\/\/pulaboattours-adventures.com\/hu\/#website"},"datePublished":"2026-01-28T12:54:54+00:00","dateModified":"2026-03-08T09:19:22+00:00","description":"Olvasd el t\u00f6bb mint 4 500 ellen\u0151rz\u00f6tt vend\u00e9g v\u00e9lem\u00e9ny\u00e9t a Pula Boat Tours \u2013 Adventures (Boat Europa) t\u00far\u00e1ir\u00f3l.","breadcrumb":{"@id":"https:\/\/pulaboattours-adventures.com\/hu\/velemenyek\/#breadcrumb"},"inLanguage":"hu","potentialAction":[{"@type":"ReadAction","target":["https:\/\/pulaboattours-adventures.com\/hu\/velemenyek\/"]}]},{"@type":"BreadcrumbList","@id":"https:\/\/pulaboattours-adventures.com\/hu\/velemenyek\/#breadcrumb","itemListElement":[{"@type":"ListItem","position":1,"name":"Home","item":"https:\/\/pulaboattours-adventures.com\/hu\/"},{"@type":"ListItem","position":2,"name":"V\u00e9lem\u00e9nyek"}]},{"@type":"WebSite","@id":"https:\/\/pulaboattours-adventures.com\/hu\/#website","url":"https:\/\/pulaboattours-adventures.com\/hu\/","name":"Pula Boat Tours Adventures","description":"One of the best Boat Tours in Istria","publisher":{"@id":"https:\/\/pulaboattours-adventures.com\/hu\/#organization"},"potentialAction":[{"@type":"SearchAction","target":{"@type":"EntryPoint","urlTemplate":"https:\/\/pulaboattours-adventures.com\/hu\/?s={search_term_string}"},"query-input":{"@type":"PropertyValueSpecification","valueRequired":true,"valueName":"search_term_string"}}],"inLanguage":"hu"},{"@type":"Organization","@id":"https:\/\/pulaboattours-adventures.com\/hu\/#organization","name":"Pula Boat Tours Adventures","url":"https:\/\/pulaboattours-adventures.com\/hu\/","logo":{"@type":"ImageObject","inLanguage":"hu","@id":"https:\/\/pulaboattours-adventures.com\/hu\/#\/schema\/logo\/image\/","url":"https:\/\/pulaboattours-adventures.com\/wp-content\/uploads\/2026\/02\/cropped-cropped-logo-slika-1.webp","contentUrl":"https:\/\/pulaboattours-adventures.com\/wp-content\/uploads\/2026\/02\/cropped-cropped-logo-slika-1.webp","width":341,"height":286,"caption":"Pula Boat Tours Adventures"},"image":{"@id":"https:\/\/pulaboattours-adventures.com\/hu\/#\/schema\/logo\/image\/"},"sameAs":["https:\/\/www.facebook.com\/pulaboattour","https:\/\/www.instagram.com\/pula_boat_tours_adventures\/","https:\/\/www.tiktok.com\/@pulaboattoursadventures"]}]}},"_links":{"self":[{"href":"https:\/\/pulaboattours-adventures.com\/hu\/wp-json\/wp\/v2\/pages\/7129","targetHints":{"allow":["GET"]}}],"collection":[{"href":"https:\/\/pulaboattours-adventures.com\/hu\/wp-json\/wp\/v2\/pages"}],"about":[{"href":"https:\/\/pulaboattours-adventures.com\/hu\/wp-json\/wp\/v2\/types\/page"}],"author":[{"embeddable":true,"href":"https:\/\/pulaboattours-adventures.com\/hu\/wp-json\/wp\/v2\/users\/2"}],"replies":[{"embeddable":true,"href":"https:\/\/pulaboattours-adventures.com\/hu\/wp-json\/wp\/v2\/comments?post=7129"}],"version-history":[{"count":6,"href":"https:\/\/pulaboattours-adventures.com\/hu\/wp-json\/wp\/v2\/pages\/7129\/revisions"}],"predecessor-version":[{"id":7135,"href":"https:\/\/pulaboattours-adventures.com\/hu\/wp-json\/wp\/v2\/pages\/7129\/revisions\/7135"}],"wp:attachment":[{"href":"https:\/\/pulaboattours-adventures.com\/hu\/wp-json\/wp\/v2\/media?parent=7129"}],"curies":[{"name":"wp","href":"https:\/\/api.w.org\/{rel}","templated":true}]}}