{"id":7155,"date":"2025-03-31T17:06:14","date_gmt":"2025-03-31T17:06:14","guid":{"rendered":"https:\/\/pulaboattours-adventures.com\/eco-safety\/"},"modified":"2026-03-08T10:35:21","modified_gmt":"2026-03-08T10:35:21","slug":"eco-safety","status":"publish","type":"page","link":"https:\/\/pulaboattours-adventures.com\/hu\/eco-safety\/","title":{"rendered":"Eco &#038; Safety"},"content":{"rendered":"<div class=\"wpb-content-wrapper\"><p>[vc_row][vc_column][vc_raw_html css=&#8221;&#8221;]PGgyPsOWa29sw7NnaWFpIMOpcyBiaXp0b25zw6FnaSBlbGvDtnRlbGV6ZXR0c8OpZzwvaDI+PGJyPjxwPkEgUHVsYSBCb2F0IFRvdXJzIOKAkyBBZHZlbnR1cmVzIGVsa8O2dGVsZXpldHQgYSBmZWxlbMWRcyDDqXMgZmVubnRhcnRoYXTDsyB0dXJpem11cyBtZWxsZXR0OjwvcD48YnI+PHVsPg0KICA8bGk+U29oYSBuZW0gZXRldGrDvGssIMO8bGTDtnp6w7xrIHZhZ3kgemF2YXJqdWsgYSBkZWxmaW5la2V0LiBEZWxmaW50w7pyw6FpbmsgMTAwJS1iYW4gdGlzenRlbGV0YmVuIHRhcnRqw6FrIGEgdGVuZ2VyaSDDqWzFkXZpbMOhZ290LjwvbGk+DQogIDxsaT5CZXRhcnRqdWsgYSBCcmlqdW5pIE5lbXpldGkgUGFyayB0w6F2b2xzw6FnaSBzemFiw6FseWFpdCDDqXMgYXogw7Zrb2zDs2dpYWkgaGFqw7N6w6FzaSBlbHZla2V0LjwvbGk+DQogIDxsaT5NaW5kZW4gaHVsbGFkw6lrb3QgYSBmZWTDqWx6ZXRlbiBnecWxanTDvG5rIMO2c3N6ZSwgw6lzIG1pbmRlbiB0w7pyYSB1dMOhbiBmZWxlbMWRc2VuIMOhcnRhbG1hdGxhbsOtdGp1ay48L2xpPg0KICA8bGk+TWluZGVuIHV0YXMgc3rDoW3DoXJhIG1lbnTFkW1lbGzDqW55dCDDqXMgYml6dG9uc8OhZ2kgZmVsc3plcmVsw6lzdCBiaXp0b3PDrXR1bmsuPC9saT4NCiAgPGxpPlN6ZW3DqWx5emV0w7xuayBrw6lwemV0dCwgdmFsYW1pbnQgZWxzxZFzZWfDqWx5bnnDump0w6FzaSDDqXMgdGVuZ2VyaSBiaXp0b25zw6FnaSB0YW7DunPDrXR2w6FubnlhbCByZW5kZWxrZXppay48L2xpPg0KPC91bD48YnI+PHA+SGlzesO8bmsgYWJiYW4sIGhvZ3kgYSB0ZW5nZXIgdsOpZGVsbWUgYXogw6lsbcOpbnkgcsOpc3plLiDDiWx2ZXpkIGEgdGVuZ2VydCDigJMgdsOpZGQgYSB0ZW5nZXJ0LjwvcD4=[\/vc_raw_html][\/vc_column][\/vc_row]<\/p>\n<\/div>","protected":false},"excerpt":{"rendered":"<p>[vc_row][vc_column][vc_raw_html css=&#8221;&#8221;]PGgyPsOWa29sw7NnaWFpIMOpcyBiaXp0b25zw6FnaSBlbGvDtnRlbGV6ZXR0c8OpZzwvaDI+PGJyPjxwPkEgUHVsYSBCb2F0IFRvdXJzIOKAkyBBZHZlbnR1cmVzIGVsa8O2dGVsZXpldHQgYSBmZWxlbMWRcyDDqXMgZmVubnRhcnRoYXTDsyB0dXJpem11cyBtZWxsZXR0OjwvcD48YnI+PHVsPg0KICA8bGk+U29oYSBuZW0gZXRldGrDvGssIMO8bGTDtnp6w7xrIHZhZ3kgemF2YXJqdWsgYSBkZWxmaW5la2V0LiBEZWxmaW50w7pyw6FpbmsgMTAwJS1iYW4gdGlzenRlbGV0YmVuIHRhcnRqw6FrIGEgdGVuZ2VyaSDDqWzFkXZpbMOhZ290LjwvbGk+DQogIDxsaT5CZXRhcnRqdWsgYSBCcmlqdW5pIE5lbXpldGkgUGFyayB0w6F2b2xzw6FnaSBzemFiw6FseWFpdCDDqXMgYXogw7Zrb2zDs2dpYWkgaGFqw7N6w6FzaSBlbHZla2V0LjwvbGk+DQogIDxsaT5NaW5kZW4gaHVsbGFkw6lrb3QgYSBmZWTDqWx6ZXRlbiBnecWxanTDvG5rIMO2c3N6ZSwgw6lzIG1pbmRlbiB0w7pyYSB1dMOhbiBmZWxlbMWRc2VuIMOhcnRhbG1hdGxhbsOtdGp1ay48L2xpPg0KICA8bGk+TWluZGVuIHV0YXMgc3rDoW3DoXJhIG1lbnTFkW1lbGzDqW55dCDDqXMgYml6dG9uc8OhZ2kgZmVsc3plcmVsw6lzdCBiaXp0b3PDrXR1bmsuPC9saT4NCiAgPGxpPlN6ZW3DqWx5emV0w7xuayBrw6lwemV0dCwgdmFsYW1pbnQgZWxzxZFzZWfDqWx5bnnDump0w6FzaSDDqXMgdGVuZ2VyaSBiaXp0b25zw6FnaSB0YW7DunPDrXR2w6FubnlhbCByZW5kZWxrZXppay48L2xpPg0KPC91bD48YnI+PHA+SGlzesO8bmsgYWJiYW4sIGhvZ3kgYSB0ZW5nZXIgdsOpZGVsbWUgYXogw6lsbcOpbnkgcsOpc3plLiDDiWx2ZXpkIGEgdGVuZ2VydCDigJMgdsOpZGQgYSB0ZW5nZXJ0LjwvcD4=[\/vc_raw_html][\/vc_column][\/vc_row]<\/p>\n","protected":false},"author":2,"featured_media":0,"parent":0,"menu_order":0,"comment_status":"closed","ping_status":"closed","template":"","meta":{"site-sidebar-layout":"no-sidebar","site-content-layout":"plain-container","ast-site-content-layout":"default","site-content-style":"default","site-sidebar-style":"default","ast-global-header-display":"","ast-banner-title-visibility":"","ast-main-header-display":"","ast-hfb-above-header-display":"","ast-hfb-below-header-display":"","ast-hfb-mobile-header-display":"","site-post-title":"disabled","ast-breadcrumbs-content":"","ast-featured-img":"disabled","footer-sml-layout":"","ast-disable-related-posts":"","theme-transparent-header-meta":"default","adv-header-id-meta":"","stick-header-meta":"","header-above-stick-meta":"","header-main-stick-meta":"","header-below-stick-meta":"","astra-migrate-meta-layouts":"set","ast-page-background-enabled":"default","ast-page-background-meta":{"desktop":{"background-color":"var(--ast-global-color-5)","background-image":"","background-repeat":"repeat","background-position":"center center","background-size":"auto","background-attachment":"scroll","background-type":"","background-media":"","overlay-type":"","overlay-color":"","overlay-opacity":"","overlay-gradient":""},"tablet":{"background-color":"","background-image":"","background-repeat":"repeat","background-position":"center center","background-size":"auto","background-attachment":"scroll","background-type":"","background-media":"","overlay-type":"","overlay-color":"","overlay-opacity":"","overlay-gradient":""},"mobile":{"background-color":"","background-image":"","background-repeat":"repeat","background-position":"center center","background-size":"auto","background-attachment":"scroll","background-type":"","background-media":"","overlay-type":"","overlay-color":"","overlay-opacity":"","overlay-gradient":""}},"ast-content-background-meta":{"desktop":{"background-color":"var(--ast-global-color-4)","background-image":"","background-repeat":"repeat","background-position":"center center","background-size":"auto","background-attachment":"scroll","background-type":"","background-media":"","overlay-type":"","overlay-color":"","overlay-opacity":"","overlay-gradient":""},"tablet":{"background-color":"var(--ast-global-color-4)","background-image":"","background-repeat":"repeat","background-position":"center center","background-size":"auto","background-attachment":"scroll","background-type":"","background-media":"","overlay-type":"","overlay-color":"","overlay-opacity":"","overlay-gradient":""},"mobile":{"background-color":"var(--ast-global-color-4)","background-image":"","background-repeat":"repeat","background-position":"center center","background-size":"auto","background-attachment":"scroll","background-type":"","background-media":"","overlay-type":"","overlay-color":"","overlay-opacity":"","overlay-gradient":""}},"footnotes":""},"class_list":["post-7155","page","type-page","status-publish","hentry"],"yoast_head":"<!-- This site is optimized with the Yoast SEO plugin v26.8 - https:\/\/yoast.com\/product\/yoast-seo-wordpress\/ -->\n<title>\u00d6ko \u00e9s biztons\u00e1gi ir\u00e1nyelvek | Delfinmegfigyel\u00e9s Pula<\/title>\n<meta name=\"description\" content=\"Felel\u0151s delfinmegfigyel\u00e9s \u00e9s biztons\u00e1gos haj\u00f3kir\u00e1ndul\u00e1sok Pul\u00e1ban, csal\u00e1dbar\u00e1t \u00e9s fenntarthat\u00f3 tengeri programok.\" \/>\n<meta name=\"robots\" content=\"index, follow, max-snippet:-1, max-image-preview:large, max-video-preview:-1\" \/>\n<link rel=\"canonical\" href=\"https:\/\/pulaboattours-adventures.com\/hu\/eco-safety\/\" \/>\n<meta property=\"og:locale\" content=\"hu_HU\" \/>\n<meta property=\"og:type\" content=\"article\" \/>\n<meta property=\"og:title\" content=\"\u00d6ko \u00e9s biztons\u00e1gi ir\u00e1nyelvek | Delfinmegfigyel\u00e9s Pula\" \/>\n<meta property=\"og:description\" content=\"Felel\u0151s delfinmegfigyel\u00e9s \u00e9s biztons\u00e1gos haj\u00f3kir\u00e1ndul\u00e1sok Pul\u00e1ban, csal\u00e1dbar\u00e1t \u00e9s fenntarthat\u00f3 tengeri programok.\" \/>\n<meta property=\"og:url\" content=\"https:\/\/pulaboattours-adventures.com\/hu\/eco-safety\/\" \/>\n<meta property=\"og:site_name\" content=\"Pula Boat Tours - Adventures , Boat Europa\" \/>\n<meta property=\"article:publisher\" content=\"https:\/\/www.facebook.com\/pulaboattour\" \/>\n<meta property=\"article:modified_time\" content=\"2026-03-08T10:35:21+00:00\" \/>\n<meta name=\"twitter:card\" content=\"summary_large_image\" \/>\n<meta name=\"twitter:label1\" content=\"Becs\u00fclt olvas\u00e1si id\u0151\" \/>\n\t<meta name=\"twitter:data1\" content=\"1 perc\" \/>\n<script type=\"application\/ld+json\" class=\"yoast-schema-graph\">{\"@context\":\"https:\/\/schema.org\",\"@graph\":[{\"@type\":\"WebPage\",\"@id\":\"https:\/\/pulaboattours-adventures.com\/hu\/eco-safety\/\",\"url\":\"https:\/\/pulaboattours-adventures.com\/hu\/eco-safety\/\",\"name\":\"\u00d6ko \u00e9s biztons\u00e1gi ir\u00e1nyelvek | Delfinmegfigyel\u00e9s Pula\",\"isPartOf\":{\"@id\":\"https:\/\/pulaboattours-adventures.com\/hu\/#website\"},\"datePublished\":\"2025-03-31T17:06:14+00:00\",\"dateModified\":\"2026-03-08T10:35:21+00:00\",\"description\":\"Felel\u0151s delfinmegfigyel\u00e9s \u00e9s biztons\u00e1gos haj\u00f3kir\u00e1ndul\u00e1sok Pul\u00e1ban, csal\u00e1dbar\u00e1t \u00e9s fenntarthat\u00f3 tengeri programok.\",\"breadcrumb\":{\"@id\":\"https:\/\/pulaboattours-adventures.com\/hu\/eco-safety\/#breadcrumb\"},\"inLanguage\":\"hu\",\"potentialAction\":[{\"@type\":\"ReadAction\",\"target\":[\"https:\/\/pulaboattours-adventures.com\/hu\/eco-safety\/\"]}]},{\"@type\":\"BreadcrumbList\",\"@id\":\"https:\/\/pulaboattours-adventures.com\/hu\/eco-safety\/#breadcrumb\",\"itemListElement\":[{\"@type\":\"ListItem\",\"position\":1,\"name\":\"Home\",\"item\":\"https:\/\/pulaboattours-adventures.com\/hu\/\"},{\"@type\":\"ListItem\",\"position\":2,\"name\":\"Eco &#038; Safety\"}]},{\"@type\":\"WebSite\",\"@id\":\"https:\/\/pulaboattours-adventures.com\/hu\/#website\",\"url\":\"https:\/\/pulaboattours-adventures.com\/hu\/\",\"name\":\"Pula Boat Tours Adventures\",\"description\":\"One of the best Boat Tours in Istria\",\"publisher\":{\"@id\":\"https:\/\/pulaboattours-adventures.com\/hu\/#organization\"},\"potentialAction\":[{\"@type\":\"SearchAction\",\"target\":{\"@type\":\"EntryPoint\",\"urlTemplate\":\"https:\/\/pulaboattours-adventures.com\/hu\/?s={search_term_string}\"},\"query-input\":{\"@type\":\"PropertyValueSpecification\",\"valueRequired\":true,\"valueName\":\"search_term_string\"}}],\"inLanguage\":\"hu\"},{\"@type\":\"Organization\",\"@id\":\"https:\/\/pulaboattours-adventures.com\/hu\/#organization\",\"name\":\"Pula Boat Tours Adventures\",\"url\":\"https:\/\/pulaboattours-adventures.com\/hu\/\",\"logo\":{\"@type\":\"ImageObject\",\"inLanguage\":\"hu\",\"@id\":\"https:\/\/pulaboattours-adventures.com\/hu\/#\/schema\/logo\/image\/\",\"url\":\"https:\/\/pulaboattours-adventures.com\/wp-content\/uploads\/2026\/02\/cropped-cropped-logo-slika-1.webp\",\"contentUrl\":\"https:\/\/pulaboattours-adventures.com\/wp-content\/uploads\/2026\/02\/cropped-cropped-logo-slika-1.webp\",\"width\":341,\"height\":286,\"caption\":\"Pula Boat Tours Adventures\"},\"image\":{\"@id\":\"https:\/\/pulaboattours-adventures.com\/hu\/#\/schema\/logo\/image\/\"},\"sameAs\":[\"https:\/\/www.facebook.com\/pulaboattour\",\"https:\/\/www.instagram.com\/pula_boat_tours_adventures\/\",\"https:\/\/www.tiktok.com\/@pulaboattoursadventures\"]}]}<\/script>\n<!-- \/ Yoast SEO plugin. -->","yoast_head_json":{"title":"\u00d6ko \u00e9s biztons\u00e1gi ir\u00e1nyelvek | Delfinmegfigyel\u00e9s Pula","description":"Felel\u0151s delfinmegfigyel\u00e9s \u00e9s biztons\u00e1gos haj\u00f3kir\u00e1ndul\u00e1sok Pul\u00e1ban, csal\u00e1dbar\u00e1t \u00e9s fenntarthat\u00f3 tengeri programok.","robots":{"index":"index","follow":"follow","max-snippet":"max-snippet:-1","max-image-preview":"max-image-preview:large","max-video-preview":"max-video-preview:-1"},"canonical":"https:\/\/pulaboattours-adventures.com\/hu\/eco-safety\/","og_locale":"hu_HU","og_type":"article","og_title":"\u00d6ko \u00e9s biztons\u00e1gi ir\u00e1nyelvek | Delfinmegfigyel\u00e9s Pula","og_description":"Felel\u0151s delfinmegfigyel\u00e9s \u00e9s biztons\u00e1gos haj\u00f3kir\u00e1ndul\u00e1sok Pul\u00e1ban, csal\u00e1dbar\u00e1t \u00e9s fenntarthat\u00f3 tengeri programok.","og_url":"https:\/\/pulaboattours-adventures.com\/hu\/eco-safety\/","og_site_name":"Pula Boat Tours - Adventures , Boat Europa","article_publisher":"https:\/\/www.facebook.com\/pulaboattour","article_modified_time":"2026-03-08T10:35:21+00:00","twitter_card":"summary_large_image","twitter_misc":{"Becs\u00fclt olvas\u00e1si id\u0151":"1 perc"},"schema":{"@context":"https:\/\/schema.org","@graph":[{"@type":"WebPage","@id":"https:\/\/pulaboattours-adventures.com\/hu\/eco-safety\/","url":"https:\/\/pulaboattours-adventures.com\/hu\/eco-safety\/","name":"\u00d6ko \u00e9s biztons\u00e1gi ir\u00e1nyelvek | Delfinmegfigyel\u00e9s Pula","isPartOf":{"@id":"https:\/\/pulaboattours-adventures.com\/hu\/#website"},"datePublished":"2025-03-31T17:06:14+00:00","dateModified":"2026-03-08T10:35:21+00:00","description":"Felel\u0151s delfinmegfigyel\u00e9s \u00e9s biztons\u00e1gos haj\u00f3kir\u00e1ndul\u00e1sok Pul\u00e1ban, csal\u00e1dbar\u00e1t \u00e9s fenntarthat\u00f3 tengeri programok.","breadcrumb":{"@id":"https:\/\/pulaboattours-adventures.com\/hu\/eco-safety\/#breadcrumb"},"inLanguage":"hu","potentialAction":[{"@type":"ReadAction","target":["https:\/\/pulaboattours-adventures.com\/hu\/eco-safety\/"]}]},{"@type":"BreadcrumbList","@id":"https:\/\/pulaboattours-adventures.com\/hu\/eco-safety\/#breadcrumb","itemListElement":[{"@type":"ListItem","position":1,"name":"Home","item":"https:\/\/pulaboattours-adventures.com\/hu\/"},{"@type":"ListItem","position":2,"name":"Eco &#038; Safety"}]},{"@type":"WebSite","@id":"https:\/\/pulaboattours-adventures.com\/hu\/#website","url":"https:\/\/pulaboattours-adventures.com\/hu\/","name":"Pula Boat Tours Adventures","description":"One of the best Boat Tours in Istria","publisher":{"@id":"https:\/\/pulaboattours-adventures.com\/hu\/#organization"},"potentialAction":[{"@type":"SearchAction","target":{"@type":"EntryPoint","urlTemplate":"https:\/\/pulaboattours-adventures.com\/hu\/?s={search_term_string}"},"query-input":{"@type":"PropertyValueSpecification","valueRequired":true,"valueName":"search_term_string"}}],"inLanguage":"hu"},{"@type":"Organization","@id":"https:\/\/pulaboattours-adventures.com\/hu\/#organization","name":"Pula Boat Tours Adventures","url":"https:\/\/pulaboattours-adventures.com\/hu\/","logo":{"@type":"ImageObject","inLanguage":"hu","@id":"https:\/\/pulaboattours-adventures.com\/hu\/#\/schema\/logo\/image\/","url":"https:\/\/pulaboattours-adventures.com\/wp-content\/uploads\/2026\/02\/cropped-cropped-logo-slika-1.webp","contentUrl":"https:\/\/pulaboattours-adventures.com\/wp-content\/uploads\/2026\/02\/cropped-cropped-logo-slika-1.webp","width":341,"height":286,"caption":"Pula Boat Tours Adventures"},"image":{"@id":"https:\/\/pulaboattours-adventures.com\/hu\/#\/schema\/logo\/image\/"},"sameAs":["https:\/\/www.facebook.com\/pulaboattour","https:\/\/www.instagram.com\/pula_boat_tours_adventures\/","https:\/\/www.tiktok.com\/@pulaboattoursadventures"]}]}},"_links":{"self":[{"href":"https:\/\/pulaboattours-adventures.com\/hu\/wp-json\/wp\/v2\/pages\/7155","targetHints":{"allow":["GET"]}}],"collection":[{"href":"https:\/\/pulaboattours-adventures.com\/hu\/wp-json\/wp\/v2\/pages"}],"about":[{"href":"https:\/\/pulaboattours-adventures.com\/hu\/wp-json\/wp\/v2\/types\/page"}],"author":[{"embeddable":true,"href":"https:\/\/pulaboattours-adventures.com\/hu\/wp-json\/wp\/v2\/users\/2"}],"replies":[{"embeddable":true,"href":"https:\/\/pulaboattours-adventures.com\/hu\/wp-json\/wp\/v2\/comments?post=7155"}],"version-history":[{"count":1,"href":"https:\/\/pulaboattours-adventures.com\/hu\/wp-json\/wp\/v2\/pages\/7155\/revisions"}],"predecessor-version":[{"id":7156,"href":"https:\/\/pulaboattours-adventures.com\/hu\/wp-json\/wp\/v2\/pages\/7155\/revisions\/7156"}],"wp:attachment":[{"href":"https:\/\/pulaboattours-adventures.com\/hu\/wp-json\/wp\/v2\/media?parent=7155"}],"curies":[{"name":"wp","href":"https:\/\/api.w.org\/{rel}","templated":true}]}}