{"id":7157,"date":"2020-01-03T10:29:55","date_gmt":"2020-01-03T10:29:55","guid":{"rendered":"https:\/\/pulaboattours-adventures.com\/adatkezelesi-tajekoztato\/"},"modified":"2026-03-08T10:38:56","modified_gmt":"2026-03-08T10:38:56","slug":"adatkezelesi-tajekoztato","status":"publish","type":"page","link":"https:\/\/pulaboattours-adventures.com\/hu\/adatkezelesi-tajekoztato\/","title":{"rendered":"Adatkezel\u00e9si t\u00e1j\u00e9koztat\u00f3"},"content":{"rendered":"<div class=\"wpb-content-wrapper\"><p>[vc_row][vc_column][vc_raw_html css=&#8221;&#8221;]PGgyPkFkYXR2w6lkZWxtaSBzemFiw6FseXphdCAoR0RQUik8L2gyPjxicj48cD5FeiBheiBhZGF0dsOpZGVsbWkgc3phYsOhbHl6YXQgYmVtdXRhdGphLCBob2d5YW4gZ3nFsWp0asO8aywgaGFzem7DoWxqdWsgw6lzIHbDqWRqw7xrIHN6ZW3DqWx5ZXMgYWRhdGFpZGF0LjwvcD48YnI+PGJyPjxoMz4xLiBLaWsgdmFneXVuazwvaDM+PGJyPjxwPg0KTmVwdHVudXMgYm9hdCB0b3VycyBqLmQuby5vLjxicj4NClBvbWVyIDE1NCwgNTIxMDAgUHVsYSwgSG9ydsOhdG9yc3rDoWc8YnI+DQpWQVQgSUQ6IEhSMDAzNDUyODAwMTE8YnI+DQpFbWFpbDogPGEgaHJlZj0ibWFpbHRvOnB1bGFib2F0YWR2ZW50dXJlc0BnbWFpbC5jb20iPnB1bGFib2F0YWR2ZW50dXJlc0BnbWFpbC5jb208L2E+DQo8L3A+PGJyPjxicj48aDM+Mi4gTWlseWVuIGFkYXRva2F0IGd5xbFqdMO8bms8L2gzPjxicj48cD5XZWJvbGRhbHVua29uIGtlcmVzenTDvGwgYSBrw7Z2ZXRrZXrFkSBhZGF0b2thdCBnecWxanRoZXRqw7xrOjwvcD48YnI+PHVsPg0KICA8bGk+TsOpdiDDqXMgdmV6ZXTDqWtuw6l2PC9saT4NCiAgPGxpPkVtYWlsIGPDrW0gw6lzIHRlbGVmb25zesOhbTwvbGk+DQogIDxsaT5BIHTDunJhIGFkYXRhaSAodsOhbGFzenRvdHQgdMO6cmEsIHLDqXN6dHZldsWRayBzesOhbWEsIGTDoXR1bSk8L2xpPg0KICA8bGk+S2FwY3NvbGF0aSB2YWd5IGZvZ2xhbMOhc2kgxbFybGFwb2tvbiBrZXJlc3p0w7xsIGvDvGxkw7Z0dCDDvHplbmV0ZWs8L2xpPg0KPC91bD48YnI+PGJyPjxoMz4zLiBNacOpcnQgZ3nFsWp0asO8ayBheiBhZGF0b2thdDwvaDM+PGJyPjx1bD4NCiAgPGxpPkZvZ2xhbMOhc29rIGZlbGRvbGdvesOhc2Egw6lzIHTDunLDoXZhbCBrYXBjc29sYXRvcyBpbmZvcm3DoWNpw7NrIGJpenRvc8OtdMOhc2E8L2xpPg0KICA8bGk+S8OpcmTDqXNlayBtZWd2w6FsYXN6b2zDoXNhIMOpcyDDvGd5ZsOpbHN6b2xnw6FsYXQgYml6dG9zw610w6FzYTwvbGk+DQogIDxsaT5Kb2dpIMOpcyBhZMOzesOhc2kga8O2dGVsZXpldHRzw6lnZWsgdGVsamVzw610w6lzZTwvbGk+DQo8L3VsPjxicj48YnI+PGgzPjQuIEF6IGFkYXRrZXplbMOpcyBqb2dhbGFwamE8L2gzPjxicj48cD5BeiBhZGF0b2thdCBob3p6w6Fqw6FydWzDoXNvZCDDqXMgam9nb3Mgw7x6bGV0aSDDqXJkZWvDvG5rIGFsYXBqw6FuIGtlemVsasO8ayAocMOpbGTDoXVsIGEgZm9nbGFsw6Fzb2sgdGVsamVzw610w6lzZSDDqXJkZWvDqWJlbikuPC9wPjxicj48YnI+PGgzPjUuIEtpdmVsIG9zenRqdWsgbWVnIGF6IGFkYXRva2F0PC9oMz48YnI+PHA+TmVtIGFkanVrIGVsIMOpcyBuZW0gb3N6dGp1ayBtZWcgYWRhdGFpZGF0IGhhcm1hZGlrIGbDqWxsZWwsIGtpdsOpdmU6PC9wPjxicj48dWw+DQogIDxsaT5Gb2dsYWzDoXNpIHBsYXRmb3Jtb2trYWwgKHBsLiBCb2t1bik8L2xpPg0KICA8bGk+Rml6ZXTDqXNpIHN6b2xnw6FsdGF0w7Nra2FsIChwbC4gU3RyaXBlLCBQYXlQYWwpPC9saT4NCiAgPGxpPkpvZ3N6YWLDoWx5aSBrw7Z0ZWxlemV0dHPDqWcgZXNldMOpbiBoYXTDs3PDoWdva2thbDwvbGk+DQo8L3VsPjxicj48YnI+PGgzPjYuIEF6IMOWbiBqb2dhaTwvaDM+PGJyPjxwPkpvZ29kIHZhbjo8L3A+PGJyPjx1bD4NCiAgPGxpPkhvenrDoWbDqXJuaSBzemVtw6lseWVzIGFkYXRhaWRob3o8L2xpPg0KICA8bGk+S8Opcm5pIGF6b2sgaGVseWVzYsOtdMOpc8OpdCB2YWd5IHTDtnJsw6lzw6l0PC9saT4NCiAgPGxpPkLDoXJtaWtvciB2aXNzemF2b25uaSBhIGhvenrDoWrDoXJ1bMOhc29kYXQ8L2xpPg0KPC91bD48YnI+PHA+RSBqb2dvayBneWFrb3Jsw6Fzw6Fob3ogdmVkZCBmZWwgdmVsw7xuayBhIGthcGNzb2xhdG90OiA8YSBocmVmPSJtYWlsdG86cHVsYWJvYXRhZHZlbnR1cmVzQGdtYWlsLmNvbSI+cHVsYWJvYXRhZHZlbnR1cmVzQGdtYWlsLmNvbTwvYT4uPC9wPjxicj48YnI+PGgzPjcuIEFkYXRtZWfFkXJ6w6lzPC9oMz48YnI+PHA+QSBmb2dsYWzDoXNva2thbCBrYXBjc29sYXRvcyBhZGF0b2thdCBsZWdmZWxqZWJiIDUgw6l2aWcgxZFyaXp6w7xrIG1lZyBqb2dpIMOpcyBhZMOzesOhc2kgY8OpbG9rYsOzbC48L3A+PGJyPjxicj48aDM+OC4gQ29va2llLWs8L2gzPjxicj48cD5XZWJvbGRhbHVuayBjb29raWUta2F0IGhhc3puw6FsaGF0IGFuYWxpdGlrYWkgY8OpbG9rcmEgw6lzIGEgZm9nbGFsw6FzaSB3aWRnZXQgbWVnZmVsZWzFkSBtxbFrw7Zkw6lzw6luZWsgYml6dG9zw610w6Fzw6FyYS4gQSBjb29raWUta2F0IGEgYsO2bmfDqXN6xZEgYmXDoWxsw610w6FzYWliYW4gbGV0aWx0aGF0b2QuPC9wPjxicj48YnI+PGgzPjkuIEJpenRvbnPDoWc8L2gzPjxicj48cD5NZWdmZWxlbMWRIHRlY2huaWthaSDDqXMgc3plcnZlemV0aSBpbnTDqXprZWTDqXNla2V0IGFsa2FsbWF6dW5rIGFkYXRhaWQgdsOpZGVsbWUgw6lyZGVrw6liZW4uPC9wPjxicj48YnI+PGgzPjEwLiBLYXBjc29sYXQ8L2gzPjxicj48cD5IYSBrw6lyZMOpc2VkIHZhbiBlenplbCBhIHN6YWLDoWx5emF0dGFsIGthcGNzb2xhdGJhbiwgbMOpcGoga2FwY3NvbGF0YmEgdmVsw7xuazogPGEgaHJlZj0ibWFpbHRvOnB1bGFib2F0YWR2ZW50dXJlc0BnbWFpbC5jb20iPnB1bGFib2F0YWR2ZW50dXJlc0BnbWFpbC5jb208L2E+LjwvcD4=[\/vc_raw_html][\/vc_column][\/vc_row]<\/p>\n<\/div>","protected":false},"excerpt":{"rendered":"<p>[vc_row][vc_column][vc_raw_html css=&#8221;&#8221;]PGgyPkFkYXR2w6lkZWxtaSBzemFiw6FseXphdCAoR0RQUik8L2gyPjxicj48cD5FeiBheiBhZGF0dsOpZGVsbWkgc3phYsOhbHl6YXQgYmVtdXRhdGphLCBob2d5YW4gZ3nFsWp0asO8aywgaGFzem7DoWxqdWsgw6lzIHbDqWRqw7xrIHN6ZW3DqWx5ZXMgYWRhdGFpZGF0LjwvcD48YnI+PGJyPjxoMz4xLiBLaWsgdmFneXVuazwvaDM+PGJyPjxwPg0KTmVwdHVudXMgYm9hdCB0b3VycyBqLmQuby5vLjxicj4NClBvbWVyIDE1NCwgNTIxMDAgUHVsYSwgSG9ydsOhdG9yc3rDoWc8YnI+DQpWQVQgSUQ6IEhSMDAzNDUyODAwMTE8YnI+DQpFbWFpbDogPGEgaHJlZj0ibWFpbHRvOnB1bGFib2F0YWR2ZW50dXJlc0BnbWFpbC5jb20iPnB1bGFib2F0YWR2ZW50dXJlc0BnbWFpbC5jb208L2E+DQo8L3A+PGJyPjxicj48aDM+Mi4gTWlseWVuIGFkYXRva2F0IGd5xbFqdMO8bms8L2gzPjxicj48cD5XZWJvbGRhbHVua29uIGtlcmVzenTDvGwgYSBrw7Z2ZXRrZXrFkSBhZGF0b2thdCBnecWxanRoZXRqw7xrOjwvcD48YnI+PHVsPg0KICA8bGk+TsOpdiDDqXMgdmV6ZXTDqWtuw6l2PC9saT4NCiAgPGxpPkVtYWlsIGPDrW0gw6lzIHRlbGVmb25zesOhbTwvbGk+DQogIDxsaT5BIHTDunJhIGFkYXRhaSAodsOhbGFzenRvdHQgdMO6cmEsIHLDqXN6dHZldsWRayBzesOhbWEsIGTDoXR1bSk8L2xpPg0KICA8bGk+S2FwY3NvbGF0aSB2YWd5IGZvZ2xhbMOhc2kgxbFybGFwb2tvbiBrZXJlc3p0w7xsIGvDvGxkw7Z0dCDDvHplbmV0ZWs8L2xpPg0KPC91bD48YnI+PGJyPjxoMz4zLiBNacOpcnQgZ3nFsWp0asO8ayBheiBhZGF0b2thdDwvaDM+PGJyPjx1bD4NCiAgPGxpPkZvZ2xhbMOhc29rIGZlbGRvbGdvesOhc2Egw6lzIHTDunLDoXZhbCBrYXBjc29sYXRvcyBpbmZvcm3DoWNpw7NrIGJpenRvc8OtdMOhc2E8L2xpPg0KICA8bGk+S8OpcmTDqXNlayBtZWd2w6FsYXN6b2zDoXNhIMOpcyDDvGd5ZsOpbHN6b2xnw6FsYXQgYml6dG9zw610w6FzYTwvbGk+DQogIDxsaT5Kb2dpIMOpcyBhZMOzesOhc2kga8O2dGVsZXpldHRzw6lnZWsgdGVsamVzw610w6lzZTwvbGk+DQo8L3VsPjxicj48YnI+PGgzPjQuIEF6IGFkYXRrZXplbMOpcyBqb2dhbGFwamE8L2gzPjxicj48cD5BeiBhZGF0b2thdCBob3p6w6Fqw6FydWzDoXNvZCDDqXMgam9nb3Mgw7x6bGV0aSDDqXJkZWvDvG5rIGFsYXBqw6FuIGtlemVsasO8ayAocMOpbGTDoXVsIGEgZm9nbGFsw6Fzb2sgdGVsamVzw610w6lzZSDDqXJkZWvDqWJlbikuPC9wPjxicj48YnI+PGgzPjUuIEtpdmVsIG9zenRqdWsgbWVnIGF6IGFkYXRva2F0PC9oMz48YnI+PHA+TmVtIGFkanVrIGVsIMOpcyBuZW0gb3N6dGp1ayBtZWcgYWRhdGFpZGF0IGhhcm1hZGlrIGbDqWxsZWwsIGtpdsOpdmU6PC9wPjxicj48dWw+DQogIDxsaT5Gb2dsYWzDoXNpIHBsYXRmb3Jtb2trYWwgKHBsLiBCb2t1bik8L2xpPg0KICA8bGk+Rml6ZXTDqXNpIHN6b2xnw6FsdGF0w7Nra2FsIChwbC4gU3RyaXBlLCBQYXlQYWwpPC9saT4NCiAgPGxpPkpvZ3N6YWLDoWx5aSBrw7Z0ZWxlemV0dHPDqWcgZXNldMOpbiBoYXTDs3PDoWdva2thbDwvbGk+DQo8L3VsPjxicj48YnI+PGgzPjYuIEF6IMOWbiBqb2dhaTwvaDM+PGJyPjxwPkpvZ29kIHZhbjo8L3A+PGJyPjx1bD4NCiAgPGxpPkhvenrDoWbDqXJuaSBzemVtw6lseWVzIGFkYXRhaWRob3o8L2xpPg0KICA8bGk+S8Opcm5pIGF6b2sgaGVseWVzYsOtdMOpc8OpdCB2YWd5IHTDtnJsw6lzw6l0PC9saT4NCiAgPGxpPkLDoXJtaWtvciB2aXNzemF2b25uaSBhIGhvenrDoWrDoXJ1bMOhc29kYXQ8L2xpPg0KPC91bD48YnI+PHA+RSBqb2dvayBneWFrb3Jsw6Fzw6Fob3ogdmVkZCBmZWwgdmVsw7xuayBhIGthcGNzb2xhdG90OiA8YSBocmVmPSJtYWlsdG86cHVsYWJvYXRhZHZlbnR1cmVzQGdtYWlsLmNvbSI+cHVsYWJvYXRhZHZlbnR1cmVzQGdtYWlsLmNvbTwvYT4uPC9wPjxicj48YnI+PGgzPjcuIEFkYXRtZWfFkXJ6w6lzPC9oMz48YnI+PHA+QSBmb2dsYWzDoXNva2thbCBrYXBjc29sYXRvcyBhZGF0b2thdCBsZWdmZWxqZWJiIDUgw6l2aWcgxZFyaXp6w7xrIG1lZyBqb2dpIMOpcyBhZMOzesOhc2kgY8OpbG9rYsOzbC48L3A+PGJyPjxicj48aDM+OC4gQ29va2llLWs8L2gzPjxicj48cD5XZWJvbGRhbHVuayBjb29raWUta2F0IGhhc3puw6FsaGF0IGFuYWxpdGlrYWkgY8OpbG9rcmEgw6lzIGEgZm9nbGFsw6FzaSB3aWRnZXQgbWVnZmVsZWzFkSBtxbFrw7Zkw6lzw6luZWsgYml6dG9zw610w6Fzw6FyYS4gQSBjb29raWUta2F0IGEgYsO2bmfDqXN6xZEgYmXDoWxsw610w6FzYWliYW4gbGV0aWx0aGF0b2QuPC9wPjxicj48YnI+PGgzPjkuIEJpenRvbnPDoWc8L2gzPjxicj48cD5NZWdmZWxlbMWRIHRlY2huaWthaSDDqXMgc3plcnZlemV0aSBpbnTDqXprZWTDqXNla2V0IGFsa2FsbWF6dW5rIGFkYXRhaWQgdsOpZGVsbWUgw6lyZGVrw6liZW4uPC9wPjxicj48YnI+PGgzPjEwLiBLYXBjc29sYXQ8L2gzPjxicj48cD5IYSBrw6lyZMOpc2VkIHZhbiBlenplbCBhIHN6YWLDoWx5emF0dGFsIGthcGNzb2xhdGJhbiwgbMOpcGoga2FwY3NvbGF0YmEgdmVsw7xuazogPGEgaHJlZj0ibWFpbHRvOnB1bGFib2F0YWR2ZW50dXJlc0BnbWFpbC5jb20iPnB1bGFib2F0YWR2ZW50dXJlc0BnbWFpbC5jb208L2E+LjwvcD4=[\/vc_raw_html][\/vc_column][\/vc_row]<\/p>\n","protected":false},"author":1,"featured_media":0,"parent":0,"menu_order":0,"comment_status":"closed","ping_status":"open","template":"","meta":{"site-sidebar-layout":"no-sidebar","site-content-layout":"plain-container","ast-site-content-layout":"default","site-content-style":"default","site-sidebar-style":"default","ast-global-header-display":"","ast-banner-title-visibility":"","ast-main-header-display":"","ast-hfb-above-header-display":"","ast-hfb-below-header-display":"","ast-hfb-mobile-header-display":"","site-post-title":"disabled","ast-breadcrumbs-content":"","ast-featured-img":"disabled","footer-sml-layout":"","ast-disable-related-posts":"","theme-transparent-header-meta":"default","adv-header-id-meta":"","stick-header-meta":"","header-above-stick-meta":"","header-main-stick-meta":"","header-below-stick-meta":"","astra-migrate-meta-layouts":"set","ast-page-background-enabled":"default","ast-page-background-meta":{"desktop":{"background-color":"var(--ast-global-color-5)","background-image":"","background-repeat":"repeat","background-position":"center center","background-size":"auto","background-attachment":"scroll","background-type":"","background-media":"","overlay-type":"","overlay-color":"","overlay-opacity":"","overlay-gradient":""},"tablet":{"background-color":"","background-image":"","background-repeat":"repeat","background-position":"center center","background-size":"auto","background-attachment":"scroll","background-type":"","background-media":"","overlay-type":"","overlay-color":"","overlay-opacity":"","overlay-gradient":""},"mobile":{"background-color":"","background-image":"","background-repeat":"repeat","background-position":"center center","background-size":"auto","background-attachment":"scroll","background-type":"","background-media":"","overlay-type":"","overlay-color":"","overlay-opacity":"","overlay-gradient":""}},"ast-content-background-meta":{"desktop":{"background-color":"var(--ast-global-color-4)","background-image":"","background-repeat":"repeat","background-position":"center center","background-size":"auto","background-attachment":"scroll","background-type":"","background-media":"","overlay-type":"","overlay-color":"","overlay-opacity":"","overlay-gradient":""},"tablet":{"background-color":"var(--ast-global-color-4)","background-image":"","background-repeat":"repeat","background-position":"center center","background-size":"auto","background-attachment":"scroll","background-type":"","background-media":"","overlay-type":"","overlay-color":"","overlay-opacity":"","overlay-gradient":""},"mobile":{"background-color":"var(--ast-global-color-4)","background-image":"","background-repeat":"repeat","background-position":"center center","background-size":"auto","background-attachment":"scroll","background-type":"","background-media":"","overlay-type":"","overlay-color":"","overlay-opacity":"","overlay-gradient":""}},"footnotes":""},"class_list":["post-7157","page","type-page","status-publish","hentry"],"yoast_head":"<!-- This site is optimized with the Yoast SEO plugin v26.8 - https:\/\/yoast.com\/product\/yoast-seo-wordpress\/ -->\n<title>Adatv\u00e9delmi szab\u00e1lyzat | Pula Boat Tours \u2013 Adventures<\/title>\n<meta name=\"description\" content=\"Adatv\u00e9delmi szab\u00e1lyzat a Pula Boat Tours \u2013 Adventures r\u00e9sz\u00e9re. Ismerd meg, hogyan gy\u0171jtj\u00fck, haszn\u00e1ljuk \u00e9s v\u00e9dj\u00fck a szem\u00e9lyes adatokat.\" \/>\n<meta name=\"robots\" content=\"index, follow, max-snippet:-1, max-image-preview:large, max-video-preview:-1\" \/>\n<link rel=\"canonical\" href=\"https:\/\/pulaboattours-adventures.com\/hu\/adatkezelesi-tajekoztato\/\" \/>\n<meta property=\"og:locale\" content=\"hu_HU\" \/>\n<meta property=\"og:type\" content=\"article\" \/>\n<meta property=\"og:title\" content=\"Adatv\u00e9delmi szab\u00e1lyzat | Pula Boat Tours \u2013 Adventures\" \/>\n<meta property=\"og:description\" content=\"Adatv\u00e9delmi szab\u00e1lyzat a Pula Boat Tours \u2013 Adventures r\u00e9sz\u00e9re. Ismerd meg, hogyan gy\u0171jtj\u00fck, haszn\u00e1ljuk \u00e9s v\u00e9dj\u00fck a szem\u00e9lyes adatokat.\" \/>\n<meta property=\"og:url\" content=\"https:\/\/pulaboattours-adventures.com\/hu\/adatkezelesi-tajekoztato\/\" \/>\n<meta property=\"og:site_name\" content=\"Pula Boat Tours - Adventures , Boat Europa\" \/>\n<meta property=\"article:publisher\" content=\"https:\/\/www.facebook.com\/pulaboattour\" \/>\n<meta property=\"article:modified_time\" content=\"2026-03-08T10:38:56+00:00\" \/>\n<meta name=\"twitter:card\" content=\"summary_large_image\" \/>\n<meta name=\"twitter:label1\" content=\"Becs\u00fclt olvas\u00e1si id\u0151\" \/>\n\t<meta name=\"twitter:data1\" content=\"1 perc\" \/>\n<script type=\"application\/ld+json\" class=\"yoast-schema-graph\">{\"@context\":\"https:\/\/schema.org\",\"@graph\":[{\"@type\":\"WebPage\",\"@id\":\"https:\/\/pulaboattours-adventures.com\/hu\/adatkezelesi-tajekoztato\/\",\"url\":\"https:\/\/pulaboattours-adventures.com\/hu\/adatkezelesi-tajekoztato\/\",\"name\":\"Adatv\u00e9delmi szab\u00e1lyzat | Pula Boat Tours \u2013 Adventures\",\"isPartOf\":{\"@id\":\"https:\/\/pulaboattours-adventures.com\/hu\/#website\"},\"datePublished\":\"2020-01-03T10:29:55+00:00\",\"dateModified\":\"2026-03-08T10:38:56+00:00\",\"description\":\"Adatv\u00e9delmi szab\u00e1lyzat a Pula Boat Tours \u2013 Adventures r\u00e9sz\u00e9re. Ismerd meg, hogyan gy\u0171jtj\u00fck, haszn\u00e1ljuk \u00e9s v\u00e9dj\u00fck a szem\u00e9lyes adatokat.\",\"breadcrumb\":{\"@id\":\"https:\/\/pulaboattours-adventures.com\/hu\/adatkezelesi-tajekoztato\/#breadcrumb\"},\"inLanguage\":\"hu\",\"potentialAction\":[{\"@type\":\"ReadAction\",\"target\":[\"https:\/\/pulaboattours-adventures.com\/hu\/adatkezelesi-tajekoztato\/\"]}]},{\"@type\":\"BreadcrumbList\",\"@id\":\"https:\/\/pulaboattours-adventures.com\/hu\/adatkezelesi-tajekoztato\/#breadcrumb\",\"itemListElement\":[{\"@type\":\"ListItem\",\"position\":1,\"name\":\"Home\",\"item\":\"https:\/\/pulaboattours-adventures.com\/hu\/\"},{\"@type\":\"ListItem\",\"position\":2,\"name\":\"Adatkezel\u00e9si t\u00e1j\u00e9koztat\u00f3\"}]},{\"@type\":\"WebSite\",\"@id\":\"https:\/\/pulaboattours-adventures.com\/hu\/#website\",\"url\":\"https:\/\/pulaboattours-adventures.com\/hu\/\",\"name\":\"Pula Boat Tours Adventures\",\"description\":\"One of the best Boat Tours in Istria\",\"publisher\":{\"@id\":\"https:\/\/pulaboattours-adventures.com\/hu\/#organization\"},\"potentialAction\":[{\"@type\":\"SearchAction\",\"target\":{\"@type\":\"EntryPoint\",\"urlTemplate\":\"https:\/\/pulaboattours-adventures.com\/hu\/?s={search_term_string}\"},\"query-input\":{\"@type\":\"PropertyValueSpecification\",\"valueRequired\":true,\"valueName\":\"search_term_string\"}}],\"inLanguage\":\"hu\"},{\"@type\":\"Organization\",\"@id\":\"https:\/\/pulaboattours-adventures.com\/hu\/#organization\",\"name\":\"Pula Boat Tours Adventures\",\"url\":\"https:\/\/pulaboattours-adventures.com\/hu\/\",\"logo\":{\"@type\":\"ImageObject\",\"inLanguage\":\"hu\",\"@id\":\"https:\/\/pulaboattours-adventures.com\/hu\/#\/schema\/logo\/image\/\",\"url\":\"https:\/\/pulaboattours-adventures.com\/wp-content\/uploads\/2026\/02\/cropped-cropped-logo-slika-1.webp\",\"contentUrl\":\"https:\/\/pulaboattours-adventures.com\/wp-content\/uploads\/2026\/02\/cropped-cropped-logo-slika-1.webp\",\"width\":341,\"height\":286,\"caption\":\"Pula Boat Tours Adventures\"},\"image\":{\"@id\":\"https:\/\/pulaboattours-adventures.com\/hu\/#\/schema\/logo\/image\/\"},\"sameAs\":[\"https:\/\/www.facebook.com\/pulaboattour\",\"https:\/\/www.instagram.com\/pula_boat_tours_adventures\/\",\"https:\/\/www.tiktok.com\/@pulaboattoursadventures\"]}]}<\/script>\n<!-- \/ Yoast SEO plugin. -->","yoast_head_json":{"title":"Adatv\u00e9delmi szab\u00e1lyzat | Pula Boat Tours \u2013 Adventures","description":"Adatv\u00e9delmi szab\u00e1lyzat a Pula Boat Tours \u2013 Adventures r\u00e9sz\u00e9re. Ismerd meg, hogyan gy\u0171jtj\u00fck, haszn\u00e1ljuk \u00e9s v\u00e9dj\u00fck a szem\u00e9lyes adatokat.","robots":{"index":"index","follow":"follow","max-snippet":"max-snippet:-1","max-image-preview":"max-image-preview:large","max-video-preview":"max-video-preview:-1"},"canonical":"https:\/\/pulaboattours-adventures.com\/hu\/adatkezelesi-tajekoztato\/","og_locale":"hu_HU","og_type":"article","og_title":"Adatv\u00e9delmi szab\u00e1lyzat | Pula Boat Tours \u2013 Adventures","og_description":"Adatv\u00e9delmi szab\u00e1lyzat a Pula Boat Tours \u2013 Adventures r\u00e9sz\u00e9re. Ismerd meg, hogyan gy\u0171jtj\u00fck, haszn\u00e1ljuk \u00e9s v\u00e9dj\u00fck a szem\u00e9lyes adatokat.","og_url":"https:\/\/pulaboattours-adventures.com\/hu\/adatkezelesi-tajekoztato\/","og_site_name":"Pula Boat Tours - Adventures , Boat Europa","article_publisher":"https:\/\/www.facebook.com\/pulaboattour","article_modified_time":"2026-03-08T10:38:56+00:00","twitter_card":"summary_large_image","twitter_misc":{"Becs\u00fclt olvas\u00e1si id\u0151":"1 perc"},"schema":{"@context":"https:\/\/schema.org","@graph":[{"@type":"WebPage","@id":"https:\/\/pulaboattours-adventures.com\/hu\/adatkezelesi-tajekoztato\/","url":"https:\/\/pulaboattours-adventures.com\/hu\/adatkezelesi-tajekoztato\/","name":"Adatv\u00e9delmi szab\u00e1lyzat | Pula Boat Tours \u2013 Adventures","isPartOf":{"@id":"https:\/\/pulaboattours-adventures.com\/hu\/#website"},"datePublished":"2020-01-03T10:29:55+00:00","dateModified":"2026-03-08T10:38:56+00:00","description":"Adatv\u00e9delmi szab\u00e1lyzat a Pula Boat Tours \u2013 Adventures r\u00e9sz\u00e9re. Ismerd meg, hogyan gy\u0171jtj\u00fck, haszn\u00e1ljuk \u00e9s v\u00e9dj\u00fck a szem\u00e9lyes adatokat.","breadcrumb":{"@id":"https:\/\/pulaboattours-adventures.com\/hu\/adatkezelesi-tajekoztato\/#breadcrumb"},"inLanguage":"hu","potentialAction":[{"@type":"ReadAction","target":["https:\/\/pulaboattours-adventures.com\/hu\/adatkezelesi-tajekoztato\/"]}]},{"@type":"BreadcrumbList","@id":"https:\/\/pulaboattours-adventures.com\/hu\/adatkezelesi-tajekoztato\/#breadcrumb","itemListElement":[{"@type":"ListItem","position":1,"name":"Home","item":"https:\/\/pulaboattours-adventures.com\/hu\/"},{"@type":"ListItem","position":2,"name":"Adatkezel\u00e9si t\u00e1j\u00e9koztat\u00f3"}]},{"@type":"WebSite","@id":"https:\/\/pulaboattours-adventures.com\/hu\/#website","url":"https:\/\/pulaboattours-adventures.com\/hu\/","name":"Pula Boat Tours Adventures","description":"One of the best Boat Tours in Istria","publisher":{"@id":"https:\/\/pulaboattours-adventures.com\/hu\/#organization"},"potentialAction":[{"@type":"SearchAction","target":{"@type":"EntryPoint","urlTemplate":"https:\/\/pulaboattours-adventures.com\/hu\/?s={search_term_string}"},"query-input":{"@type":"PropertyValueSpecification","valueRequired":true,"valueName":"search_term_string"}}],"inLanguage":"hu"},{"@type":"Organization","@id":"https:\/\/pulaboattours-adventures.com\/hu\/#organization","name":"Pula Boat Tours Adventures","url":"https:\/\/pulaboattours-adventures.com\/hu\/","logo":{"@type":"ImageObject","inLanguage":"hu","@id":"https:\/\/pulaboattours-adventures.com\/hu\/#\/schema\/logo\/image\/","url":"https:\/\/pulaboattours-adventures.com\/wp-content\/uploads\/2026\/02\/cropped-cropped-logo-slika-1.webp","contentUrl":"https:\/\/pulaboattours-adventures.com\/wp-content\/uploads\/2026\/02\/cropped-cropped-logo-slika-1.webp","width":341,"height":286,"caption":"Pula Boat Tours Adventures"},"image":{"@id":"https:\/\/pulaboattours-adventures.com\/hu\/#\/schema\/logo\/image\/"},"sameAs":["https:\/\/www.facebook.com\/pulaboattour","https:\/\/www.instagram.com\/pula_boat_tours_adventures\/","https:\/\/www.tiktok.com\/@pulaboattoursadventures"]}]}},"_links":{"self":[{"href":"https:\/\/pulaboattours-adventures.com\/hu\/wp-json\/wp\/v2\/pages\/7157","targetHints":{"allow":["GET"]}}],"collection":[{"href":"https:\/\/pulaboattours-adventures.com\/hu\/wp-json\/wp\/v2\/pages"}],"about":[{"href":"https:\/\/pulaboattours-adventures.com\/hu\/wp-json\/wp\/v2\/types\/page"}],"author":[{"embeddable":true,"href":"https:\/\/pulaboattours-adventures.com\/hu\/wp-json\/wp\/v2\/users\/1"}],"replies":[{"embeddable":true,"href":"https:\/\/pulaboattours-adventures.com\/hu\/wp-json\/wp\/v2\/comments?post=7157"}],"version-history":[{"count":1,"href":"https:\/\/pulaboattours-adventures.com\/hu\/wp-json\/wp\/v2\/pages\/7157\/revisions"}],"predecessor-version":[{"id":7158,"href":"https:\/\/pulaboattours-adventures.com\/hu\/wp-json\/wp\/v2\/pages\/7157\/revisions\/7158"}],"wp:attachment":[{"href":"https:\/\/pulaboattours-adventures.com\/hu\/wp-json\/wp\/v2\/media?parent=7157"}],"curies":[{"name":"wp","href":"https:\/\/api.w.org\/{rel}","templated":true}]}}