{"id":7159,"date":"2025-03-31T17:04:35","date_gmt":"2025-03-31T17:04:35","guid":{"rendered":"https:\/\/pulaboattours-adventures.com\/szerzodesi-feltetelek\/"},"modified":"2026-03-08T10:43:20","modified_gmt":"2026-03-08T10:43:20","slug":"szerzodesi-feltetelek","status":"publish","type":"page","link":"https:\/\/pulaboattours-adventures.com\/hu\/szerzodesi-feltetelek\/","title":{"rendered":"Szerz\u0151d\u00e9si Felt\u00e9telek"},"content":{"rendered":"<div class=\"wpb-content-wrapper\"><p>[vc_row][vc_column][vc_raw_html css=&#8221;&#8221;]PGgyPsOBbHRhbMOhbm9zIFN6ZXJ6xZFkw6lzaSBGZWx0w6l0ZWxlazwvaDI+PGJyPjxwPkEgUHVsYSBCb2F0IFRvdXJzIOKAkyBBZHZlbnR1cmVzIHTDunLDoWluYWsgbGVmb2dsYWzDoXPDoXZhbCAow7x6ZW1lbHRldMWROiBOZXB0dW51cyBib2F0IHRvdXJzIGouZC5vLm8uKSBlbGZvZ2Fkb2QgYXogYWzDoWJiaSBmZWx0w6l0ZWxla2V0OjwvcD48YnI+PGJyPjxoMz4xLiBGb2dsYWzDoXMgw6lzIGZpemV0w6lzPC9oMz48YnI+PHVsPg0KICA8bGk+QSBmb2dsYWzDoXMgdMO2cnTDqW5oZXQgb25saW5lIGEgd2Vib2xkYWx1bmtvbiBrZXJlc3p0w7xsIHZhZ3kgc3plbcOpbHllc2VuLjwvbGk+DQogIDxsaT5BIGZpemV0w6lzIHTDtnJ0w6luaGV0IG9ubGluZSB2YWd5IGEgZmVkw6lsemV0ZW4gKGvDqXN6cMOpbnp6ZWwpLjwvbGk+DQogIDxsaT5NaW5kZW4gw6FyIHRhcnRhbG1henphIGF6IMOBRsOBLXQuPC9saT4NCjwvdWw+PGJyPjxicj48aDM+Mi4gTGVtb25kw6FzIMOpcyB2aXNzemF0w6lyw610w6lzPC9oMz48YnI+PHVsPg0KICA8bGk+SW5neWVuZXMgbGVtb25kw6FzIGEgdGVydmV6ZXR0IHTDunJhIGVsxZF0dCBsZWdmZWxqZWJiIDI0IMOzcsOhdmFsIGxlaGV0c8OpZ2VzLjwvbGk+DQogIDxsaT5BIDI0IMOzcsOhbiBiZWzDvGxpIGxlbW9uZMOhc29rIHZhZ3kgYSBtZWcgbmVtIGplbGVuw6lzIGVzZXTDqW4gYSBiZWZpemV0ZXR0IMO2c3N6ZWcgbmVtIHTDqXLDrXRoZXTFkSB2aXNzemEuPC9saT4NCiAgPGxpPkFtZW5ueWliZW4gYSB0w7pyw6F0IGF6IMO8emVtZWx0ZXTFkSBpZMWRasOhcsOhc2kgdmFneSBiaXp0b25zw6FnaSBva29rYsOzbCB0w7ZybGksIGEgdmVuZMOpZ2VrIHRlbGplcyB2aXNzemF0w6lyw610w6lzdCB2YWd5IGFsdGVybmF0w612IGlkxZFwb250b3Qga2FwbmFrLjwvbGk+DQo8L3VsPjxicj48YnI+PGgzPjMuIElkxZFqw6Fyw6FzaSBmZWx0w6l0ZWxlazwvaDM+PGJyPjxwPkEgdMO6csOhayBheiBpZMWRasOhcsOhc2kgdmlzem9ueW9rdMOzbCBmw7xnZ25lay4gRmVubnRhcnRqdWsgYSBqb2dvdCBhIHTDunJhIG3Ds2Rvc8OtdMOhc8OhcmEgdmFneSB0w7ZybMOpc8OpcmUgYXogdXRhc29rIGJpenRvbnPDoWdhIMOpcmRla8OpYmVuLjwvcD48YnI+PGJyPjxoMz40LiBGZWxlbMWRc3PDqWc8L2gzPjxicj48cD5BIHLDqXN6dsOpdGVsIHNhasOhdCBmZWxlbMWRc3PDqWdyZSB0w7ZydMOpbmlrLiBBeiDDvHplbWVsdGV0xZEgbmVtIGZlbGVsIHPDqXLDvGzDqXNla8OpcnQsIHZlc3p0ZXPDqWdla8OpcnQgdmFneSBzemVtw6lseWVzIHTDoXJneWFrw6lydCwga2l2w6l2ZSBiaXpvbnnDrXRvdHQgZ29uZGF0bGFuc8OhZyBlc2V0w6luLjwvcD48YnI+PGJyPjxoMz41LiBHeWVybWVrZWsgw6lzIGNzYWzDoWRvazwvaDM+PGJyPjxwPkEgZ3llcm1la2VrIGNzYWsgZmVsbsWRdHQga8Otc8OpcmV0w6liZW4gdmVoZXRuZWsgcsOpc3p0LiBNZW50xZFtZWxsw6lueSBtaW5kZW4ga29yb3N6dMOhbHkgc3rDoW3DoXJhIGJpenRvc8OtdG90dC48L3A+PGJyPjxicj48aDM+Ni4gSMOhemnDoWxsYXRvazwvaDM+PGJyPjxwPkEgaMOhemnDoWxsYXRvayBhIGZlZMOpbHpldGVuIG1lZ2VuZ2VkZXR0ZWssIGRlIG1pbmRlbiBlc2V0YmVuIGZlbMO8Z3llbGV0IGFsYXR0IGtlbGwgdGFydGFuaSDFkWtldC48L3A+PGJyPjxicj48aDM+Ny4gw5p0dm9uYWwgbcOzZG9zw610w6FzYTwvaDM+PGJyPjxwPkZlbm50YXJ0anVrIGEgam9nb3QgYXogw7p0dm9uYWwgdmFneSBhIG1lbmV0cmVuZCBtw7Nkb3PDrXTDoXPDoXJhIGF6IGFrdHXDoWxpcyBrw7Zyw7xsbcOpbnllayDDqXMgYSBjc29wb3J0IGlnw6lueWVpIGFsYXBqw6FuLjwvcD4=[\/vc_raw_html][\/vc_column][\/vc_row]<\/p>\n<\/div>","protected":false},"excerpt":{"rendered":"<p>[vc_row][vc_column][vc_raw_html css=&#8221;&#8221;]PGgyPsOBbHRhbMOhbm9zIFN6ZXJ6xZFkw6lzaSBGZWx0w6l0ZWxlazwvaDI+PGJyPjxwPkEgUHVsYSBCb2F0IFRvdXJzIOKAkyBBZHZlbnR1cmVzIHTDunLDoWluYWsgbGVmb2dsYWzDoXPDoXZhbCAow7x6ZW1lbHRldMWROiBOZXB0dW51cyBib2F0IHRvdXJzIGouZC5vLm8uKSBlbGZvZ2Fkb2QgYXogYWzDoWJiaSBmZWx0w6l0ZWxla2V0OjwvcD48YnI+PGJyPjxoMz4xLiBGb2dsYWzDoXMgw6lzIGZpemV0w6lzPC9oMz48YnI+PHVsPg0KICA8bGk+QSBmb2dsYWzDoXMgdMO2cnTDqW5oZXQgb25saW5lIGEgd2Vib2xkYWx1bmtvbiBrZXJlc3p0w7xsIHZhZ3kgc3plbcOpbHllc2VuLjwvbGk+DQogIDxsaT5BIGZpemV0w6lzIHTDtnJ0w6luaGV0IG9ubGluZSB2YWd5IGEgZmVkw6lsemV0ZW4gKGvDqXN6cMOpbnp6ZWwpLjwvbGk+DQogIDxsaT5NaW5kZW4gw6FyIHRhcnRhbG1henphIGF6IMOBRsOBLXQuPC9saT4NCjwvdWw+PGJyPjxicj48aDM+Mi4gTGVtb25kw6FzIMOpcyB2aXNzemF0w6lyw610w6lzPC9oMz48YnI+PHVsPg0KICA8bGk+SW5neWVuZXMgbGVtb25kw6FzIGEgdGVydmV6ZXR0IHTDunJhIGVsxZF0dCBsZWdmZWxqZWJiIDI0IMOzcsOhdmFsIGxlaGV0c8OpZ2VzLjwvbGk+DQogIDxsaT5BIDI0IMOzcsOhbiBiZWzDvGxpIGxlbW9uZMOhc29rIHZhZ3kgYSBtZWcgbmVtIGplbGVuw6lzIGVzZXTDqW4gYSBiZWZpemV0ZXR0IMO2c3N6ZWcgbmVtIHTDqXLDrXRoZXTFkSB2aXNzemEuPC9saT4NCiAgPGxpPkFtZW5ueWliZW4gYSB0w7pyw6F0IGF6IMO8emVtZWx0ZXTFkSBpZMWRasOhcsOhc2kgdmFneSBiaXp0b25zw6FnaSBva29rYsOzbCB0w7ZybGksIGEgdmVuZMOpZ2VrIHRlbGplcyB2aXNzemF0w6lyw610w6lzdCB2YWd5IGFsdGVybmF0w612IGlkxZFwb250b3Qga2FwbmFrLjwvbGk+DQo8L3VsPjxicj48YnI+PGgzPjMuIElkxZFqw6Fyw6FzaSBmZWx0w6l0ZWxlazwvaDM+PGJyPjxwPkEgdMO6csOhayBheiBpZMWRasOhcsOhc2kgdmlzem9ueW9rdMOzbCBmw7xnZ25lay4gRmVubnRhcnRqdWsgYSBqb2dvdCBhIHTDunJhIG3Ds2Rvc8OtdMOhc8OhcmEgdmFneSB0w7ZybMOpc8OpcmUgYXogdXRhc29rIGJpenRvbnPDoWdhIMOpcmRla8OpYmVuLjwvcD48YnI+PGJyPjxoMz40LiBGZWxlbMWRc3PDqWc8L2gzPjxicj48cD5BIHLDqXN6dsOpdGVsIHNhasOhdCBmZWxlbMWRc3PDqWdyZSB0w7ZydMOpbmlrLiBBeiDDvHplbWVsdGV0xZEgbmVtIGZlbGVsIHPDqXLDvGzDqXNla8OpcnQsIHZlc3p0ZXPDqWdla8OpcnQgdmFneSBzemVtw6lseWVzIHTDoXJneWFrw6lydCwga2l2w6l2ZSBiaXpvbnnDrXRvdHQgZ29uZGF0bGFuc8OhZyBlc2V0w6luLjwvcD48YnI+PGJyPjxoMz41LiBHeWVybWVrZWsgw6lzIGNzYWzDoWRvazwvaDM+PGJyPjxwPkEgZ3llcm1la2VrIGNzYWsgZmVsbsWRdHQga8Otc8OpcmV0w6liZW4gdmVoZXRuZWsgcsOpc3p0LiBNZW50xZFtZWxsw6lueSBtaW5kZW4ga29yb3N6dMOhbHkgc3rDoW3DoXJhIGJpenRvc8OtdG90dC48L3A+PGJyPjxicj48aDM+Ni4gSMOhemnDoWxsYXRvazwvaDM+PGJyPjxwPkEgaMOhemnDoWxsYXRvayBhIGZlZMOpbHpldGVuIG1lZ2VuZ2VkZXR0ZWssIGRlIG1pbmRlbiBlc2V0YmVuIGZlbMO8Z3llbGV0IGFsYXR0IGtlbGwgdGFydGFuaSDFkWtldC48L3A+PGJyPjxicj48aDM+Ny4gw5p0dm9uYWwgbcOzZG9zw610w6FzYTwvaDM+PGJyPjxwPkZlbm50YXJ0anVrIGEgam9nb3QgYXogw7p0dm9uYWwgdmFneSBhIG1lbmV0cmVuZCBtw7Nkb3PDrXTDoXPDoXJhIGF6IGFrdHXDoWxpcyBrw7Zyw7xsbcOpbnllayDDqXMgYSBjc29wb3J0IGlnw6lueWVpIGFsYXBqw6FuLjwvcD4=[\/vc_raw_html][\/vc_column][\/vc_row]<\/p>\n","protected":false},"author":2,"featured_media":0,"parent":0,"menu_order":0,"comment_status":"closed","ping_status":"closed","template":"","meta":{"site-sidebar-layout":"no-sidebar","site-content-layout":"plain-container","ast-site-content-layout":"default","site-content-style":"default","site-sidebar-style":"default","ast-global-header-display":"","ast-banner-title-visibility":"","ast-main-header-display":"","ast-hfb-above-header-display":"","ast-hfb-below-header-display":"","ast-hfb-mobile-header-display":"","site-post-title":"disabled","ast-breadcrumbs-content":"","ast-featured-img":"disabled","footer-sml-layout":"","ast-disable-related-posts":"","theme-transparent-header-meta":"default","adv-header-id-meta":"","stick-header-meta":"","header-above-stick-meta":"","header-main-stick-meta":"","header-below-stick-meta":"","astra-migrate-meta-layouts":"set","ast-page-background-enabled":"default","ast-page-background-meta":{"desktop":{"background-color":"var(--ast-global-color-5)","background-image":"","background-repeat":"repeat","background-position":"center center","background-size":"auto","background-attachment":"scroll","background-type":"","background-media":"","overlay-type":"","overlay-color":"","overlay-opacity":"","overlay-gradient":""},"tablet":{"background-color":"","background-image":"","background-repeat":"repeat","background-position":"center center","background-size":"auto","background-attachment":"scroll","background-type":"","background-media":"","overlay-type":"","overlay-color":"","overlay-opacity":"","overlay-gradient":""},"mobile":{"background-color":"","background-image":"","background-repeat":"repeat","background-position":"center center","background-size":"auto","background-attachment":"scroll","background-type":"","background-media":"","overlay-type":"","overlay-color":"","overlay-opacity":"","overlay-gradient":""}},"ast-content-background-meta":{"desktop":{"background-color":"var(--ast-global-color-4)","background-image":"","background-repeat":"repeat","background-position":"center center","background-size":"auto","background-attachment":"scroll","background-type":"","background-media":"","overlay-type":"","overlay-color":"","overlay-opacity":"","overlay-gradient":""},"tablet":{"background-color":"var(--ast-global-color-4)","background-image":"","background-repeat":"repeat","background-position":"center center","background-size":"auto","background-attachment":"scroll","background-type":"","background-media":"","overlay-type":"","overlay-color":"","overlay-opacity":"","overlay-gradient":""},"mobile":{"background-color":"var(--ast-global-color-4)","background-image":"","background-repeat":"repeat","background-position":"center center","background-size":"auto","background-attachment":"scroll","background-type":"","background-media":"","overlay-type":"","overlay-color":"","overlay-opacity":"","overlay-gradient":""}},"footnotes":""},"class_list":["post-7159","page","type-page","status-publish","hentry"],"yoast_head":"<!-- This site is optimized with the Yoast SEO plugin v26.8 - https:\/\/yoast.com\/product\/yoast-seo-wordpress\/ -->\n<title>Szerz\u0151d\u00e9si Felt\u00e9telek Pula boat tours-adventures<\/title>\n<meta name=\"description\" content=\"Foglal\u00e1si felt\u00e9telek a Pula Boat Tours \u2013 Adventures haj\u00f3kir\u00e1ndul\u00e1saihoz. Inform\u00e1ci\u00f3k foglal\u00e1sr\u00f3l, lemond\u00e1sr\u00f3l \u00e9s fizet\u00e9sr\u0151l.\" \/>\n<meta name=\"robots\" content=\"index, follow, max-snippet:-1, max-image-preview:large, max-video-preview:-1\" \/>\n<link rel=\"canonical\" href=\"https:\/\/pulaboattours-adventures.com\/hu\/szerzodesi-feltetelek\/\" \/>\n<meta property=\"og:locale\" content=\"hu_HU\" \/>\n<meta property=\"og:type\" content=\"article\" \/>\n<meta property=\"og:title\" content=\"Szerz\u0151d\u00e9si Felt\u00e9telek Pula boat tours-adventures\" \/>\n<meta property=\"og:description\" content=\"Foglal\u00e1si felt\u00e9telek a Pula Boat Tours \u2013 Adventures haj\u00f3kir\u00e1ndul\u00e1saihoz. Inform\u00e1ci\u00f3k foglal\u00e1sr\u00f3l, lemond\u00e1sr\u00f3l \u00e9s fizet\u00e9sr\u0151l.\" \/>\n<meta property=\"og:url\" content=\"https:\/\/pulaboattours-adventures.com\/hu\/szerzodesi-feltetelek\/\" \/>\n<meta property=\"og:site_name\" content=\"Pula Boat Tours - Adventures , Boat Europa\" \/>\n<meta property=\"article:publisher\" content=\"https:\/\/www.facebook.com\/pulaboattour\" \/>\n<meta property=\"article:modified_time\" content=\"2026-03-08T10:43:20+00:00\" \/>\n<meta name=\"twitter:card\" content=\"summary_large_image\" \/>\n<meta name=\"twitter:label1\" content=\"Becs\u00fclt olvas\u00e1si id\u0151\" \/>\n\t<meta name=\"twitter:data1\" content=\"1 perc\" \/>\n<script type=\"application\/ld+json\" class=\"yoast-schema-graph\">{\"@context\":\"https:\/\/schema.org\",\"@graph\":[{\"@type\":\"WebPage\",\"@id\":\"https:\/\/pulaboattours-adventures.com\/hu\/szerzodesi-feltetelek\/\",\"url\":\"https:\/\/pulaboattours-adventures.com\/hu\/szerzodesi-feltetelek\/\",\"name\":\"Szerz\u0151d\u00e9si Felt\u00e9telek Pula boat tours-adventures\",\"isPartOf\":{\"@id\":\"https:\/\/pulaboattours-adventures.com\/hu\/#website\"},\"datePublished\":\"2025-03-31T17:04:35+00:00\",\"dateModified\":\"2026-03-08T10:43:20+00:00\",\"description\":\"Foglal\u00e1si felt\u00e9telek a Pula Boat Tours \u2013 Adventures haj\u00f3kir\u00e1ndul\u00e1saihoz. Inform\u00e1ci\u00f3k foglal\u00e1sr\u00f3l, lemond\u00e1sr\u00f3l \u00e9s fizet\u00e9sr\u0151l.\",\"breadcrumb\":{\"@id\":\"https:\/\/pulaboattours-adventures.com\/hu\/szerzodesi-feltetelek\/#breadcrumb\"},\"inLanguage\":\"hu\",\"potentialAction\":[{\"@type\":\"ReadAction\",\"target\":[\"https:\/\/pulaboattours-adventures.com\/hu\/szerzodesi-feltetelek\/\"]}]},{\"@type\":\"BreadcrumbList\",\"@id\":\"https:\/\/pulaboattours-adventures.com\/hu\/szerzodesi-feltetelek\/#breadcrumb\",\"itemListElement\":[{\"@type\":\"ListItem\",\"position\":1,\"name\":\"Home\",\"item\":\"https:\/\/pulaboattours-adventures.com\/hu\/\"},{\"@type\":\"ListItem\",\"position\":2,\"name\":\"Szerz\u0151d\u00e9si Felt\u00e9telek\"}]},{\"@type\":\"WebSite\",\"@id\":\"https:\/\/pulaboattours-adventures.com\/hu\/#website\",\"url\":\"https:\/\/pulaboattours-adventures.com\/hu\/\",\"name\":\"Pula Boat Tours Adventures\",\"description\":\"One of the best Boat Tours in Istria\",\"publisher\":{\"@id\":\"https:\/\/pulaboattours-adventures.com\/hu\/#organization\"},\"potentialAction\":[{\"@type\":\"SearchAction\",\"target\":{\"@type\":\"EntryPoint\",\"urlTemplate\":\"https:\/\/pulaboattours-adventures.com\/hu\/?s={search_term_string}\"},\"query-input\":{\"@type\":\"PropertyValueSpecification\",\"valueRequired\":true,\"valueName\":\"search_term_string\"}}],\"inLanguage\":\"hu\"},{\"@type\":\"Organization\",\"@id\":\"https:\/\/pulaboattours-adventures.com\/hu\/#organization\",\"name\":\"Pula Boat Tours Adventures\",\"url\":\"https:\/\/pulaboattours-adventures.com\/hu\/\",\"logo\":{\"@type\":\"ImageObject\",\"inLanguage\":\"hu\",\"@id\":\"https:\/\/pulaboattours-adventures.com\/hu\/#\/schema\/logo\/image\/\",\"url\":\"https:\/\/pulaboattours-adventures.com\/wp-content\/uploads\/2026\/02\/cropped-cropped-logo-slika-1.webp\",\"contentUrl\":\"https:\/\/pulaboattours-adventures.com\/wp-content\/uploads\/2026\/02\/cropped-cropped-logo-slika-1.webp\",\"width\":341,\"height\":286,\"caption\":\"Pula Boat Tours Adventures\"},\"image\":{\"@id\":\"https:\/\/pulaboattours-adventures.com\/hu\/#\/schema\/logo\/image\/\"},\"sameAs\":[\"https:\/\/www.facebook.com\/pulaboattour\",\"https:\/\/www.instagram.com\/pula_boat_tours_adventures\/\",\"https:\/\/www.tiktok.com\/@pulaboattoursadventures\"]}]}<\/script>\n<!-- \/ Yoast SEO plugin. -->","yoast_head_json":{"title":"Szerz\u0151d\u00e9si Felt\u00e9telek Pula boat tours-adventures","description":"Foglal\u00e1si felt\u00e9telek a Pula Boat Tours \u2013 Adventures haj\u00f3kir\u00e1ndul\u00e1saihoz. Inform\u00e1ci\u00f3k foglal\u00e1sr\u00f3l, lemond\u00e1sr\u00f3l \u00e9s fizet\u00e9sr\u0151l.","robots":{"index":"index","follow":"follow","max-snippet":"max-snippet:-1","max-image-preview":"max-image-preview:large","max-video-preview":"max-video-preview:-1"},"canonical":"https:\/\/pulaboattours-adventures.com\/hu\/szerzodesi-feltetelek\/","og_locale":"hu_HU","og_type":"article","og_title":"Szerz\u0151d\u00e9si Felt\u00e9telek Pula boat tours-adventures","og_description":"Foglal\u00e1si felt\u00e9telek a Pula Boat Tours \u2013 Adventures haj\u00f3kir\u00e1ndul\u00e1saihoz. Inform\u00e1ci\u00f3k foglal\u00e1sr\u00f3l, lemond\u00e1sr\u00f3l \u00e9s fizet\u00e9sr\u0151l.","og_url":"https:\/\/pulaboattours-adventures.com\/hu\/szerzodesi-feltetelek\/","og_site_name":"Pula Boat Tours - Adventures , Boat Europa","article_publisher":"https:\/\/www.facebook.com\/pulaboattour","article_modified_time":"2026-03-08T10:43:20+00:00","twitter_card":"summary_large_image","twitter_misc":{"Becs\u00fclt olvas\u00e1si id\u0151":"1 perc"},"schema":{"@context":"https:\/\/schema.org","@graph":[{"@type":"WebPage","@id":"https:\/\/pulaboattours-adventures.com\/hu\/szerzodesi-feltetelek\/","url":"https:\/\/pulaboattours-adventures.com\/hu\/szerzodesi-feltetelek\/","name":"Szerz\u0151d\u00e9si Felt\u00e9telek Pula boat tours-adventures","isPartOf":{"@id":"https:\/\/pulaboattours-adventures.com\/hu\/#website"},"datePublished":"2025-03-31T17:04:35+00:00","dateModified":"2026-03-08T10:43:20+00:00","description":"Foglal\u00e1si felt\u00e9telek a Pula Boat Tours \u2013 Adventures haj\u00f3kir\u00e1ndul\u00e1saihoz. Inform\u00e1ci\u00f3k foglal\u00e1sr\u00f3l, lemond\u00e1sr\u00f3l \u00e9s fizet\u00e9sr\u0151l.","breadcrumb":{"@id":"https:\/\/pulaboattours-adventures.com\/hu\/szerzodesi-feltetelek\/#breadcrumb"},"inLanguage":"hu","potentialAction":[{"@type":"ReadAction","target":["https:\/\/pulaboattours-adventures.com\/hu\/szerzodesi-feltetelek\/"]}]},{"@type":"BreadcrumbList","@id":"https:\/\/pulaboattours-adventures.com\/hu\/szerzodesi-feltetelek\/#breadcrumb","itemListElement":[{"@type":"ListItem","position":1,"name":"Home","item":"https:\/\/pulaboattours-adventures.com\/hu\/"},{"@type":"ListItem","position":2,"name":"Szerz\u0151d\u00e9si Felt\u00e9telek"}]},{"@type":"WebSite","@id":"https:\/\/pulaboattours-adventures.com\/hu\/#website","url":"https:\/\/pulaboattours-adventures.com\/hu\/","name":"Pula Boat Tours Adventures","description":"One of the best Boat Tours in Istria","publisher":{"@id":"https:\/\/pulaboattours-adventures.com\/hu\/#organization"},"potentialAction":[{"@type":"SearchAction","target":{"@type":"EntryPoint","urlTemplate":"https:\/\/pulaboattours-adventures.com\/hu\/?s={search_term_string}"},"query-input":{"@type":"PropertyValueSpecification","valueRequired":true,"valueName":"search_term_string"}}],"inLanguage":"hu"},{"@type":"Organization","@id":"https:\/\/pulaboattours-adventures.com\/hu\/#organization","name":"Pula Boat Tours Adventures","url":"https:\/\/pulaboattours-adventures.com\/hu\/","logo":{"@type":"ImageObject","inLanguage":"hu","@id":"https:\/\/pulaboattours-adventures.com\/hu\/#\/schema\/logo\/image\/","url":"https:\/\/pulaboattours-adventures.com\/wp-content\/uploads\/2026\/02\/cropped-cropped-logo-slika-1.webp","contentUrl":"https:\/\/pulaboattours-adventures.com\/wp-content\/uploads\/2026\/02\/cropped-cropped-logo-slika-1.webp","width":341,"height":286,"caption":"Pula Boat Tours Adventures"},"image":{"@id":"https:\/\/pulaboattours-adventures.com\/hu\/#\/schema\/logo\/image\/"},"sameAs":["https:\/\/www.facebook.com\/pulaboattour","https:\/\/www.instagram.com\/pula_boat_tours_adventures\/","https:\/\/www.tiktok.com\/@pulaboattoursadventures"]}]}},"_links":{"self":[{"href":"https:\/\/pulaboattours-adventures.com\/hu\/wp-json\/wp\/v2\/pages\/7159","targetHints":{"allow":["GET"]}}],"collection":[{"href":"https:\/\/pulaboattours-adventures.com\/hu\/wp-json\/wp\/v2\/pages"}],"about":[{"href":"https:\/\/pulaboattours-adventures.com\/hu\/wp-json\/wp\/v2\/types\/page"}],"author":[{"embeddable":true,"href":"https:\/\/pulaboattours-adventures.com\/hu\/wp-json\/wp\/v2\/users\/2"}],"replies":[{"embeddable":true,"href":"https:\/\/pulaboattours-adventures.com\/hu\/wp-json\/wp\/v2\/comments?post=7159"}],"version-history":[{"count":1,"href":"https:\/\/pulaboattours-adventures.com\/hu\/wp-json\/wp\/v2\/pages\/7159\/revisions"}],"predecessor-version":[{"id":7160,"href":"https:\/\/pulaboattours-adventures.com\/hu\/wp-json\/wp\/v2\/pages\/7159\/revisions\/7160"}],"wp:attachment":[{"href":"https:\/\/pulaboattours-adventures.com\/hu\/wp-json\/wp\/v2\/media?parent=7159"}],"curies":[{"name":"wp","href":"https:\/\/api.w.org\/{rel}","templated":true}]}}